{"id":4451,"date":"2017-05-03T10:05:17","date_gmt":"2017-05-03T07:05:17","guid":{"rendered":"https:\/\/www.rarom.ro\/?page_id=4451"},"modified":"2017-05-03T10:05:53","modified_gmt":"2017-05-03T07:05:53","slug":"renault-megane","status":"publish","type":"page","link":"https:\/\/www.rarom.ro\/?page_id=4451","title":{"rendered":"Renault Megane"},"content":{"rendered":"<p><strong>Test: Renault Megane<\/strong><\/p>\n<p><a href=\"https:\/\/www.rarom.ro\/wp-content\/uploads\/2017\/05\/TestRenault_mare225.jpg\"><img loading=\"lazy\" decoding=\"async\" class=\"aligncenter size-full wp-image-4452\" src=\"https:\/\/www.rarom.ro\/wp-content\/uploads\/2017\/05\/TestRenault_mare225.jpg\" alt=\"TestRenault_mare225\" width=\"730\" height=\"450\" srcset=\"https:\/\/www.rarom.ro\/wp-content\/uploads\/2017\/05\/TestRenault_mare225.jpg 730w, https:\/\/www.rarom.ro\/wp-content\/uploads\/2017\/05\/TestRenault_mare225-300x185.jpg 300w\" sizes=\"auto, (max-width: 730px) 100vw, 730px\" \/><\/a><\/p>\n<p style=\"text-align: justify;\"><img loading=\"lazy\" decoding=\"async\" class=\"size-full wp-image-4454 alignleft\" src=\"https:\/\/www.rarom.ro\/wp-content\/uploads\/2017\/05\/TestRenault_pagini225.jpg\" alt=\"TestRenault_pagini225\" width=\"250\" height=\"165\" \/>Lansat \u00een ultimul trimestru al anului trecut, Megane sedan completeaz\u0103 gama Renault, \u00een segmentul C, pe pia\u0163a rom\u00e2neasc\u0103. Noua genera\u0163ie adopt\u0103 acela\u015fi design dinamic care poart\u0103 semn\u0103tura stilistic\u0103 a constructorului francez. [&#8230;]<\/p>\n<p>&nbsp;<br \/>\n&nbsp;<br \/>\n&nbsp;<br \/>\n&nbsp;<br \/>\n&nbsp;<\/p>\n","protected":false},"excerpt":{"rendered":"<p>Test: Renault Megane Lansat \u00een ultimul trimestru al anului trecut, Megane sedan completeaz\u0103 gama Renault, \u00een segmentul C, pe pia\u0163a rom\u00e2neasc\u0103. Noua genera\u0163ie adopt\u0103 acela\u015fi design dinamic care poart\u0103 semn\u0103tura stilistic\u0103 a constructorului francez. [&#8230;] &nbsp; &nbsp; &nbsp; &nbsp; &nbsp;<\/p>\n","protected":false},"author":3,"featured_media":0,"parent":4440,"menu_order":2,"comment_status":"closed","ping_status":"closed","template":"","meta":{"_acf_changed":false,"footnotes":""},"class_list":["post-4451","page","type-page","status-publish","hentry"],"acf":[],"_links":{"self":[{"href":"https:\/\/www.rarom.ro\/index.php?rest_route=\/wp\/v2\/pages\/4451","targetHints":{"allow":["GET"]}}],"collection":[{"href":"https:\/\/www.rarom.ro\/index.php?rest_route=\/wp\/v2\/pages"}],"about":[{"href":"https:\/\/www.rarom.ro\/index.php?rest_route=\/wp\/v2\/types\/page"}],"author":[{"embeddable":true,"href":"https:\/\/www.rarom.ro\/index.php?rest_route=\/wp\/v2\/users\/3"}],"replies":[{"embeddable":true,"href":"https:\/\/www.rarom.ro\/index.php?rest_route=%2Fwp%2Fv2%2Fcomments&post=4451"}],"version-history":[{"count":2,"href":"https:\/\/www.rarom.ro\/index.php?rest_route=\/wp\/v2\/pages\/4451\/revisions"}],"predecessor-version":[{"id":4457,"href":"https:\/\/www.rarom.ro\/index.php?rest_route=\/wp\/v2\/pages\/4451\/revisions\/4457"}],"up":[{"embeddable":true,"href":"https:\/\/www.rarom.ro\/index.php?rest_route=\/wp\/v2\/pages\/4440"}],"wp:attachment":[{"href":"https:\/\/www.rarom.ro\/index.php?rest_route=%2Fwp%2Fv2%2Fmedia&parent=4451"}],"curies":[{"name":"wp","href":"https:\/\/api.w.org\/{rel}","templated":true}]}}