{"id":4440,"date":"2017-05-03T09:59:16","date_gmt":"2017-05-03T06:59:16","guid":{"rendered":"https:\/\/www.rarom.ro\/?page_id=4440"},"modified":"2017-05-03T11:16:30","modified_gmt":"2017-05-03T08:16:30","slug":"teste","status":"publish","type":"page","link":"https:\/\/www.rarom.ro\/?page_id=4440","title":{"rendered":"Teste"},"content":{"rendered":"<p><a href=\"https:\/\/www.rarom.ro\/wp-content\/uploads\/2017\/05\/TesteMai2017.jpg\"><img loading=\"lazy\" decoding=\"async\" class=\"aligncenter size-full wp-image-4441\" src=\"https:\/\/www.rarom.ro\/wp-content\/uploads\/2017\/05\/TesteMai2017.jpg\" alt=\"TesteMai2017\" width=\"730\" height=\"450\" srcset=\"https:\/\/www.rarom.ro\/wp-content\/uploads\/2017\/05\/TesteMai2017.jpg 730w, https:\/\/www.rarom.ro\/wp-content\/uploads\/2017\/05\/TesteMai2017-300x185.jpg 300w\" sizes=\"auto, (max-width: 730px) 100vw, 730px\" \/><\/a><\/p>\n<p><strong>TESTE<\/strong><\/p>\n<p><strong>LEAC PENTRU ORGOLII<\/strong><br \/>\n<strong>Test:<\/strong> <a href=\"https:\/\/www.rarom.ro\/?page_id=4444\">Ford S-Max<\/a><\/p>\n<p><strong>CARTEA C\u00c2\u015eTIG\u0102TOARE<\/strong><br \/>\n<strong>Test:<\/strong> <a href=\"https:\/\/www.rarom.ro\/?page_id=4451\">Renault Megane<\/a><\/p>\n<p><strong>STILAT\u0102 \u015eI AGRESIV\u0102<\/strong><br \/>\n<strong>Test:<\/strong> <a href=\"https:\/\/www.rarom.ro\/?page_id=4458\">Mazda 3<\/a><\/p>\n<p><strong>JOVIAL SAU FUN? AM\u00c2NDOU\u0102!<\/strong><br \/>\n<strong>Test:<\/strong> <a href=\"https:\/\/www.rarom.ro\/?page_id=4464\">Citroen C3<\/a><\/p>\n","protected":false},"excerpt":{"rendered":"<p>TESTE LEAC PENTRU ORGOLII Test: Ford S-Max CARTEA C\u00c2\u015eTIG\u0102TOARE Test: Renault Megane STILAT\u0102 \u015eI AGRESIV\u0102 Test: Mazda 3 JOVIAL SAU FUN? AM\u00c2NDOU\u0102! Test: Citroen C3<\/p>\n","protected":false},"author":3,"featured_media":0,"parent":4436,"menu_order":1,"comment_status":"closed","ping_status":"closed","template":"","meta":{"_acf_changed":false,"footnotes":""},"class_list":["post-4440","page","type-page","status-publish","hentry"],"acf":[],"_links":{"self":[{"href":"https:\/\/www.rarom.ro\/index.php?rest_route=\/wp\/v2\/pages\/4440","targetHints":{"allow":["GET"]}}],"collection":[{"href":"https:\/\/www.rarom.ro\/index.php?rest_route=\/wp\/v2\/pages"}],"about":[{"href":"https:\/\/www.rarom.ro\/index.php?rest_route=\/wp\/v2\/types\/page"}],"author":[{"embeddable":true,"href":"https:\/\/www.rarom.ro\/index.php?rest_route=\/wp\/v2\/users\/3"}],"replies":[{"embeddable":true,"href":"https:\/\/www.rarom.ro\/index.php?rest_route=%2Fwp%2Fv2%2Fcomments&post=4440"}],"version-history":[{"count":3,"href":"https:\/\/www.rarom.ro\/index.php?rest_route=\/wp\/v2\/pages\/4440\/revisions"}],"predecessor-version":[{"id":4514,"href":"https:\/\/www.rarom.ro\/index.php?rest_route=\/wp\/v2\/pages\/4440\/revisions\/4514"}],"up":[{"embeddable":true,"href":"https:\/\/www.rarom.ro\/index.php?rest_route=\/wp\/v2\/pages\/4436"}],"wp:attachment":[{"href":"https:\/\/www.rarom.ro\/index.php?rest_route=%2Fwp%2Fv2%2Fmedia&parent=4440"}],"curies":[{"name":"wp","href":"https:\/\/api.w.org\/{rel}","templated":true}]}}