{"id":4377,"date":"2017-04-10T10:56:17","date_gmt":"2017-04-10T07:56:17","guid":{"rendered":"https:\/\/www.rarom.ro\/?page_id=4377"},"modified":"2017-04-10T10:56:17","modified_gmt":"2017-04-10T07:56:17","slug":"sport","status":"publish","type":"page","link":"https:\/\/www.rarom.ro\/?page_id=4377","title":{"rendered":"Sport"},"content":{"rendered":"<p><strong>Gabriel Imre<\/strong><\/p>\n<p><a href=\"https:\/\/www.rarom.ro\/wp-content\/uploads\/2017\/04\/Sport_mare224.jpg\"><img loading=\"lazy\" decoding=\"async\" class=\"aligncenter size-full wp-image-4378\" src=\"https:\/\/www.rarom.ro\/wp-content\/uploads\/2017\/04\/Sport_mare224.jpg\" alt=\"Sport_mare224\" width=\"730\" height=\"450\" srcset=\"https:\/\/www.rarom.ro\/wp-content\/uploads\/2017\/04\/Sport_mare224.jpg 730w, https:\/\/www.rarom.ro\/wp-content\/uploads\/2017\/04\/Sport_mare224-300x185.jpg 300w\" sizes=\"auto, (max-width: 730px) 100vw, 730px\" \/><\/a><\/p>\n<p style=\"text-align: justify;\"><img loading=\"lazy\" decoding=\"async\" class=\"size-full wp-image-4380 alignleft\" src=\"https:\/\/www.rarom.ro\/wp-content\/uploads\/2017\/04\/Sport_pagini224.jpg\" alt=\"Sport_pagini224\" width=\"250\" height=\"165\" \/>Avea zece ani c\u00e2nd a v\u0103zut prima oar\u0103 un kart \u015fi o ma\u015fin\u0103 de raliu. P\u0103rin\u0163ii nu erau atra\u015fi de zona auto a\u015fa c\u0103 a \u00eenceput s\u0103 mearg\u0103 singur la curse. Acum este unul dintre cei mai spectaculo\u015fi pilo\u0163i de drift din Rom\u00e2nia! [&#8230;]<\/p>\n","protected":false},"excerpt":{"rendered":"<p>Gabriel Imre Avea zece ani c\u00e2nd a v\u0103zut prima oar\u0103 un kart \u015fi o ma\u015fin\u0103 de raliu. P\u0103rin\u0163ii nu erau atra\u015fi de zona auto a\u015fa c\u0103 a \u00eenceput s\u0103 mearg\u0103 singur la curse. Acum este unul dintre cei mai spectaculo\u015fi pilo\u0163i de drift din Rom\u00e2nia! [&#8230;]<\/p>\n","protected":false},"author":3,"featured_media":0,"parent":4306,"menu_order":6,"comment_status":"closed","ping_status":"closed","template":"","meta":{"_acf_changed":false,"footnotes":""},"class_list":["post-4377","page","type-page","status-publish","hentry"],"acf":[],"_links":{"self":[{"href":"https:\/\/www.rarom.ro\/index.php?rest_route=\/wp\/v2\/pages\/4377","targetHints":{"allow":["GET"]}}],"collection":[{"href":"https:\/\/www.rarom.ro\/index.php?rest_route=\/wp\/v2\/pages"}],"about":[{"href":"https:\/\/www.rarom.ro\/index.php?rest_route=\/wp\/v2\/types\/page"}],"author":[{"embeddable":true,"href":"https:\/\/www.rarom.ro\/index.php?rest_route=\/wp\/v2\/users\/3"}],"replies":[{"embeddable":true,"href":"https:\/\/www.rarom.ro\/index.php?rest_route=%2Fwp%2Fv2%2Fcomments&post=4377"}],"version-history":[{"count":1,"href":"https:\/\/www.rarom.ro\/index.php?rest_route=\/wp\/v2\/pages\/4377\/revisions"}],"predecessor-version":[{"id":4382,"href":"https:\/\/www.rarom.ro\/index.php?rest_route=\/wp\/v2\/pages\/4377\/revisions\/4382"}],"up":[{"embeddable":true,"href":"https:\/\/www.rarom.ro\/index.php?rest_route=\/wp\/v2\/pages\/4306"}],"wp:attachment":[{"href":"https:\/\/www.rarom.ro\/index.php?rest_route=%2Fwp%2Fv2%2Fmedia&parent=4377"}],"curies":[{"name":"wp","href":"https:\/\/api.w.org\/{rel}","templated":true}]}}