{"id":4371,"date":"2017-04-10T10:54:43","date_gmt":"2017-04-10T07:54:43","guid":{"rendered":"https:\/\/www.rarom.ro\/?page_id=4371"},"modified":"2017-04-10T10:58:27","modified_gmt":"2017-04-10T07:58:27","slug":"istorie","status":"publish","type":"page","link":"https:\/\/www.rarom.ro\/?page_id=4371","title":{"rendered":"Istorie"},"content":{"rendered":"<p><strong>Volvo Tundra<\/strong><\/p>\n<p><a href=\"https:\/\/www.rarom.ro\/wp-content\/uploads\/2017\/04\/Istorie_mare224.jpg\"><img loading=\"lazy\" decoding=\"async\" class=\"aligncenter size-full wp-image-4372\" src=\"https:\/\/www.rarom.ro\/wp-content\/uploads\/2017\/04\/Istorie_mare224.jpg\" alt=\"Istorie_mare224\" width=\"730\" height=\"450\" srcset=\"https:\/\/www.rarom.ro\/wp-content\/uploads\/2017\/04\/Istorie_mare224.jpg 730w, https:\/\/www.rarom.ro\/wp-content\/uploads\/2017\/04\/Istorie_mare224-300x185.jpg 300w\" sizes=\"auto, (max-width: 730px) 100vw, 730px\" \/><\/a><\/p>\n<p style=\"text-align: justify;\"><img loading=\"lazy\" decoding=\"async\" class=\"size-full wp-image-4374 alignleft\" src=\"https:\/\/www.rarom.ro\/wp-content\/uploads\/2017\/04\/Istorie_pagini224.jpg\" alt=\"Istorie_pagini224\" width=\"250\" height=\"165\" \/>Dac\u0103 \u00eel prive\u015fti \u015fi ai impresia c\u0103 ai \u00een fa\u0163\u0103 un Citroen din anii \u201980 te \u00een\u015feli&#8230; \u015fi nu prea. Ma\u015fina este un concept Volvo, \u00eens\u0103 tema designului a fost folosit\u0103 ulterior de francezi pe ma\u015finile lor de serie. [&#8230;]<\/p>\n","protected":false},"excerpt":{"rendered":"<p>Volvo Tundra Dac\u0103 \u00eel prive\u015fti \u015fi ai impresia c\u0103 ai \u00een fa\u0163\u0103 un Citroen din anii \u201980 te \u00een\u015feli&#8230; \u015fi nu prea. Ma\u015fina este un concept Volvo, \u00eens\u0103 tema designului a fost folosit\u0103 ulterior de francezi pe ma\u015finile lor de serie. [&#8230;]<\/p>\n","protected":false},"author":3,"featured_media":0,"parent":4306,"menu_order":5,"comment_status":"closed","ping_status":"closed","template":"","meta":{"_acf_changed":false,"footnotes":""},"class_list":["post-4371","page","type-page","status-publish","hentry"],"acf":[],"_links":{"self":[{"href":"https:\/\/www.rarom.ro\/index.php?rest_route=\/wp\/v2\/pages\/4371","targetHints":{"allow":["GET"]}}],"collection":[{"href":"https:\/\/www.rarom.ro\/index.php?rest_route=\/wp\/v2\/pages"}],"about":[{"href":"https:\/\/www.rarom.ro\/index.php?rest_route=\/wp\/v2\/types\/page"}],"author":[{"embeddable":true,"href":"https:\/\/www.rarom.ro\/index.php?rest_route=\/wp\/v2\/users\/3"}],"replies":[{"embeddable":true,"href":"https:\/\/www.rarom.ro\/index.php?rest_route=%2Fwp%2Fv2%2Fcomments&post=4371"}],"version-history":[{"count":1,"href":"https:\/\/www.rarom.ro\/index.php?rest_route=\/wp\/v2\/pages\/4371\/revisions"}],"predecessor-version":[{"id":4376,"href":"https:\/\/www.rarom.ro\/index.php?rest_route=\/wp\/v2\/pages\/4371\/revisions\/4376"}],"up":[{"embeddable":true,"href":"https:\/\/www.rarom.ro\/index.php?rest_route=\/wp\/v2\/pages\/4306"}],"wp:attachment":[{"href":"https:\/\/www.rarom.ro\/index.php?rest_route=%2Fwp%2Fv2%2Fmedia&parent=4371"}],"curies":[{"name":"wp","href":"https:\/\/api.w.org\/{rel}","templated":true}]}}