{"id":4365,"date":"2017-04-10T10:53:20","date_gmt":"2017-04-10T07:53:20","guid":{"rendered":"https:\/\/www.rarom.ro\/?page_id=4365"},"modified":"2017-04-10T10:58:04","modified_gmt":"2017-04-10T07:58:04","slug":"design","status":"publish","type":"page","link":"https:\/\/www.rarom.ro\/?page_id=4365","title":{"rendered":"Design"},"content":{"rendered":"<p><strong>Peugeot Instinct<\/strong><\/p>\n<p><a href=\"https:\/\/www.rarom.ro\/wp-content\/uploads\/2017\/04\/Design_mare224.jpg\"><img loading=\"lazy\" decoding=\"async\" class=\"aligncenter size-full wp-image-4366\" src=\"https:\/\/www.rarom.ro\/wp-content\/uploads\/2017\/04\/Design_mare224.jpg\" alt=\"Design_mare224\" width=\"730\" height=\"450\" srcset=\"https:\/\/www.rarom.ro\/wp-content\/uploads\/2017\/04\/Design_mare224.jpg 730w, https:\/\/www.rarom.ro\/wp-content\/uploads\/2017\/04\/Design_mare224-300x185.jpg 300w\" sizes=\"auto, (max-width: 730px) 100vw, 730px\" \/><\/a><\/p>\n<p style=\"text-align: justify;\"><img loading=\"lazy\" decoding=\"async\" class=\"size-full wp-image-4368 alignleft\" src=\"https:\/\/www.rarom.ro\/wp-content\/uploads\/2017\/04\/Design_pagini224.jpg\" alt=\"Design_pagini224\" width=\"250\" height=\"165\" \/>\u00a0Peugeot se afl\u0103 de ceva vreme \u00eentr-o adev\u0103rat\u0103 ofensiv\u0103 de imagine prin ma\u015finile de serie produse \u015fi prin conceptele foarte \u00eendr\u0103zne\u0163e pe care le prezint\u0103 la marile saloane auto. Ultimul, intitulat &#8222;Instinct&#8221;, pare s\u0103 ne transmit\u0103 c\u0103 noua abordare stilistic\u0103 a intrat deja \u00een instinctul produc\u0103torului francez. [&#8230;]<\/p>\n","protected":false},"excerpt":{"rendered":"<p>Peugeot Instinct \u00a0Peugeot se afl\u0103 de ceva vreme \u00eentr-o adev\u0103rat\u0103 ofensiv\u0103 de imagine prin ma\u015finile de serie produse \u015fi prin conceptele foarte \u00eendr\u0103zne\u0163e pe care le prezint\u0103 la marile saloane auto. Ultimul, intitulat &#8222;Instinct&#8221;, pare s\u0103 ne transmit\u0103 c\u0103 noua abordare stilistic\u0103 a intrat deja \u00een instinctul produc\u0103torului francez. [&#8230;]<\/p>\n","protected":false},"author":3,"featured_media":0,"parent":4306,"menu_order":5,"comment_status":"closed","ping_status":"closed","template":"","meta":{"_acf_changed":false,"footnotes":""},"class_list":["post-4365","page","type-page","status-publish","hentry"],"acf":[],"_links":{"self":[{"href":"https:\/\/www.rarom.ro\/index.php?rest_route=\/wp\/v2\/pages\/4365","targetHints":{"allow":["GET"]}}],"collection":[{"href":"https:\/\/www.rarom.ro\/index.php?rest_route=\/wp\/v2\/pages"}],"about":[{"href":"https:\/\/www.rarom.ro\/index.php?rest_route=\/wp\/v2\/types\/page"}],"author":[{"embeddable":true,"href":"https:\/\/www.rarom.ro\/index.php?rest_route=\/wp\/v2\/users\/3"}],"replies":[{"embeddable":true,"href":"https:\/\/www.rarom.ro\/index.php?rest_route=%2Fwp%2Fv2%2Fcomments&post=4365"}],"version-history":[{"count":1,"href":"https:\/\/www.rarom.ro\/index.php?rest_route=\/wp\/v2\/pages\/4365\/revisions"}],"predecessor-version":[{"id":4370,"href":"https:\/\/www.rarom.ro\/index.php?rest_route=\/wp\/v2\/pages\/4365\/revisions\/4370"}],"up":[{"embeddable":true,"href":"https:\/\/www.rarom.ro\/index.php?rest_route=\/wp\/v2\/pages\/4306"}],"wp:attachment":[{"href":"https:\/\/www.rarom.ro\/index.php?rest_route=%2Fwp%2Fv2%2Fmedia&parent=4365"}],"curies":[{"name":"wp","href":"https:\/\/api.w.org\/{rel}","templated":true}]}}