{"id":4359,"date":"2017-04-10T10:51:58","date_gmt":"2017-04-10T07:51:58","guid":{"rendered":"https:\/\/www.rarom.ro\/?page_id=4359"},"modified":"2017-04-10T10:57:38","modified_gmt":"2017-04-10T07:57:38","slug":"prezentare","status":"publish","type":"page","link":"https:\/\/www.rarom.ro\/?page_id=4359","title":{"rendered":"Prezentare"},"content":{"rendered":"<p><strong>Alpine 100<\/strong><\/p>\n<p><a href=\"https:\/\/www.rarom.ro\/wp-content\/uploads\/2017\/04\/Prezentare_mare224.jpg\"><img loading=\"lazy\" decoding=\"async\" class=\"aligncenter size-full wp-image-4360\" src=\"https:\/\/www.rarom.ro\/wp-content\/uploads\/2017\/04\/Prezentare_mare224.jpg\" alt=\"Prezentare_mare224\" width=\"730\" height=\"450\" srcset=\"https:\/\/www.rarom.ro\/wp-content\/uploads\/2017\/04\/Prezentare_mare224.jpg 730w, https:\/\/www.rarom.ro\/wp-content\/uploads\/2017\/04\/Prezentare_mare224-300x185.jpg 300w\" sizes=\"auto, (max-width: 730px) 100vw, 730px\" \/><\/a> <img loading=\"lazy\" decoding=\"async\" class=\"size-full wp-image-4362 alignleft\" src=\"https:\/\/www.rarom.ro\/wp-content\/uploads\/2017\/04\/Prezentare_pagini224.jpg\" alt=\"Prezentare_pagini224\" width=\"250\" height=\"165\" \/><\/p>\n<p style=\"text-align: justify;\">\u00censcris\u0103 \u00een cartea de onoare a sporturilor auto, cu victorii la Monte Carlo, \u00een campionatul mondial de raliuri \u015fi \u00een cursa de 24 Ore de la Le Mans, istorica marc\u0103 Alpine se relanseaz\u0103, sub umbrela Renault, la 22 de ani de c\u00e2nd a produs ultima ma\u015fin\u0103. Noul Alpine A110 este un coupe sport de elit\u0103 ce va concura cu cele mai performante modele germane. [&#8230;]<\/p>\n","protected":false},"excerpt":{"rendered":"<p>Alpine 100 \u00censcris\u0103 \u00een cartea de onoare a sporturilor auto, cu victorii la Monte Carlo, \u00een campionatul mondial de raliuri \u015fi \u00een cursa de 24 Ore de la Le Mans, istorica marc\u0103 Alpine se relanseaz\u0103, sub umbrela Renault, la 22 de ani de c\u00e2nd a produs ultima ma\u015fin\u0103. Noul Alpine A110 este un coupe sport [&hellip;]<\/p>\n","protected":false},"author":3,"featured_media":0,"parent":4306,"menu_order":3,"comment_status":"closed","ping_status":"closed","template":"","meta":{"_acf_changed":false,"footnotes":""},"class_list":["post-4359","page","type-page","status-publish","hentry"],"acf":[],"_links":{"self":[{"href":"https:\/\/www.rarom.ro\/index.php?rest_route=\/wp\/v2\/pages\/4359","targetHints":{"allow":["GET"]}}],"collection":[{"href":"https:\/\/www.rarom.ro\/index.php?rest_route=\/wp\/v2\/pages"}],"about":[{"href":"https:\/\/www.rarom.ro\/index.php?rest_route=\/wp\/v2\/types\/page"}],"author":[{"embeddable":true,"href":"https:\/\/www.rarom.ro\/index.php?rest_route=\/wp\/v2\/users\/3"}],"replies":[{"embeddable":true,"href":"https:\/\/www.rarom.ro\/index.php?rest_route=%2Fwp%2Fv2%2Fcomments&post=4359"}],"version-history":[{"count":1,"href":"https:\/\/www.rarom.ro\/index.php?rest_route=\/wp\/v2\/pages\/4359\/revisions"}],"predecessor-version":[{"id":4364,"href":"https:\/\/www.rarom.ro\/index.php?rest_route=\/wp\/v2\/pages\/4359\/revisions\/4364"}],"up":[{"embeddable":true,"href":"https:\/\/www.rarom.ro\/index.php?rest_route=\/wp\/v2\/pages\/4306"}],"wp:attachment":[{"href":"https:\/\/www.rarom.ro\/index.php?rest_route=%2Fwp%2Fv2%2Fmedia&parent=4359"}],"curies":[{"name":"wp","href":"https:\/\/api.w.org\/{rel}","templated":true}]}}