{"id":4353,"date":"2017-04-10T10:50:30","date_gmt":"2017-04-10T07:50:30","guid":{"rendered":"https:\/\/www.rarom.ro\/?page_id=4353"},"modified":"2017-04-10T10:50:30","modified_gmt":"2017-04-10T07:50:30","slug":"interviu","status":"publish","type":"page","link":"https:\/\/www.rarom.ro\/?page_id=4353","title":{"rendered":"Interviu"},"content":{"rendered":"<p><strong>Chef C\u0103t\u0103lin Sc\u0103rl\u0103tescu<\/strong><\/p>\n<p><a href=\"https:\/\/www.rarom.ro\/wp-content\/uploads\/2017\/04\/Interviu_mare224.jpg\"><img loading=\"lazy\" decoding=\"async\" class=\"aligncenter size-full wp-image-4354\" src=\"https:\/\/www.rarom.ro\/wp-content\/uploads\/2017\/04\/Interviu_mare224.jpg\" alt=\"Interviu_mare224\" width=\"730\" height=\"450\" srcset=\"https:\/\/www.rarom.ro\/wp-content\/uploads\/2017\/04\/Interviu_mare224.jpg 730w, https:\/\/www.rarom.ro\/wp-content\/uploads\/2017\/04\/Interviu_mare224-300x185.jpg 300w\" sizes=\"auto, (max-width: 730px) 100vw, 730px\" \/><\/a><\/p>\n<p style=\"text-align: justify;\"><a href=\"https:\/\/www.rarom.ro\/wp-content\/uploads\/2017\/04\/Interviu_pagini224.jpg\"><img loading=\"lazy\" decoding=\"async\" class=\"size-full wp-image-4356 alignleft\" src=\"https:\/\/www.rarom.ro\/wp-content\/uploads\/2017\/04\/Interviu_pagini224.jpg\" alt=\"Interviu_pagini224\" width=\"250\" height=\"165\" \/><\/a>C\u0103t\u0103lin Sc\u0103rl\u0103tescu nu are permis, dar conduce&#8230; \u00een topul audien\u0163elor. Showul &#8222;Chefi la Cu\u0163ite&#8221; \u00ee\u015fi face praf rivalii \u00een fiecare s\u0103pt\u0103m\u00e2n\u0103, iar pe 23.03.2017 a avut cea mai mare cot\u0103 de pia\u0163\u0103 de c\u00e2nd s-a lansat emisiunea. 1.532.000 de telespectatori au fost \u00een fa\u0163a televizorului, ca s\u0103 descopere noile aventuri ale celor trei mae\u015ftri din buc\u0103t\u0103rie. Ca s\u0103 afl\u0103m re\u0163eta succesului, dar \u015fi o re\u0163et\u0103 special\u0103 de Pa\u015fte, ne-am \u00eent\u00e2lnit cu C\u0103t\u0103lin Sc\u0103rl\u0103tescu. [&#8230;]<\/p>\n","protected":false},"excerpt":{"rendered":"<p>Chef C\u0103t\u0103lin Sc\u0103rl\u0103tescu C\u0103t\u0103lin Sc\u0103rl\u0103tescu nu are permis, dar conduce&#8230; \u00een topul audien\u0163elor. Showul &#8222;Chefi la Cu\u0163ite&#8221; \u00ee\u015fi face praf rivalii \u00een fiecare s\u0103pt\u0103m\u00e2n\u0103, iar pe 23.03.2017 a avut cea mai mare cot\u0103 de pia\u0163\u0103 de c\u00e2nd s-a lansat emisiunea. 1.532.000 de telespectatori au fost \u00een fa\u0163a televizorului, ca s\u0103 descopere noile aventuri ale celor [&hellip;]<\/p>\n","protected":false},"author":3,"featured_media":0,"parent":4306,"menu_order":3,"comment_status":"closed","ping_status":"closed","template":"","meta":{"_acf_changed":false,"footnotes":""},"class_list":["post-4353","page","type-page","status-publish","hentry"],"acf":[],"_links":{"self":[{"href":"https:\/\/www.rarom.ro\/index.php?rest_route=\/wp\/v2\/pages\/4353","targetHints":{"allow":["GET"]}}],"collection":[{"href":"https:\/\/www.rarom.ro\/index.php?rest_route=\/wp\/v2\/pages"}],"about":[{"href":"https:\/\/www.rarom.ro\/index.php?rest_route=\/wp\/v2\/types\/page"}],"author":[{"embeddable":true,"href":"https:\/\/www.rarom.ro\/index.php?rest_route=\/wp\/v2\/users\/3"}],"replies":[{"embeddable":true,"href":"https:\/\/www.rarom.ro\/index.php?rest_route=%2Fwp%2Fv2%2Fcomments&post=4353"}],"version-history":[{"count":1,"href":"https:\/\/www.rarom.ro\/index.php?rest_route=\/wp\/v2\/pages\/4353\/revisions"}],"predecessor-version":[{"id":4358,"href":"https:\/\/www.rarom.ro\/index.php?rest_route=\/wp\/v2\/pages\/4353\/revisions\/4358"}],"up":[{"embeddable":true,"href":"https:\/\/www.rarom.ro\/index.php?rest_route=\/wp\/v2\/pages\/4306"}],"wp:attachment":[{"href":"https:\/\/www.rarom.ro\/index.php?rest_route=%2Fwp%2Fv2%2Fmedia&parent=4353"}],"curies":[{"name":"wp","href":"https:\/\/api.w.org\/{rel}","templated":true}]}}