{"id":4347,"date":"2017-04-10T10:49:01","date_gmt":"2017-04-10T07:49:01","guid":{"rendered":"https:\/\/www.rarom.ro\/?page_id=4347"},"modified":"2017-04-10T10:49:01","modified_gmt":"2017-04-10T07:49:01","slug":"eveniment","status":"publish","type":"page","link":"https:\/\/www.rarom.ro\/?page_id=4347","title":{"rendered":"Eveniment"},"content":{"rendered":"<p><strong>Salonul auto de la Geneva<\/strong><\/p>\n<p><a href=\"https:\/\/www.rarom.ro\/wp-content\/uploads\/2017\/04\/Eveniment_mare224.jpg\"><img loading=\"lazy\" decoding=\"async\" class=\"aligncenter size-full wp-image-4348\" src=\"https:\/\/www.rarom.ro\/wp-content\/uploads\/2017\/04\/Eveniment_mare224.jpg\" alt=\"Eveniment_mare224\" width=\"730\" height=\"450\" srcset=\"https:\/\/www.rarom.ro\/wp-content\/uploads\/2017\/04\/Eveniment_mare224.jpg 730w, https:\/\/www.rarom.ro\/wp-content\/uploads\/2017\/04\/Eveniment_mare224-300x185.jpg 300w\" sizes=\"auto, (max-width: 730px) 100vw, 730px\" \/><\/a><\/p>\n<p style=\"text-align: justify;\"><img loading=\"lazy\" decoding=\"async\" class=\"size-full wp-image-4350 alignleft\" src=\"https:\/\/www.rarom.ro\/wp-content\/uploads\/2017\/04\/Eveniment_pagini224.jpg\" alt=\"Eveniment_pagini224\" width=\"250\" height=\"165\" \/>Revin cu bucurie, dup\u0103 patru ani, la Salonul de la Geneva. \u00cel consider cel mai elitist din domeniul auto. Aici parc\u0103 to\u0163i constructorii de autovehicule \u00eencearc\u0103 s\u0103 etaleze cele mai frumoase idei, cele mai frumoase produse \u015fi, de ce nu, \u015fi cele mai scumpe. \u00a0[&#8230;]<\/p>\n","protected":false},"excerpt":{"rendered":"<p>Salonul auto de la Geneva Revin cu bucurie, dup\u0103 patru ani, la Salonul de la Geneva. \u00cel consider cel mai elitist din domeniul auto. Aici parc\u0103 to\u0163i constructorii de autovehicule \u00eencearc\u0103 s\u0103 etaleze cele mai frumoase idei, cele mai frumoase produse \u015fi, de ce nu, \u015fi cele mai scumpe. \u00a0[&#8230;]<\/p>\n","protected":false},"author":3,"featured_media":0,"parent":4306,"menu_order":2,"comment_status":"closed","ping_status":"closed","template":"","meta":{"_acf_changed":false,"footnotes":""},"class_list":["post-4347","page","type-page","status-publish","hentry"],"acf":[],"_links":{"self":[{"href":"https:\/\/www.rarom.ro\/index.php?rest_route=\/wp\/v2\/pages\/4347","targetHints":{"allow":["GET"]}}],"collection":[{"href":"https:\/\/www.rarom.ro\/index.php?rest_route=\/wp\/v2\/pages"}],"about":[{"href":"https:\/\/www.rarom.ro\/index.php?rest_route=\/wp\/v2\/types\/page"}],"author":[{"embeddable":true,"href":"https:\/\/www.rarom.ro\/index.php?rest_route=\/wp\/v2\/users\/3"}],"replies":[{"embeddable":true,"href":"https:\/\/www.rarom.ro\/index.php?rest_route=%2Fwp%2Fv2%2Fcomments&post=4347"}],"version-history":[{"count":1,"href":"https:\/\/www.rarom.ro\/index.php?rest_route=\/wp\/v2\/pages\/4347\/revisions"}],"predecessor-version":[{"id":4352,"href":"https:\/\/www.rarom.ro\/index.php?rest_route=\/wp\/v2\/pages\/4347\/revisions\/4352"}],"up":[{"embeddable":true,"href":"https:\/\/www.rarom.ro\/index.php?rest_route=\/wp\/v2\/pages\/4306"}],"wp:attachment":[{"href":"https:\/\/www.rarom.ro\/index.php?rest_route=%2Fwp%2Fv2%2Fmedia&parent=4347"}],"curies":[{"name":"wp","href":"https:\/\/api.w.org\/{rel}","templated":true}]}}