{"id":4312,"date":"2017-04-10T10:26:41","date_gmt":"2017-04-10T07:26:41","guid":{"rendered":"https:\/\/www.rarom.ro\/?page_id=4312"},"modified":"2017-04-10T10:42:59","modified_gmt":"2017-04-10T07:42:59","slug":"mitsubishi-asx","status":"publish","type":"page","link":"https:\/\/www.rarom.ro\/?page_id=4312","title":{"rendered":"Mitsubishi ASX"},"content":{"rendered":"<p><strong>Test: Mitsubishi ASX<\/strong><\/p>\n<p><a href=\"https:\/\/www.rarom.ro\/wp-content\/uploads\/2017\/04\/TestMitsubishi_mare224.jpg\"><img loading=\"lazy\" decoding=\"async\" class=\"aligncenter size-full wp-image-4313\" src=\"https:\/\/www.rarom.ro\/wp-content\/uploads\/2017\/04\/TestMitsubishi_mare224.jpg\" alt=\"TestMitsubishi_mare224\" width=\"730\" height=\"450\" srcset=\"https:\/\/www.rarom.ro\/wp-content\/uploads\/2017\/04\/TestMitsubishi_mare224.jpg 730w, https:\/\/www.rarom.ro\/wp-content\/uploads\/2017\/04\/TestMitsubishi_mare224-300x185.jpg 300w\" sizes=\"auto, (max-width: 730px) 100vw, 730px\" \/><\/a><\/p>\n<p style=\"text-align: justify;\"><img loading=\"lazy\" decoding=\"async\" class=\"size-full wp-image-4315 alignleft\" src=\"https:\/\/www.rarom.ro\/wp-content\/uploads\/2017\/04\/TestMitsubishi_pagini224.jpg\" alt=\"TestMitsubishi_pagini224\" width=\"250\" height=\"165\" \/>\u00a0Toamna trecut\u0103, la Paris, brandul celor trei diamante a restilizat una dintre cele mai grele piese din arsenalul s\u0103u, chiar dac\u0103 este un crossover &#8222;compact&#8221;, ca s\u0103 fac\u0103 o tranzi\u0163ie c\u00e2t mai lin\u0103 c\u0103tre noua sa genera\u0163ie de autovehicule. Dac\u0103 v-a\u0163i g\u00e2ndit la Mitsubishi ASX, \u00eenseamn\u0103 c\u0103 enun\u0163ul nu a fost deloc greu. [&#8230;]<\/p>\n","protected":false},"excerpt":{"rendered":"<p>Test: Mitsubishi ASX \u00a0Toamna trecut\u0103, la Paris, brandul celor trei diamante a restilizat una dintre cele mai grele piese din arsenalul s\u0103u, chiar dac\u0103 este un crossover &#8222;compact&#8221;, ca s\u0103 fac\u0103 o tranzi\u0163ie c\u00e2t mai lin\u0103 c\u0103tre noua sa genera\u0163ie de autovehicule. Dac\u0103 v-a\u0163i g\u00e2ndit la Mitsubishi ASX, \u00eenseamn\u0103 c\u0103 enun\u0163ul nu a fost deloc [&hellip;]<\/p>\n","protected":false},"author":3,"featured_media":0,"parent":4308,"menu_order":1,"comment_status":"closed","ping_status":"closed","template":"","meta":{"_acf_changed":false,"footnotes":""},"class_list":["post-4312","page","type-page","status-publish","hentry"],"acf":[],"_links":{"self":[{"href":"https:\/\/www.rarom.ro\/index.php?rest_route=\/wp\/v2\/pages\/4312","targetHints":{"allow":["GET"]}}],"collection":[{"href":"https:\/\/www.rarom.ro\/index.php?rest_route=\/wp\/v2\/pages"}],"about":[{"href":"https:\/\/www.rarom.ro\/index.php?rest_route=\/wp\/v2\/types\/page"}],"author":[{"embeddable":true,"href":"https:\/\/www.rarom.ro\/index.php?rest_route=\/wp\/v2\/users\/3"}],"replies":[{"embeddable":true,"href":"https:\/\/www.rarom.ro\/index.php?rest_route=%2Fwp%2Fv2%2Fcomments&post=4312"}],"version-history":[{"count":6,"href":"https:\/\/www.rarom.ro\/index.php?rest_route=\/wp\/v2\/pages\/4312\/revisions"}],"predecessor-version":[{"id":4338,"href":"https:\/\/www.rarom.ro\/index.php?rest_route=\/wp\/v2\/pages\/4312\/revisions\/4338"}],"up":[{"embeddable":true,"href":"https:\/\/www.rarom.ro\/index.php?rest_route=\/wp\/v2\/pages\/4308"}],"wp:attachment":[{"href":"https:\/\/www.rarom.ro\/index.php?rest_route=%2Fwp%2Fv2%2Fmedia&parent=4312"}],"curies":[{"name":"wp","href":"https:\/\/api.w.org\/{rel}","templated":true}]}}