{"id":4236,"date":"2017-03-01T12:12:21","date_gmt":"2017-03-01T10:12:21","guid":{"rendered":"https:\/\/www.rarom.ro\/?page_id=4236"},"modified":"2017-03-01T12:54:59","modified_gmt":"2017-03-01T10:54:59","slug":"istorie","status":"publish","type":"page","link":"https:\/\/www.rarom.ro\/?page_id=4236","title":{"rendered":"Istorie"},"content":{"rendered":"<p><strong>Volvo V66<\/strong><\/p>\n<p><a href=\"https:\/\/www.rarom.ro\/wp-content\/uploads\/2017\/03\/Istorie_mare223.jpg\"><img loading=\"lazy\" decoding=\"async\" class=\"aligncenter size-full wp-image-4237\" src=\"https:\/\/www.rarom.ro\/wp-content\/uploads\/2017\/03\/Istorie_mare223.jpg\" alt=\"Istorie_mare223\" width=\"730\" height=\"450\" srcset=\"https:\/\/www.rarom.ro\/wp-content\/uploads\/2017\/03\/Istorie_mare223.jpg 730w, https:\/\/www.rarom.ro\/wp-content\/uploads\/2017\/03\/Istorie_mare223-300x185.jpg 300w\" sizes=\"auto, (max-width: 730px) 100vw, 730px\" \/><\/a><\/p>\n<p style=\"text-align: justify;\"><img loading=\"lazy\" decoding=\"async\" class=\"size-full wp-image-4239 alignleft\" src=\"https:\/\/www.rarom.ro\/wp-content\/uploads\/2017\/03\/Istorie_pagini223.jpg\" alt=\"Istorie_pagini223\" width=\"250\" height=\"165\" \/>\u00cen gama Volvo, \u00een anii \u201970, ap\u0103rea un model ciudat, cu linii simple \u015fi dimensiuni atipice. Nu p\u0103rea un Volvo \u015fi acest lucru este adev\u0103rat pentru c\u0103 era, de fapt, fabricat \u00een Olanda. [&#8230;]<\/p>\n","protected":false},"excerpt":{"rendered":"<p>Volvo V66 \u00cen gama Volvo, \u00een anii \u201970, ap\u0103rea un model ciudat, cu linii simple \u015fi dimensiuni atipice. Nu p\u0103rea un Volvo \u015fi acest lucru este adev\u0103rat pentru c\u0103 era, de fapt, fabricat \u00een Olanda. [&#8230;]<\/p>\n","protected":false},"author":3,"featured_media":0,"parent":4183,"menu_order":6,"comment_status":"closed","ping_status":"closed","template":"","meta":{"_acf_changed":false,"footnotes":""},"class_list":["post-4236","page","type-page","status-publish","hentry"],"acf":[],"_links":{"self":[{"href":"https:\/\/www.rarom.ro\/index.php?rest_route=\/wp\/v2\/pages\/4236","targetHints":{"allow":["GET"]}}],"collection":[{"href":"https:\/\/www.rarom.ro\/index.php?rest_route=\/wp\/v2\/pages"}],"about":[{"href":"https:\/\/www.rarom.ro\/index.php?rest_route=\/wp\/v2\/types\/page"}],"author":[{"embeddable":true,"href":"https:\/\/www.rarom.ro\/index.php?rest_route=\/wp\/v2\/users\/3"}],"replies":[{"embeddable":true,"href":"https:\/\/www.rarom.ro\/index.php?rest_route=%2Fwp%2Fv2%2Fcomments&post=4236"}],"version-history":[{"count":1,"href":"https:\/\/www.rarom.ro\/index.php?rest_route=\/wp\/v2\/pages\/4236\/revisions"}],"predecessor-version":[{"id":4241,"href":"https:\/\/www.rarom.ro\/index.php?rest_route=\/wp\/v2\/pages\/4236\/revisions\/4241"}],"up":[{"embeddable":true,"href":"https:\/\/www.rarom.ro\/index.php?rest_route=\/wp\/v2\/pages\/4183"}],"wp:attachment":[{"href":"https:\/\/www.rarom.ro\/index.php?rest_route=%2Fwp%2Fv2%2Fmedia&parent=4236"}],"curies":[{"name":"wp","href":"https:\/\/api.w.org\/{rel}","templated":true}]}}