{"id":4230,"date":"2017-03-01T12:08:06","date_gmt":"2017-03-01T10:08:06","guid":{"rendered":"https:\/\/www.rarom.ro\/?page_id=4230"},"modified":"2017-03-01T12:55:33","modified_gmt":"2017-03-01T10:55:33","slug":"design","status":"publish","type":"page","link":"https:\/\/www.rarom.ro\/?page_id=4230","title":{"rendered":"Design"},"content":{"rendered":"<p><strong>HyperLoop<\/strong><\/p>\n<p><a href=\"https:\/\/www.rarom.ro\/wp-content\/uploads\/2017\/03\/Design_mare223.jpg\"><img loading=\"lazy\" decoding=\"async\" class=\"aligncenter size-full wp-image-4231\" src=\"https:\/\/www.rarom.ro\/wp-content\/uploads\/2017\/03\/Design_mare223.jpg\" alt=\"Design_mare223\" width=\"730\" height=\"450\" srcset=\"https:\/\/www.rarom.ro\/wp-content\/uploads\/2017\/03\/Design_mare223.jpg 730w, https:\/\/www.rarom.ro\/wp-content\/uploads\/2017\/03\/Design_mare223-300x185.jpg 300w\" sizes=\"auto, (max-width: 730px) 100vw, 730px\" \/><\/a><\/p>\n<p style=\"text-align: justify;\"><img loading=\"lazy\" decoding=\"async\" class=\"size-full wp-image-4233 alignleft\" src=\"https:\/\/www.rarom.ro\/wp-content\/uploads\/2017\/03\/Design_pagini223.jpg\" alt=\"Design_pagini223\" width=\"250\" height=\"165\" \/>Exist\u0103 persoane care au capacitatea de a vedea dincolo de ce putem vedea noi cei din marea majoritate. Elon Musk este un asemenea personaj implicat \u00een apari\u0163ia PayPal, Tesla Motors sau SpaceX, o platform\u0103 preocupat\u0103 de tehnologiile viitorului. [&#8230;]<\/p>\n","protected":false},"excerpt":{"rendered":"<p>HyperLoop Exist\u0103 persoane care au capacitatea de a vedea dincolo de ce putem vedea noi cei din marea majoritate. Elon Musk este un asemenea personaj implicat \u00een apari\u0163ia PayPal, Tesla Motors sau SpaceX, o platform\u0103 preocupat\u0103 de tehnologiile viitorului. [&#8230;]<\/p>\n","protected":false},"author":3,"featured_media":0,"parent":4183,"menu_order":5,"comment_status":"closed","ping_status":"closed","template":"","meta":{"_acf_changed":false,"footnotes":""},"class_list":["post-4230","page","type-page","status-publish","hentry"],"acf":[],"_links":{"self":[{"href":"https:\/\/www.rarom.ro\/index.php?rest_route=\/wp\/v2\/pages\/4230","targetHints":{"allow":["GET"]}}],"collection":[{"href":"https:\/\/www.rarom.ro\/index.php?rest_route=\/wp\/v2\/pages"}],"about":[{"href":"https:\/\/www.rarom.ro\/index.php?rest_route=\/wp\/v2\/types\/page"}],"author":[{"embeddable":true,"href":"https:\/\/www.rarom.ro\/index.php?rest_route=\/wp\/v2\/users\/3"}],"replies":[{"embeddable":true,"href":"https:\/\/www.rarom.ro\/index.php?rest_route=%2Fwp%2Fv2%2Fcomments&post=4230"}],"version-history":[{"count":1,"href":"https:\/\/www.rarom.ro\/index.php?rest_route=\/wp\/v2\/pages\/4230\/revisions"}],"predecessor-version":[{"id":4235,"href":"https:\/\/www.rarom.ro\/index.php?rest_route=\/wp\/v2\/pages\/4230\/revisions\/4235"}],"up":[{"embeddable":true,"href":"https:\/\/www.rarom.ro\/index.php?rest_route=\/wp\/v2\/pages\/4183"}],"wp:attachment":[{"href":"https:\/\/www.rarom.ro\/index.php?rest_route=%2Fwp%2Fv2%2Fmedia&parent=4230"}],"curies":[{"name":"wp","href":"https:\/\/api.w.org\/{rel}","templated":true}]}}