{"id":4218,"date":"2017-03-01T11:57:36","date_gmt":"2017-03-01T09:57:36","guid":{"rendered":"https:\/\/www.rarom.ro\/?page_id=4218"},"modified":"2017-03-01T12:56:51","modified_gmt":"2017-03-01T10:56:51","slug":"interviu","status":"publish","type":"page","link":"https:\/\/www.rarom.ro\/?page_id=4218","title":{"rendered":"Interviu"},"content":{"rendered":"<p><strong>Victor Sfiazof<\/strong><\/p>\n<p><a href=\"https:\/\/www.rarom.ro\/wp-content\/uploads\/2017\/03\/Interviu_mare223.jpg\"><img loading=\"lazy\" decoding=\"async\" class=\"aligncenter size-full wp-image-4219\" src=\"https:\/\/www.rarom.ro\/wp-content\/uploads\/2017\/03\/Interviu_mare223.jpg\" alt=\"Interviu_mare223\" width=\"730\" height=\"450\" srcset=\"https:\/\/www.rarom.ro\/wp-content\/uploads\/2017\/03\/Interviu_mare223.jpg 730w, https:\/\/www.rarom.ro\/wp-content\/uploads\/2017\/03\/Interviu_mare223-300x185.jpg 300w\" sizes=\"auto, (max-width: 730px) 100vw, 730px\" \/><\/a><\/p>\n<p style=\"text-align: justify;\"><img loading=\"lazy\" decoding=\"async\" class=\"size-full wp-image-4221 alignleft\" src=\"https:\/\/www.rarom.ro\/wp-content\/uploads\/2017\/03\/Interviu_pagini223.jpg\" alt=\"Interviu_pagini223\" width=\"250\" height=\"165\" \/>Victor Sfiazof este un designer rom\u00e2n absolvent al facult\u0103\u0163ii de design din Cluj Napoca \u015fi membru, \u00een prezent, al echipei de design Renault. De\u015fi nu o face, el se poate l\u0103uda pe drept cuv\u00e2nt cu semnarea designului pentru Renault &#8211; Alpine Vision Gran Turismo c\u00e2t \u015fi pentru aspectul automobilului de serie Renault Kadjar. [&#8230;]<\/p>\n","protected":false},"excerpt":{"rendered":"<p>Victor Sfiazof Victor Sfiazof este un designer rom\u00e2n absolvent al facult\u0103\u0163ii de design din Cluj Napoca \u015fi membru, \u00een prezent, al echipei de design Renault. De\u015fi nu o face, el se poate l\u0103uda pe drept cuv\u00e2nt cu semnarea designului pentru Renault &#8211; Alpine Vision Gran Turismo c\u00e2t \u015fi pentru aspectul automobilului de serie Renault Kadjar. [&hellip;]<\/p>\n","protected":false},"author":3,"featured_media":0,"parent":4183,"menu_order":3,"comment_status":"closed","ping_status":"closed","template":"","meta":{"_acf_changed":false,"footnotes":""},"class_list":["post-4218","page","type-page","status-publish","hentry"],"acf":[],"_links":{"self":[{"href":"https:\/\/www.rarom.ro\/index.php?rest_route=\/wp\/v2\/pages\/4218","targetHints":{"allow":["GET"]}}],"collection":[{"href":"https:\/\/www.rarom.ro\/index.php?rest_route=\/wp\/v2\/pages"}],"about":[{"href":"https:\/\/www.rarom.ro\/index.php?rest_route=\/wp\/v2\/types\/page"}],"author":[{"embeddable":true,"href":"https:\/\/www.rarom.ro\/index.php?rest_route=\/wp\/v2\/users\/3"}],"replies":[{"embeddable":true,"href":"https:\/\/www.rarom.ro\/index.php?rest_route=%2Fwp%2Fv2%2Fcomments&post=4218"}],"version-history":[{"count":1,"href":"https:\/\/www.rarom.ro\/index.php?rest_route=\/wp\/v2\/pages\/4218\/revisions"}],"predecessor-version":[{"id":4223,"href":"https:\/\/www.rarom.ro\/index.php?rest_route=\/wp\/v2\/pages\/4218\/revisions\/4223"}],"up":[{"embeddable":true,"href":"https:\/\/www.rarom.ro\/index.php?rest_route=\/wp\/v2\/pages\/4183"}],"wp:attachment":[{"href":"https:\/\/www.rarom.ro\/index.php?rest_route=%2Fwp%2Fv2%2Fmedia&parent=4218"}],"curies":[{"name":"wp","href":"https:\/\/api.w.org\/{rel}","templated":true}]}}