{"id":4200,"date":"2017-03-01T11:50:36","date_gmt":"2017-03-01T09:50:36","guid":{"rendered":"https:\/\/www.rarom.ro\/?page_id=4200"},"modified":"2017-03-01T12:59:07","modified_gmt":"2017-03-01T10:59:07","slug":"ford-focus-rs","status":"publish","type":"page","link":"https:\/\/www.rarom.ro\/?page_id=4200","title":{"rendered":"Ford Focus RS"},"content":{"rendered":"<p><strong>Test: Ford Focus RS<\/strong><\/p>\n<p><a href=\"https:\/\/www.rarom.ro\/wp-content\/uploads\/2017\/03\/TestFord_mare223.jpg\"><img loading=\"lazy\" decoding=\"async\" class=\"aligncenter size-full wp-image-4201\" src=\"https:\/\/www.rarom.ro\/wp-content\/uploads\/2017\/03\/TestFord_mare223.jpg\" alt=\"TestFord_mare223\" width=\"730\" height=\"450\" srcset=\"https:\/\/www.rarom.ro\/wp-content\/uploads\/2017\/03\/TestFord_mare223.jpg 730w, https:\/\/www.rarom.ro\/wp-content\/uploads\/2017\/03\/TestFord_mare223-300x185.jpg 300w\" sizes=\"auto, (max-width: 730px) 100vw, 730px\" \/><\/a><\/p>\n<p><a href=\"https:\/\/www.rarom.ro\/wp-content\/uploads\/2017\/03\/TestFord_pagini223.jpg\"><img loading=\"lazy\" decoding=\"async\" class=\"size-full wp-image-4203 alignleft\" src=\"https:\/\/www.rarom.ro\/wp-content\/uploads\/2017\/03\/TestFord_pagini223.jpg\" alt=\"TestFord_pagini223\" width=\"250\" height=\"165\" \/><\/a>Cu to\u0163ii \u015ftim cum arat\u0103. Aproape toat\u0103 lumea a citit c\u00e2te ceva despre el. Aproape to\u0163i ne-am f\u0103cut o idee despre ceea ce ar putea fi \u015fi cum ar putea merge noul Focus RS. Dar p\u00e2n\u0103 nu am ajuns s\u0103 m\u0103 a\u015fez \u00een scaunul Recaro, str\u00e2mt, chiar incomod pentru unii, mi am dat seama c\u0103 de fapt habar nu aveam despre ce este vorba. [&#8230;]<\/p>\n","protected":false},"excerpt":{"rendered":"<p>Test: Ford Focus RS Cu to\u0163ii \u015ftim cum arat\u0103. Aproape toat\u0103 lumea a citit c\u00e2te ceva despre el. Aproape to\u0163i ne-am f\u0103cut o idee despre ceea ce ar putea fi \u015fi cum ar putea merge noul Focus RS. Dar p\u00e2n\u0103 nu am ajuns s\u0103 m\u0103 a\u015fez \u00een scaunul Recaro, str\u00e2mt, chiar incomod pentru unii, mi [&hellip;]<\/p>\n","protected":false},"author":3,"featured_media":0,"parent":4189,"menu_order":2,"comment_status":"closed","ping_status":"closed","template":"","meta":{"_acf_changed":false,"footnotes":""},"class_list":["post-4200","page","type-page","status-publish","hentry"],"acf":[],"_links":{"self":[{"href":"https:\/\/www.rarom.ro\/index.php?rest_route=\/wp\/v2\/pages\/4200","targetHints":{"allow":["GET"]}}],"collection":[{"href":"https:\/\/www.rarom.ro\/index.php?rest_route=\/wp\/v2\/pages"}],"about":[{"href":"https:\/\/www.rarom.ro\/index.php?rest_route=\/wp\/v2\/types\/page"}],"author":[{"embeddable":true,"href":"https:\/\/www.rarom.ro\/index.php?rest_route=\/wp\/v2\/users\/3"}],"replies":[{"embeddable":true,"href":"https:\/\/www.rarom.ro\/index.php?rest_route=%2Fwp%2Fv2%2Fcomments&post=4200"}],"version-history":[{"count":1,"href":"https:\/\/www.rarom.ro\/index.php?rest_route=\/wp\/v2\/pages\/4200\/revisions"}],"predecessor-version":[{"id":4205,"href":"https:\/\/www.rarom.ro\/index.php?rest_route=\/wp\/v2\/pages\/4200\/revisions\/4205"}],"up":[{"embeddable":true,"href":"https:\/\/www.rarom.ro\/index.php?rest_route=\/wp\/v2\/pages\/4189"}],"wp:attachment":[{"href":"https:\/\/www.rarom.ro\/index.php?rest_route=%2Fwp%2Fv2%2Fmedia&parent=4200"}],"curies":[{"name":"wp","href":"https:\/\/api.w.org\/{rel}","templated":true}]}}