{"id":4113,"date":"2017-02-01T09:45:25","date_gmt":"2017-02-01T07:45:25","guid":{"rendered":"https:\/\/www.rarom.ro\/?page_id=4113"},"modified":"2017-02-01T09:45:25","modified_gmt":"2017-02-01T07:45:25","slug":"sport","status":"publish","type":"page","link":"https:\/\/www.rarom.ro\/?page_id=4113","title":{"rendered":"Sport"},"content":{"rendered":"<p><strong>Rom\u00e2ni la Dakar<\/strong><\/p>\n<p><a href=\"https:\/\/www.rarom.ro\/wp-content\/uploads\/2017\/02\/Sport_mare-222.jpg\"><img loading=\"lazy\" decoding=\"async\" class=\"aligncenter size-full wp-image-4114\" src=\"https:\/\/www.rarom.ro\/wp-content\/uploads\/2017\/02\/Sport_mare-222.jpg\" alt=\"Sport_mare-222\" width=\"730\" height=\"450\" srcset=\"https:\/\/www.rarom.ro\/wp-content\/uploads\/2017\/02\/Sport_mare-222.jpg 730w, https:\/\/www.rarom.ro\/wp-content\/uploads\/2017\/02\/Sport_mare-222-300x185.jpg 300w\" sizes=\"auto, (max-width: 730px) 100vw, 730px\" \/><\/a><\/p>\n<p style=\"text-align: justify;\"><a href=\"https:\/\/www.rarom.ro\/wp-content\/uploads\/2017\/02\/Sport_pagini-222.jpg\"><img loading=\"lazy\" decoding=\"async\" class=\"size-full wp-image-4116 alignleft\" src=\"https:\/\/www.rarom.ro\/wp-content\/uploads\/2017\/02\/Sport_pagini-222.jpg\" alt=\"Sport_pagini-222\" width=\"250\" height=\"165\" \/><\/a>Emanuel Gyenes \u015fi Marcel Butuza au reprezentat Rom\u00e2nia la edi\u0163ia 2017 a rally-raidului Dakar 2017. Mani a luat startul pentru a \u015faptea oar\u0103 \u00een dificilul raliu, iar rezultatul ob\u0163inut este unul mai mult dec\u00e2t onorabil. [&#8230;]<\/p>\n","protected":false},"excerpt":{"rendered":"<p>Rom\u00e2ni la Dakar Emanuel Gyenes \u015fi Marcel Butuza au reprezentat Rom\u00e2nia la edi\u0163ia 2017 a rally-raidului Dakar 2017. Mani a luat startul pentru a \u015faptea oar\u0103 \u00een dificilul raliu, iar rezultatul ob\u0163inut este unul mai mult dec\u00e2t onorabil. [&#8230;]<\/p>\n","protected":false},"author":3,"featured_media":0,"parent":4057,"menu_order":6,"comment_status":"closed","ping_status":"closed","template":"","meta":{"_acf_changed":false,"footnotes":""},"class_list":["post-4113","page","type-page","status-publish","hentry"],"acf":[],"_links":{"self":[{"href":"https:\/\/www.rarom.ro\/index.php?rest_route=\/wp\/v2\/pages\/4113","targetHints":{"allow":["GET"]}}],"collection":[{"href":"https:\/\/www.rarom.ro\/index.php?rest_route=\/wp\/v2\/pages"}],"about":[{"href":"https:\/\/www.rarom.ro\/index.php?rest_route=\/wp\/v2\/types\/page"}],"author":[{"embeddable":true,"href":"https:\/\/www.rarom.ro\/index.php?rest_route=\/wp\/v2\/users\/3"}],"replies":[{"embeddable":true,"href":"https:\/\/www.rarom.ro\/index.php?rest_route=%2Fwp%2Fv2%2Fcomments&post=4113"}],"version-history":[{"count":1,"href":"https:\/\/www.rarom.ro\/index.php?rest_route=\/wp\/v2\/pages\/4113\/revisions"}],"predecessor-version":[{"id":4118,"href":"https:\/\/www.rarom.ro\/index.php?rest_route=\/wp\/v2\/pages\/4113\/revisions\/4118"}],"up":[{"embeddable":true,"href":"https:\/\/www.rarom.ro\/index.php?rest_route=\/wp\/v2\/pages\/4057"}],"wp:attachment":[{"href":"https:\/\/www.rarom.ro\/index.php?rest_route=%2Fwp%2Fv2%2Fmedia&parent=4113"}],"curies":[{"name":"wp","href":"https:\/\/api.w.org\/{rel}","templated":true}]}}