{"id":4107,"date":"2017-02-01T09:40:27","date_gmt":"2017-02-01T07:40:27","guid":{"rendered":"https:\/\/www.rarom.ro\/?page_id=4107"},"modified":"2017-02-01T09:40:27","modified_gmt":"2017-02-01T07:40:27","slug":"design","status":"publish","type":"page","link":"https:\/\/www.rarom.ro\/?page_id=4107","title":{"rendered":"Design"},"content":{"rendered":"<p><strong>Pininfarina X Sedan<\/strong><\/p>\n<p><a href=\"https:\/\/www.rarom.ro\/wp-content\/uploads\/2017\/02\/Design_mare-222.jpg\"><img loading=\"lazy\" decoding=\"async\" class=\"aligncenter size-full wp-image-4108\" src=\"https:\/\/www.rarom.ro\/wp-content\/uploads\/2017\/02\/Design_mare-222.jpg\" alt=\"Design_mare-222\" width=\"730\" height=\"450\" srcset=\"https:\/\/www.rarom.ro\/wp-content\/uploads\/2017\/02\/Design_mare-222.jpg 730w, https:\/\/www.rarom.ro\/wp-content\/uploads\/2017\/02\/Design_mare-222-300x185.jpg 300w\" sizes=\"auto, (max-width: 730px) 100vw, 730px\" \/><\/a><\/p>\n<p style=\"text-align: justify;\"><a href=\"https:\/\/www.rarom.ro\/wp-content\/uploads\/2017\/02\/Design_pagini-222.jpg\"><img loading=\"lazy\" decoding=\"async\" class=\"size-full wp-image-4110 alignleft\" src=\"https:\/\/www.rarom.ro\/wp-content\/uploads\/2017\/02\/Design_pagini-222.jpg\" alt=\"Design_pagini-222\" width=\"250\" height=\"165\" \/><\/a>Anii \u201960 fac parte dintr-o perioad\u0103 de vis a automobilului, ani \u00een care au fost propuse o mul\u0163ime de ma\u015fini foarte interesante. Acestea erau influen\u0163ate de noile tehnologii, dar mai ales de era spa\u0163ial\u0103. [&#8230;]<\/p>\n","protected":false},"excerpt":{"rendered":"<p>Pininfarina X Sedan Anii \u201960 fac parte dintr-o perioad\u0103 de vis a automobilului, ani \u00een care au fost propuse o mul\u0163ime de ma\u015fini foarte interesante. Acestea erau influen\u0163ate de noile tehnologii, dar mai ales de era spa\u0163ial\u0103. [&#8230;]<\/p>\n","protected":false},"author":3,"featured_media":0,"parent":4057,"menu_order":5,"comment_status":"closed","ping_status":"closed","template":"","meta":{"_acf_changed":false,"footnotes":""},"class_list":["post-4107","page","type-page","status-publish","hentry"],"acf":[],"_links":{"self":[{"href":"https:\/\/www.rarom.ro\/index.php?rest_route=\/wp\/v2\/pages\/4107","targetHints":{"allow":["GET"]}}],"collection":[{"href":"https:\/\/www.rarom.ro\/index.php?rest_route=\/wp\/v2\/pages"}],"about":[{"href":"https:\/\/www.rarom.ro\/index.php?rest_route=\/wp\/v2\/types\/page"}],"author":[{"embeddable":true,"href":"https:\/\/www.rarom.ro\/index.php?rest_route=\/wp\/v2\/users\/3"}],"replies":[{"embeddable":true,"href":"https:\/\/www.rarom.ro\/index.php?rest_route=%2Fwp%2Fv2%2Fcomments&post=4107"}],"version-history":[{"count":1,"href":"https:\/\/www.rarom.ro\/index.php?rest_route=\/wp\/v2\/pages\/4107\/revisions"}],"predecessor-version":[{"id":4112,"href":"https:\/\/www.rarom.ro\/index.php?rest_route=\/wp\/v2\/pages\/4107\/revisions\/4112"}],"up":[{"embeddable":true,"href":"https:\/\/www.rarom.ro\/index.php?rest_route=\/wp\/v2\/pages\/4057"}],"wp:attachment":[{"href":"https:\/\/www.rarom.ro\/index.php?rest_route=%2Fwp%2Fv2%2Fmedia&parent=4107"}],"curies":[{"name":"wp","href":"https:\/\/api.w.org\/{rel}","templated":true}]}}