{"id":4101,"date":"2017-02-01T09:37:53","date_gmt":"2017-02-01T07:37:53","guid":{"rendered":"https:\/\/www.rarom.ro\/?page_id=4101"},"modified":"2017-02-01T09:37:53","modified_gmt":"2017-02-01T07:37:53","slug":"magazin","status":"publish","type":"page","link":"https:\/\/www.rarom.ro\/?page_id=4101","title":{"rendered":"Magazin"},"content":{"rendered":"<p><strong>Chrysler Portal<\/strong><\/p>\n<p><a href=\"https:\/\/www.rarom.ro\/wp-content\/uploads\/2017\/02\/Magazin_mare-222.jpg\"><img loading=\"lazy\" decoding=\"async\" class=\"size-full wp-image-4102\" src=\"https:\/\/www.rarom.ro\/wp-content\/uploads\/2017\/02\/Magazin_mare-222.jpg\" alt=\"Las Vegas \u2013 January 3, 2017 \u2013 Fiat Chrysler Automobiles unveiled the Chrysler Portal Concept at CES 2017 today.  Designed to grow with millennials through their life stages, the Chrysler Portal Concept is electric powered, seats six and has a number of high-tech sensors that allows it to be classified as a semi-autonomous vehicle. For more information visit media.fcanorthamerica.com.\" width=\"730\" height=\"450\" srcset=\"https:\/\/www.rarom.ro\/wp-content\/uploads\/2017\/02\/Magazin_mare-222.jpg 730w, https:\/\/www.rarom.ro\/wp-content\/uploads\/2017\/02\/Magazin_mare-222-300x185.jpg 300w\" sizes=\"auto, (max-width: 730px) 100vw, 730px\" \/><\/a><\/p>\n<p style=\"text-align: justify;\"><a href=\"https:\/\/www.rarom.ro\/wp-content\/uploads\/2017\/02\/Magazin_pagini-222.jpg\"><img loading=\"lazy\" decoding=\"async\" class=\"size-full wp-image-4104 alignleft\" src=\"https:\/\/www.rarom.ro\/wp-content\/uploads\/2017\/02\/Magazin_pagini-222.jpg\" alt=\"Magazin_pagini-222\" width=\"250\" height=\"165\" \/><\/a>Pentru orice constructor auto este vital s\u0103 \u015ftie ce vrea \u00een viitor ca s\u0103 poat\u0103 evolua. Iat\u0103 c\u0103 \u00een sus\u0163inerea afirma\u0163iei vin idei de peste Atlantic, de la Fiat Chrysler Automobiles North America (FCA), cu un concept &#8222;social&#8221; denumit Chrysler Portal. Asta nu \u00eenseamn\u0103 c\u0103 subiectul nu are deja ecou \u015fi pe b\u0103tr\u00e2nul continent. [&#8230;]<\/p>\n","protected":false},"excerpt":{"rendered":"<p>Chrysler Portal Pentru orice constructor auto este vital s\u0103 \u015ftie ce vrea \u00een viitor ca s\u0103 poat\u0103 evolua. Iat\u0103 c\u0103 \u00een sus\u0163inerea afirma\u0163iei vin idei de peste Atlantic, de la Fiat Chrysler Automobiles North America (FCA), cu un concept &#8222;social&#8221; denumit Chrysler Portal. Asta nu \u00eenseamn\u0103 c\u0103 subiectul nu are deja ecou \u015fi pe b\u0103tr\u00e2nul [&hellip;]<\/p>\n","protected":false},"author":3,"featured_media":0,"parent":4057,"menu_order":4,"comment_status":"closed","ping_status":"closed","template":"","meta":{"_acf_changed":false,"footnotes":""},"class_list":["post-4101","page","type-page","status-publish","hentry"],"acf":[],"_links":{"self":[{"href":"https:\/\/www.rarom.ro\/index.php?rest_route=\/wp\/v2\/pages\/4101","targetHints":{"allow":["GET"]}}],"collection":[{"href":"https:\/\/www.rarom.ro\/index.php?rest_route=\/wp\/v2\/pages"}],"about":[{"href":"https:\/\/www.rarom.ro\/index.php?rest_route=\/wp\/v2\/types\/page"}],"author":[{"embeddable":true,"href":"https:\/\/www.rarom.ro\/index.php?rest_route=\/wp\/v2\/users\/3"}],"replies":[{"embeddable":true,"href":"https:\/\/www.rarom.ro\/index.php?rest_route=%2Fwp%2Fv2%2Fcomments&post=4101"}],"version-history":[{"count":1,"href":"https:\/\/www.rarom.ro\/index.php?rest_route=\/wp\/v2\/pages\/4101\/revisions"}],"predecessor-version":[{"id":4106,"href":"https:\/\/www.rarom.ro\/index.php?rest_route=\/wp\/v2\/pages\/4101\/revisions\/4106"}],"up":[{"embeddable":true,"href":"https:\/\/www.rarom.ro\/index.php?rest_route=\/wp\/v2\/pages\/4057"}],"wp:attachment":[{"href":"https:\/\/www.rarom.ro\/index.php?rest_route=%2Fwp%2Fv2%2Fmedia&parent=4101"}],"curies":[{"name":"wp","href":"https:\/\/api.w.org\/{rel}","templated":true}]}}