{"id":4089,"date":"2017-02-01T09:33:24","date_gmt":"2017-02-01T07:33:24","guid":{"rendered":"https:\/\/www.rarom.ro\/?page_id=4089"},"modified":"2017-02-01T09:33:24","modified_gmt":"2017-02-01T07:33:24","slug":"eveniment","status":"publish","type":"page","link":"https:\/\/www.rarom.ro\/?page_id=4089","title":{"rendered":"Eveniment"},"content":{"rendered":"<p><strong>Salonul auto de la Detroit<\/strong><\/p>\n<p><a href=\"https:\/\/www.rarom.ro\/wp-content\/uploads\/2017\/02\/Eveniment_mare-222.jpg\"><img loading=\"lazy\" decoding=\"async\" class=\"aligncenter size-full wp-image-4090\" src=\"https:\/\/www.rarom.ro\/wp-content\/uploads\/2017\/02\/Eveniment_mare-222.jpg\" alt=\"Eveniment_mare-222\" width=\"730\" height=\"450\" srcset=\"https:\/\/www.rarom.ro\/wp-content\/uploads\/2017\/02\/Eveniment_mare-222.jpg 730w, https:\/\/www.rarom.ro\/wp-content\/uploads\/2017\/02\/Eveniment_mare-222-300x185.jpg 300w\" sizes=\"auto, (max-width: 730px) 100vw, 730px\" \/><\/a><\/p>\n<p style=\"text-align: justify;\"><a href=\"https:\/\/www.rarom.ro\/wp-content\/uploads\/2017\/02\/Eveniment_pagini-222.jpg\"><img loading=\"lazy\" decoding=\"async\" class=\"size-full wp-image-4092 alignleft\" src=\"https:\/\/www.rarom.ro\/wp-content\/uploads\/2017\/02\/Eveniment_pagini-222.jpg\" alt=\"Eveniment_pagini-222\" width=\"250\" height=\"165\" \/><\/a>North American International Auto Show (NAIAS) 2017, desf\u0103\u015furat, ca \u00een fiecare an, \u00een ianuarie, la Detroit, a fost marcat de c\u00e2teva debuturi importante, dar \u015fi prezent\u0103ri de ma\u015fini-concept care prefigureaz\u0103 viitorul unor m\u0103rci. C\u00e2teva dintre ele merit\u0103 re\u0163inute, pentru c\u0103 vor ajunge \u015fi \u00een Europa. [&#8230;]<\/p>\n","protected":false},"excerpt":{"rendered":"<p>Salonul auto de la Detroit North American International Auto Show (NAIAS) 2017, desf\u0103\u015furat, ca \u00een fiecare an, \u00een ianuarie, la Detroit, a fost marcat de c\u00e2teva debuturi importante, dar \u015fi prezent\u0103ri de ma\u015fini-concept care prefigureaz\u0103 viitorul unor m\u0103rci. C\u00e2teva dintre ele merit\u0103 re\u0163inute, pentru c\u0103 vor ajunge \u015fi \u00een Europa. [&#8230;]<\/p>\n","protected":false},"author":3,"featured_media":0,"parent":4057,"menu_order":2,"comment_status":"closed","ping_status":"closed","template":"","meta":{"_acf_changed":false,"footnotes":""},"class_list":["post-4089","page","type-page","status-publish","hentry"],"acf":[],"_links":{"self":[{"href":"https:\/\/www.rarom.ro\/index.php?rest_route=\/wp\/v2\/pages\/4089","targetHints":{"allow":["GET"]}}],"collection":[{"href":"https:\/\/www.rarom.ro\/index.php?rest_route=\/wp\/v2\/pages"}],"about":[{"href":"https:\/\/www.rarom.ro\/index.php?rest_route=\/wp\/v2\/types\/page"}],"author":[{"embeddable":true,"href":"https:\/\/www.rarom.ro\/index.php?rest_route=\/wp\/v2\/users\/3"}],"replies":[{"embeddable":true,"href":"https:\/\/www.rarom.ro\/index.php?rest_route=%2Fwp%2Fv2%2Fcomments&post=4089"}],"version-history":[{"count":1,"href":"https:\/\/www.rarom.ro\/index.php?rest_route=\/wp\/v2\/pages\/4089\/revisions"}],"predecessor-version":[{"id":4094,"href":"https:\/\/www.rarom.ro\/index.php?rest_route=\/wp\/v2\/pages\/4089\/revisions\/4094"}],"up":[{"embeddable":true,"href":"https:\/\/www.rarom.ro\/index.php?rest_route=\/wp\/v2\/pages\/4057"}],"wp:attachment":[{"href":"https:\/\/www.rarom.ro\/index.php?rest_route=%2Fwp%2Fv2%2Fmedia&parent=4089"}],"curies":[{"name":"wp","href":"https:\/\/api.w.org\/{rel}","templated":true}]}}