{"id":4083,"date":"2017-02-01T09:31:07","date_gmt":"2017-02-01T07:31:07","guid":{"rendered":"https:\/\/www.rarom.ro\/?page_id=4083"},"modified":"2017-02-01T09:31:07","modified_gmt":"2017-02-01T07:31:07","slug":"opel-zafira","status":"publish","type":"page","link":"https:\/\/www.rarom.ro\/?page_id=4083","title":{"rendered":"Opel Zafira"},"content":{"rendered":"<p><strong>Test: Opel Zafira<\/strong><\/p>\n<p><a href=\"https:\/\/www.rarom.ro\/wp-content\/uploads\/2017\/02\/TestOpel_mare-222.jpg\"><img loading=\"lazy\" decoding=\"async\" class=\"aligncenter size-full wp-image-4084\" src=\"https:\/\/www.rarom.ro\/wp-content\/uploads\/2017\/02\/TestOpel_mare-222.jpg\" alt=\"TestOpel_mare-222\" width=\"730\" height=\"450\" srcset=\"https:\/\/www.rarom.ro\/wp-content\/uploads\/2017\/02\/TestOpel_mare-222.jpg 730w, https:\/\/www.rarom.ro\/wp-content\/uploads\/2017\/02\/TestOpel_mare-222-300x185.jpg 300w\" sizes=\"auto, (max-width: 730px) 100vw, 730px\" \/><\/a><\/p>\n<p style=\"text-align: justify;\"><a href=\"https:\/\/www.rarom.ro\/wp-content\/uploads\/2017\/02\/TestOpel_pagini-222.jpg\"><img loading=\"lazy\" decoding=\"async\" class=\"size-full wp-image-4086 alignleft\" src=\"https:\/\/www.rarom.ro\/wp-content\/uploads\/2017\/02\/TestOpel_pagini-222.jpg\" alt=\"TestOpel_pagini-222\" width=\"250\" height=\"165\" \/><\/a>Monovolumele reprezint\u0103 la ora actual\u0103 categoria cea mai nedrept\u0103\u0163it\u0103 de ma\u015fini de familie. Veritabile &#8222;sufragerii pe ro\u0163i&#8221;, acestea r\u0103m\u00e2n totu\u015fi alegeri optime pentru famili\u015ftii convin\u015fi chiar dac\u0103 au pierdut ceva teren \u00een favoarea SUV-urilor \u015fi crossoverelor. Iar nem\u0163ii de la Opel arat\u0103 c\u0103 cea de-a treia genera\u0163ie Zafira nu-\u015fi dezminte mo\u015ftenirea \u015fi readuce \u00een balan\u0163a op\u0163iunilor pie\u0163ei spa\u0163iul \u015fi modularitatea. [&#8230;]<\/p>\n","protected":false},"excerpt":{"rendered":"<p>Test: Opel Zafira Monovolumele reprezint\u0103 la ora actual\u0103 categoria cea mai nedrept\u0103\u0163it\u0103 de ma\u015fini de familie. Veritabile &#8222;sufragerii pe ro\u0163i&#8221;, acestea r\u0103m\u00e2n totu\u015fi alegeri optime pentru famili\u015ftii convin\u015fi chiar dac\u0103 au pierdut ceva teren \u00een favoarea SUV-urilor \u015fi crossoverelor. Iar nem\u0163ii de la Opel arat\u0103 c\u0103 cea de-a treia genera\u0163ie Zafira nu-\u015fi dezminte mo\u015ftenirea \u015fi [&hellip;]<\/p>\n","protected":false},"author":3,"featured_media":0,"parent":4061,"menu_order":4,"comment_status":"closed","ping_status":"closed","template":"","meta":{"_acf_changed":false,"footnotes":""},"class_list":["post-4083","page","type-page","status-publish","hentry"],"acf":[],"_links":{"self":[{"href":"https:\/\/www.rarom.ro\/index.php?rest_route=\/wp\/v2\/pages\/4083","targetHints":{"allow":["GET"]}}],"collection":[{"href":"https:\/\/www.rarom.ro\/index.php?rest_route=\/wp\/v2\/pages"}],"about":[{"href":"https:\/\/www.rarom.ro\/index.php?rest_route=\/wp\/v2\/types\/page"}],"author":[{"embeddable":true,"href":"https:\/\/www.rarom.ro\/index.php?rest_route=\/wp\/v2\/users\/3"}],"replies":[{"embeddable":true,"href":"https:\/\/www.rarom.ro\/index.php?rest_route=%2Fwp%2Fv2%2Fcomments&post=4083"}],"version-history":[{"count":1,"href":"https:\/\/www.rarom.ro\/index.php?rest_route=\/wp\/v2\/pages\/4083\/revisions"}],"predecessor-version":[{"id":4088,"href":"https:\/\/www.rarom.ro\/index.php?rest_route=\/wp\/v2\/pages\/4083\/revisions\/4088"}],"up":[{"embeddable":true,"href":"https:\/\/www.rarom.ro\/index.php?rest_route=\/wp\/v2\/pages\/4061"}],"wp:attachment":[{"href":"https:\/\/www.rarom.ro\/index.php?rest_route=%2Fwp%2Fv2%2Fmedia&parent=4083"}],"curies":[{"name":"wp","href":"https:\/\/api.w.org\/{rel}","templated":true}]}}