{"id":4061,"date":"2017-02-01T09:20:21","date_gmt":"2017-02-01T07:20:21","guid":{"rendered":"https:\/\/www.rarom.ro\/?page_id=4061"},"modified":"2017-02-01T10:15:16","modified_gmt":"2017-02-01T08:15:16","slug":"teste","status":"publish","type":"page","link":"https:\/\/www.rarom.ro\/?page_id=4061","title":{"rendered":"Teste"},"content":{"rendered":"<p><a href=\"https:\/\/www.rarom.ro\/wp-content\/uploads\/2017\/02\/TesteFebruarie-2017.jpg\"><img loading=\"lazy\" decoding=\"async\" class=\"aligncenter size-full wp-image-4062\" src=\"https:\/\/www.rarom.ro\/wp-content\/uploads\/2017\/02\/TesteFebruarie-2017.jpg\" alt=\"TesteFebruarie-2017\" width=\"730\" height=\"450\" srcset=\"https:\/\/www.rarom.ro\/wp-content\/uploads\/2017\/02\/TesteFebruarie-2017.jpg 730w, https:\/\/www.rarom.ro\/wp-content\/uploads\/2017\/02\/TesteFebruarie-2017-300x185.jpg 300w\" sizes=\"auto, (max-width: 730px) 100vw, 730px\" \/><\/a><\/p>\n<p><strong>TESTE<\/strong><\/p>\n<p><strong>CORNUL ABUNDEN\u0162EI<\/strong><br \/>\n<strong>Test:<\/strong> <a href=\"https:\/\/www.rarom.ro\/?page_id=4065\">BMW X4 xDrive 3.5d<\/a><\/p>\n<p><strong>AMERICAN \u201eMADE IN EUROPE\u201d<\/strong><br \/>\n<strong>Test:<\/strong> <a href=\"https:\/\/www.rarom.ro\/?page_id=4071\">Ford Kuga<\/a><\/p>\n<p><strong>MITITEL, \u00ceNC\u0102P\u0102TOR\u2026 DELOC PLICTISITOR<\/strong><br \/>\n<strong>Test:<\/strong> <a href=\"https:\/\/www.rarom.ro\/?page_id=4077\">Renault Clio GT Line<\/a><\/p>\n<p><strong>SPA\u0162IUL, ULTIMA FRONTIER\u0102<\/strong><br \/>\n<strong>Test:<\/strong> <a href=\"https:\/\/www.rarom.ro\/?page_id=4083\">Opel Zafira<\/a><\/p>\n","protected":false},"excerpt":{"rendered":"<p>TESTE CORNUL ABUNDEN\u0162EI Test: BMW X4 xDrive 3.5d AMERICAN \u201eMADE IN EUROPE\u201d Test: Ford Kuga MITITEL, \u00ceNC\u0102P\u0102TOR\u2026 DELOC PLICTISITOR Test: Renault Clio GT Line SPA\u0162IUL, ULTIMA FRONTIER\u0102 Test: Opel Zafira<\/p>\n","protected":false},"author":3,"featured_media":0,"parent":4057,"menu_order":1,"comment_status":"closed","ping_status":"closed","template":"","meta":{"_acf_changed":false,"footnotes":""},"class_list":["post-4061","page","type-page","status-publish","hentry"],"acf":[],"_links":{"self":[{"href":"https:\/\/www.rarom.ro\/index.php?rest_route=\/wp\/v2\/pages\/4061","targetHints":{"allow":["GET"]}}],"collection":[{"href":"https:\/\/www.rarom.ro\/index.php?rest_route=\/wp\/v2\/pages"}],"about":[{"href":"https:\/\/www.rarom.ro\/index.php?rest_route=\/wp\/v2\/types\/page"}],"author":[{"embeddable":true,"href":"https:\/\/www.rarom.ro\/index.php?rest_route=\/wp\/v2\/users\/3"}],"replies":[{"embeddable":true,"href":"https:\/\/www.rarom.ro\/index.php?rest_route=%2Fwp%2Fv2%2Fcomments&post=4061"}],"version-history":[{"count":2,"href":"https:\/\/www.rarom.ro\/index.php?rest_route=\/wp\/v2\/pages\/4061\/revisions"}],"predecessor-version":[{"id":4131,"href":"https:\/\/www.rarom.ro\/index.php?rest_route=\/wp\/v2\/pages\/4061\/revisions\/4131"}],"up":[{"embeddable":true,"href":"https:\/\/www.rarom.ro\/index.php?rest_route=\/wp\/v2\/pages\/4057"}],"wp:attachment":[{"href":"https:\/\/www.rarom.ro\/index.php?rest_route=%2Fwp%2Fv2%2Fmedia&parent=4061"}],"curies":[{"name":"wp","href":"https:\/\/api.w.org\/{rel}","templated":true}]}}