{"id":3776,"date":"2016-11-03T10:42:44","date_gmt":"2016-11-03T08:42:44","guid":{"rendered":"https:\/\/www.rarom.ro\/?page_id=3776"},"modified":"2016-11-03T10:42:44","modified_gmt":"2016-11-03T08:42:44","slug":"yamaha-xsr-700","status":"publish","type":"page","link":"https:\/\/www.rarom.ro\/?page_id=3776","title":{"rendered":"Yamaha XSR 700"},"content":{"rendered":"<p><strong>Test: Yamaha XSR 700<\/strong><\/p>\n<p><img loading=\"lazy\" decoding=\"async\" class=\"aligncenter size-full wp-image-3777\" src=\"https:\/\/www.rarom.ro\/wp-content\/uploads\/2016\/11\/TestYamaha_mare-220.jpg\" alt=\"TestYamaha_mare-220\" width=\"730\" height=\"450\" srcset=\"https:\/\/www.rarom.ro\/wp-content\/uploads\/2016\/11\/TestYamaha_mare-220.jpg 730w, https:\/\/www.rarom.ro\/wp-content\/uploads\/2016\/11\/TestYamaha_mare-220-300x185.jpg 300w\" sizes=\"auto, (max-width: 730px) 100vw, 730px\" \/><\/p>\n<p style=\"text-align: justify;\"><img loading=\"lazy\" decoding=\"async\" class=\"size-full wp-image-3779 alignleft\" src=\"https:\/\/www.rarom.ro\/wp-content\/uploads\/2016\/11\/TestYamaha_pagini-220.jpg\" alt=\"TestYamaha_pagini-220\" width=\"250\" height=\"165\" \/>\u00a0O siluet\u0103 puternic ancorat\u0103 \u00een tendin\u0163a \u201eretro\u201d prin subtilit\u0103\u0163i stilistice bine alese \u015fi dozate, o talie de viespe \u015fi o structur\u0103 naked care nu obstruc\u0163ioneaz\u0103 cu nimic vizibilitatea motorului cu doi cilindri, fac din Yamaha XSR 700 un pachet plin de nerv \u015fi de elegen\u0163\u0103 clasic\u0103. [\u2026]<\/p>\n<p>&nbsp;<br \/>\n&nbsp;<br \/>\n&nbsp;<\/p>\n","protected":false},"excerpt":{"rendered":"<p>Test: Yamaha XSR 700 \u00a0O siluet\u0103 puternic ancorat\u0103 \u00een tendin\u0163a \u201eretro\u201d prin subtilit\u0103\u0163i stilistice bine alese \u015fi dozate, o talie de viespe \u015fi o structur\u0103 naked care nu obstruc\u0163ioneaz\u0103 cu nimic vizibilitatea motorului cu doi cilindri, fac din Yamaha XSR 700 un pachet plin de nerv \u015fi de elegen\u0163\u0103 clasic\u0103. [\u2026] &nbsp; &nbsp; &nbsp;<\/p>\n","protected":false},"author":3,"featured_media":0,"parent":3754,"menu_order":4,"comment_status":"closed","ping_status":"closed","template":"","meta":{"_acf_changed":false,"footnotes":""},"class_list":["post-3776","page","type-page","status-publish","hentry"],"acf":[],"_links":{"self":[{"href":"https:\/\/www.rarom.ro\/index.php?rest_route=\/wp\/v2\/pages\/3776","targetHints":{"allow":["GET"]}}],"collection":[{"href":"https:\/\/www.rarom.ro\/index.php?rest_route=\/wp\/v2\/pages"}],"about":[{"href":"https:\/\/www.rarom.ro\/index.php?rest_route=\/wp\/v2\/types\/page"}],"author":[{"embeddable":true,"href":"https:\/\/www.rarom.ro\/index.php?rest_route=\/wp\/v2\/users\/3"}],"replies":[{"embeddable":true,"href":"https:\/\/www.rarom.ro\/index.php?rest_route=%2Fwp%2Fv2%2Fcomments&post=3776"}],"version-history":[{"count":1,"href":"https:\/\/www.rarom.ro\/index.php?rest_route=\/wp\/v2\/pages\/3776\/revisions"}],"predecessor-version":[{"id":3781,"href":"https:\/\/www.rarom.ro\/index.php?rest_route=\/wp\/v2\/pages\/3776\/revisions\/3781"}],"up":[{"embeddable":true,"href":"https:\/\/www.rarom.ro\/index.php?rest_route=\/wp\/v2\/pages\/3754"}],"wp:attachment":[{"href":"https:\/\/www.rarom.ro\/index.php?rest_route=%2Fwp%2Fv2%2Fmedia&parent=3776"}],"curies":[{"name":"wp","href":"https:\/\/api.w.org\/{rel}","templated":true}]}}