{"id":3770,"date":"2016-11-03T10:40:53","date_gmt":"2016-11-03T08:40:53","guid":{"rendered":"https:\/\/www.rarom.ro\/?page_id=3770"},"modified":"2016-11-03T10:40:53","modified_gmt":"2016-11-03T08:40:53","slug":"ford-focus-st","status":"publish","type":"page","link":"https:\/\/www.rarom.ro\/?page_id=3770","title":{"rendered":"Ford Focus ST"},"content":{"rendered":"<p><strong>Test: Ford Focus ST<\/strong><\/p>\n<p><img loading=\"lazy\" decoding=\"async\" class=\"aligncenter size-full wp-image-3771\" src=\"https:\/\/www.rarom.ro\/wp-content\/uploads\/2016\/11\/TestFocus_mare-220.jpg\" alt=\"TestFocus_mare-220\" width=\"730\" height=\"450\" srcset=\"https:\/\/www.rarom.ro\/wp-content\/uploads\/2016\/11\/TestFocus_mare-220.jpg 730w, https:\/\/www.rarom.ro\/wp-content\/uploads\/2016\/11\/TestFocus_mare-220-300x185.jpg 300w\" sizes=\"auto, (max-width: 730px) 100vw, 730px\" \/><\/p>\n<p style=\"text-align: justify;\"><img loading=\"lazy\" decoding=\"async\" class=\"size-full wp-image-3773 alignleft\" src=\"https:\/\/www.rarom.ro\/wp-content\/uploads\/2016\/11\/TestFocus_pagini-220.jpg\" alt=\"TestFocus_pagini-220\" width=\"250\" height=\"165\" \/>Ajuns cu Ford Focus ST acas\u0103, un cunoscut m\u0103 interpeleaz\u0103 dac\u0103 mi-am luat o ma\u015fin\u0103 nou\u0103. \u00cei r\u0103spund c\u0103 este de \u00eemprumut pe termen scurt. \u201e\u00cemi place galbenul \u0103sta! Are motorul de un litru?\u201d continu\u0103 el. \u201e\u0102\u0103\u0103\u0103\u2026 nhu chiar\u2026\u201d i-am r\u0103spuns pu\u0163in \u00eencurcat. P\u00e2n\u0103 s\u0103-i spun c\u0103 motorul acela de un litru are, de fapt, doi, omu\u2019 a disp\u0103rut l\u0103s\u00e2nd \u00een aer remarca: \u201efrumu\u015fic\u0103 ma\u015fin\u0103!\u201d. \u015ei pe mine \u00een acela\u015fi timp. Este drept c\u0103 era sear\u0103. Dar, totu\u015fi! [\u2026]<\/p>\n","protected":false},"excerpt":{"rendered":"<p>Test: Ford Focus ST Ajuns cu Ford Focus ST acas\u0103, un cunoscut m\u0103 interpeleaz\u0103 dac\u0103 mi-am luat o ma\u015fin\u0103 nou\u0103. \u00cei r\u0103spund c\u0103 este de \u00eemprumut pe termen scurt. \u201e\u00cemi place galbenul \u0103sta! Are motorul de un litru?\u201d continu\u0103 el. \u201e\u0102\u0103\u0103\u0103\u2026 nhu chiar\u2026\u201d i-am r\u0103spuns pu\u0163in \u00eencurcat. P\u00e2n\u0103 s\u0103-i spun c\u0103 motorul acela de un [&hellip;]<\/p>\n","protected":false},"author":3,"featured_media":0,"parent":3754,"menu_order":3,"comment_status":"closed","ping_status":"closed","template":"","meta":{"_acf_changed":false,"footnotes":""},"class_list":["post-3770","page","type-page","status-publish","hentry"],"acf":[],"_links":{"self":[{"href":"https:\/\/www.rarom.ro\/index.php?rest_route=\/wp\/v2\/pages\/3770","targetHints":{"allow":["GET"]}}],"collection":[{"href":"https:\/\/www.rarom.ro\/index.php?rest_route=\/wp\/v2\/pages"}],"about":[{"href":"https:\/\/www.rarom.ro\/index.php?rest_route=\/wp\/v2\/types\/page"}],"author":[{"embeddable":true,"href":"https:\/\/www.rarom.ro\/index.php?rest_route=\/wp\/v2\/users\/3"}],"replies":[{"embeddable":true,"href":"https:\/\/www.rarom.ro\/index.php?rest_route=%2Fwp%2Fv2%2Fcomments&post=3770"}],"version-history":[{"count":1,"href":"https:\/\/www.rarom.ro\/index.php?rest_route=\/wp\/v2\/pages\/3770\/revisions"}],"predecessor-version":[{"id":3775,"href":"https:\/\/www.rarom.ro\/index.php?rest_route=\/wp\/v2\/pages\/3770\/revisions\/3775"}],"up":[{"embeddable":true,"href":"https:\/\/www.rarom.ro\/index.php?rest_route=\/wp\/v2\/pages\/3754"}],"wp:attachment":[{"href":"https:\/\/www.rarom.ro\/index.php?rest_route=%2Fwp%2Fv2%2Fmedia&parent=3770"}],"curies":[{"name":"wp","href":"https:\/\/api.w.org\/{rel}","templated":true}]}}