{"id":37,"date":"2015-10-14T12:09:14","date_gmt":"2015-10-14T12:09:14","guid":{"rendered":"https:\/\/www.rarom.ro\/?page_id=37"},"modified":"2025-05-07T15:34:39","modified_gmt":"2025-05-07T12:34:39","slug":"d-o-i-i-t","status":"publish","type":"page","link":"https:\/\/www.rarom.ro\/?page_id=37","title":{"rendered":"DOIIT"},"content":{"rendered":"<p><img loading=\"lazy\" decoding=\"async\" class=\"aligncenter size-full wp-image-38\" src=\"https:\/\/www.rarom.ro\/wp-content\/uploads\/2015\/10\/61_DOIIT.jpg\" alt=\"61_DOIIT\" width=\"554\" height=\"330\" srcset=\"https:\/\/www.rarom.ro\/wp-content\/uploads\/2015\/10\/61_DOIIT.jpg 554w, https:\/\/www.rarom.ro\/wp-content\/uploads\/2015\/10\/61_DOIIT-300x179.jpg 300w\" sizes=\"auto, (max-width: 554px) 100vw, 554px\" \/><\/p>\n<p style=\"text-align: justify;\">Direc\u021bia\u00a0de Omolog\u0103ri Individuale \u015fi Inspec\u0163ii Tehnice (denumit \u00een continuare <strong><a href=\"https:\/\/www.rarom.ro\/?page_id=1409\">DOIIT<\/a><\/strong>) reprezint\u0103 acea entitate a Registrului Auto Rom\u00e2n ale c\u0103rei activit\u0103\u0163i se adreseaz\u0103 &#8211; a\u015fa dup\u0103 cum sugereaz\u0103 \u015fi titulatura &#8211; \u00een mod particular fiec\u0103rui vehicul rutier, ceea ce presupune c\u0103 \u00een majoritatea cov\u00e2r\u015fitoare a cazurilor este necesar\u0103 identificarea vehiculului.<\/p>\n<p style=\"text-align: justify;\">Ca interfa\u0163\u0103 a Registrului Auto Rom\u00e2n cu de\u0163in\u0103torii de vehicule, activit\u0103\u0163ile DOIIT se deruleaz\u0103 at\u00e2t \u00een Bucure\u015fti, prin intermediul a dou\u0103 loca\u0163ii, c\u00e2t \u015fi \u00een fiecare ora\u015f re\u015fedin\u0163\u0103 de jude\u0163. Acest lucru s-a realizat cu investi\u0163ii semnificative, deopotriv\u0103 umane \u015fi financiare, dar permite acum prestarea unitar\u0103 a unor servicii de calitate, apreciate inclusiv de reprezentan\u0163i ai unor cunoscute organiza\u0163ii similare din Uniunea European\u0103.<\/p>\n<p style=\"text-align: justify;\">P\u00e2n\u0103 la data ader\u0103rii Rom\u00e2niei la Uniunea European\u0103, <a href=\"https:\/\/www.rarom.ro\/?page_id=617\">omologarea individual\u0103<\/a> a reprezentat principal\u0103 activitate a DOIIT Acum ea se adreseaz\u0103 numai vehiculelor care nu de\u0163in omologare european\u0103 de tip, a\u015fadar celor care, de regul\u0103, provin din state care nu sunt membre ale Uniunii Europene \u0219i celor care de\u021bin omologare european\u0103 de tip dar care au fost modificate din punct de vedere constructiv \u00een raport cu tipul omologat. Omologarea individual\u0103 este o condi\u0163ie legal\u0103 pentru \u00eenmatricularea vehiculelor \u015fi reprezint\u0103 procedura prin care DOIIT atest\u0103 faptul c\u0103 un anumit vehicul \u00eendepline\u015fte individual <a href=\"https:\/\/www.rarom.ro\/?page_id=633\">condi\u0163iile constructive<\/a> \u015fi de <a href=\"https:\/\/www.rarom.ro\/?page_id=631\">stare tehnic\u0103<\/a> prev\u0103zute \u00een reglement\u0103rile aplicabile. Practic, omologarea individual\u0103 este extrem de importan\u0163\u0103 prin natura consecin\u0163elor asupra siguran\u0163ei circula\u0163iei, ea constituind acel filtru tehnic care permite \u00eenmatricularea numai a vehiculelor corespunz\u0103toare pentru admiterea \u00een circula\u0163ie pe drumurile publice din Rom\u00e2nia. Finalizarea cu succes a procedurii de omologare individual\u0103 se materializeaz\u0103 prin eliberarea C\u0103r\u0163ii de Identitate a Vehiculului (CIV). DOIIT \u00eenscrie \u00een Cartea de Identitate datele tehnice \u015fi pe cele de identificare ale vehiculului, urm\u00e2nd ca autoritatea de \u00eenmatriculare s\u0103 \u00eenscrie de\u0163in\u0103torii succesivi ai acestuia. Cartea de Identitate a Vehiculului se poate elibera numai pentru vehiculele care pot fi identificate, respectiv cele pentru care reprezentan\u0163ii DOIIT stabilesc un num\u0103r de identificare valid.<\/p>\n<p style=\"text-align: justify;\">Vehiculele care de\u021bin omologare european\u0103 de tip, au fost ultima dat\u0103 \u00eenmatriculate \u00eentr-un stat membru al Uniunii Europene \u015fi a c\u0103ror configura\u0163ie nu a fost modificat\u0103, primesc cartea de identitate f\u0103r\u0103 a mai fi supuse omolog\u0103rii individuale, \u00eentruc\u00e2t condi\u0163iile de omologare sunt acum similare cu cele din directivele \u015fi regulamentele europene \u015fi ele se consider\u0103 \u00eendeplinite prin faptul c\u0103 vehiculul provine din Uniunea European\u0103. Totu\u015fi, deoarece se g\u0103sesc \u00eenaintea primei \u00eenmatricul\u0103ri \u00een Rom\u00e2nia, aceste vehicule se supun activit\u0103\u0163ilor de certificare a autenticit\u0103\u0163ii elementelor de identificare \u015fi a suportului documentului care atest\u0103 \u00eenmatricularea anterioar\u0103, precum \u015fi celor de verificare a st\u0103rii lor tehnice. <a href=\"https:\/\/www.rarom.ro\/?page_id=629\">Modificarea \u00eenscrisurilor din cartea de identitate<\/a> este determinat\u0103 de modific\u0103ri constructive aduse configura\u0163iei vehiculului, de complet\u0103ri ale datelor din Cartea de Identitate sau de prevederi administrative.<\/p>\n<p style=\"text-align: justify;\">Reprezentan\u021bii DOIIT pot emite un duplicat al c\u0103r\u021bii de identitate a vehiculului, dup\u0103 identificarea acestuia, \u00een urm\u0103toarele situa\u021bii:<br \/>&#8211; \u00een cazul pierderii, furtului sau distrugerii CIV;<br \/>&#8211; \u00een cazul refuzului de predare a CIV constatat de executorul judec\u0103toresc, cu ocazia execut\u0103rii silite;<br \/>&#8211; \u00een cazul vehiculelor comercializate prin intermediul Agen\u021biei Na\u021bionale de Administrare Fiscal\u0103 ori repartizate cu titlu gratuit;<br \/>&#8211; \u00een cazul vehiculelor valorificate de administratorul judiciar ori lichidatorul judiciar;<br \/>&#8211; \u00een baza unei hot\u0103r\u00e2ri a instan\u021belor judec\u0103tore\u0219ti;<br \/>&#8211; la cererea persoanei care a dob\u00e2ndit vehiculul \u00een baza unui contract prin care s-a transmis dreptul de proprietate sau prin mo\u0219tenire.<\/p>\n<p style=\"text-align: justify;\">De asemenea, RAR elibereaz\u0103 o nou\u0103 CIV, ca \u00eenlocuire a CIV anterioare, dup\u0103 identificarea vehiculului, \u00een urm\u0103toarele situa\u021bii:<br \/>&#8211; la epuizarea spa\u021biului destinat \u00eenscrierii caracteristicilor tehnice ale vehiculului ori a datelor de identitate a de\u021bin\u0103torilor;<br \/>&#8211; la orice schimbare a num\u0103rului de identificare al unui vehicul;<br \/>&#8211; \u00een cazul \u00een care vehiculul a fost \u00eenmatriculat \u00een alt stat ulterior \u00eenmatricul\u0103rii din Rom\u00e2nia \u0219i se are \u00een vedere re\u00eenmatricularea sa \u00een Rom\u00e2nia.<\/p>\n<p style=\"text-align: justify;\">Opera\u0163iunile de verificare a st\u0103rii tehnice a unui vehicul fac parte integrant\u0103 din activitatea de omologare individual\u0103, dar ele se execut\u0103 \u015fi independent, \u00een cadrul activit\u0103\u0163ii de redob\u00e2ndire a certificatului de \u00eenmatriculare re\u0163inut de c\u0103tre Poli\u0163ia Rutier\u0103 fie pentru anumite defec\u0163iuni tehnice constatate, fie \u00een situa\u0163ia lipsei Inspec\u0163iei Tehnice Periodice \u00een termen de valabilitate. Dotarea liniilor de verificare ale Registrului Auto Rom\u00e2n \u015fi preg\u0103tirea personalului DOIIT care le deserve\u015fte fac din aceast\u0103 activitate un etalon pentru \u00eentreaga re\u0163ea de sta\u0163ii de inspec\u0163ie autorizate.<\/p>\n<p style=\"text-align: justify;\">De aceea\u015fi rigoare beneficiaz\u0103 \u015fi activit\u0103\u0163ile care se adreseaz\u0103 anumitor categorii speciale de vehicule, cum sunt cele destinate <a href=\"https:\/\/www.rarom.ro\/?page_id=627\">transportului anumitor m\u0103rfuri periculoase<\/a>, cele destinate transportului m\u0103rfurilor perisabile, vehiculele agreate pentru <a href=\"https:\/\/www.rarom.ro\/?page_id=625\">transportul \u00een regim de taxi<\/a> precum \u015fi cele destinate<a href=\"https:\/\/www.rarom.ro\/?page_id=623\"> \u00eenv\u0103\u0163\u0103rii conducerii auto<\/a>. Toate vehiculele din aceste categorii pot fi utilizate \u00een raport cu destina\u0163ia lor specific\u0103 numai dac\u0103 ele \u00eendeplinesc condi\u0163iile de agreare impuse prin legisla\u0163ia aplicabil\u0103, fapt dovedit prin eliberarea de c\u0103tre reprezentan\u0163ii DOIIT a certificatelor de agreare.<\/p>\n<p style=\"text-align: justify;\">Pentru autovehiculele destinate transportului de c\u0103l\u0103tori \u00een scopuri turistice sau pe linii interne \u015fi interna\u0163ionale cu trafic regulat, reprezentan\u0163ii DOIIT elibereaz\u0103 certificate de clasificare pe categorii de confort \u015fi furnizeaz\u0103 dovezile pe baza c\u0103rora se ob\u0163in din partea Registrului Auto Rom\u00e2n certificatele de clasificare pe stele.<\/p>\n<p style=\"text-align: justify;\">Certificarea autenticit\u0103\u0163ii este activitatea cea mai recent\u0103 a DOIIT, demarat\u0103 \u00een anul 2002 \u015fi care vizeaz\u0103 evaluarea st\u0103rii elementelor care determin\u0103 identitatea unui vehicul. Reprezent\u00e2nd aportul semnificativ al Registrului Auto Rom\u00e2n la eforturile de combatere a traficului ilegal de vehicule, beneficiile acestei activit\u0103\u0163i nu au \u00eent\u00e2rziat s\u0103 apar\u0103: descoperirea mai multor vehicule cu identitate modificat\u0103 \u015fi mai ales mesajul c\u0103 de acum exist\u0103 o institu\u0163ie care are argumentele s\u0103 se opun\u0103 traficului ilegal de vehicule au f\u0103cut c\u0103 Rom\u00e2nia s\u0103 nu mai fie o \u0163ar\u0103 de destina\u0163ie a vehiculelor substituite.<\/p>\n<p style=\"text-align: justify;\">Prin atribu\u0163iile sale, prin calit\u0103\u0163ile personalului angrenat \u015fi prin modul de servire al de\u0163in\u0103torilor de vehicule, DOIIT este direc\u021bia din cadrul Registrului Auto Rom\u00e2n care \u00ee\u015fi aduce cea mai mare contribu\u0163ie la dezvoltarea institu\u0163iei \u015fi la crearea unei imagini a ei c\u00e2t mai favorabile \u00een r\u00e2ndul popula\u0163iei. Deciziile reprezentan\u0163ilor DOIIT cu privire la un anumit vehicul trec dincolo de interesul strict al de\u0163in\u0103torului acestuia \u015fi urm\u0103resc \u00een primul r\u00e2nd s\u0103 apere interesele societ\u0103\u0163ii, \u00een ceea ce prive\u015fte siguran\u0163a circula\u0163iei \u015fi protec\u0163ia mediului.<\/p>\n\n\n<div style=\"height:20px\" aria-hidden=\"true\" class=\"wp-block-spacer\"><\/div>\n\n\n\n<hr>\n\n\n\n<p><strong>Direc\u021bia Omolog\u0103ri Individuale \u015fi Inspec\u0163ii Tehnice<\/strong> <strong>(DOIIT)<\/strong><\/p>\n\n\n\n<hr>\n\n\n\n<div style=\"height:20px\" aria-hidden=\"true\" class=\"wp-block-spacer\"><\/div>\n\n\n\n<div class=\"wp-block-group\"><div class=\"wp-block-group__inner-container is-layout-constrained wp-block-group-is-layout-constrained\">\n<div class=\"wp-block-columns is-layout-flex wp-container-core-columns-is-layout-9d6595d7 wp-block-columns-is-layout-flex\">\n<div class=\"wp-block-column is-layout-flow wp-block-column-is-layout-flow\" style=\"flex-basis:33.33%\"><div class=\"wp-block-image is-style-rounded\">\n<figure class=\"aligncenter size-full is-resized\"><a href=\"https:\/\/www.rarom.ro\/wp-content\/uploads\/2023\/09\/sigla-RAR-2.png\"><img loading=\"lazy\" decoding=\"async\" width=\"170\" height=\"170\" src=\"https:\/\/www.rarom.ro\/wp-content\/uploads\/2023\/09\/sigla-RAR-2.png\" alt=\"\" class=\"wp-image-295460\" style=\"width:150px;height:150px\" srcset=\"https:\/\/www.rarom.ro\/wp-content\/uploads\/2023\/09\/sigla-RAR-2.png 170w, https:\/\/www.rarom.ro\/wp-content\/uploads\/2023\/09\/sigla-RAR-2-150x150.png 150w, https:\/\/www.rarom.ro\/wp-content\/uploads\/2023\/09\/sigla-RAR-2-85x85.png 85w, https:\/\/www.rarom.ro\/wp-content\/uploads\/2023\/09\/sigla-RAR-2-60x60.png 60w, https:\/\/www.rarom.ro\/wp-content\/uploads\/2023\/09\/sigla-RAR-2-16x16.png 16w\" sizes=\"auto, (max-width: 170px) 100vw, 170px\" \/><\/a><\/figure><\/div>\n\n\n<div style=\"height:20px\" aria-hidden=\"true\" class=\"wp-block-spacer\"><\/div>\n\n\n\n<p class=\"has-text-align-center\"><strong>Ing. Virgil RADU<\/strong><br><em>Director Direc\u021bie DOIIT<\/em><\/p>\n<\/div>\n\n\n\n<div class=\"wp-block-column is-layout-flow wp-block-column-is-layout-flow\" style=\"flex-basis:66.66%\">\n<p><strong>Adresa:<\/strong> Calea Grivi\u0163ei nr. 391A, cod 010719<br>Bucure\u015fti, sector 1<\/p>\n\n\n\n<p><strong><em>Coordonate GPS: <\/em><\/strong>44.468488, 26.051998<\/p>\n\n\n\n<hr>\n\n\n\n<p>Tel.: 021 202.70.00 \/ int 8265<br>E-mail: <a href=\"mailto:office@rarom.ro\" target=\"_blank\" rel=\"noreferrer noopener\">office@rarom.ro<\/a><\/p>\n\n\n\n<hr>\n\n\n\n<p><strong>Formular de contact<\/strong><\/p>\n\n\n<p>[contact-form-7 id=&#8221;292691&#8243; title=&#8221;Formular de contact &#8211; Departamente&#8221;]<\/p>\n<\/div>\n<\/div>\n<\/div><\/div>\n\n\n\n<p><\/p>\n","protected":false},"excerpt":{"rendered":"<p>Direc\u021bia\u00a0de Omolog\u0103ri Individuale \u015fi Inspec\u0163ii Tehnice (denumit \u00een continuare DOIIT) reprezint\u0103 acea entitate a Registrului Auto Rom\u00e2n ale c\u0103rei activit\u0103\u0163i se adreseaz\u0103 &#8211; a\u015fa dup\u0103 cum sugereaz\u0103 \u015fi titulatura &#8211; \u00een mod particular fiec\u0103rui vehicul rutier, ceea ce presupune c\u0103 \u00een majoritatea cov\u00e2r\u015fitoare a cazurilor este necesar\u0103 identificarea vehiculului. Ca interfa\u0163\u0103 a Registrului Auto Rom\u00e2n [&hellip;]<\/p>\n","protected":false},"author":1,"featured_media":0,"parent":35,"menu_order":3,"comment_status":"closed","ping_status":"closed","template":"page-departament-details.php","meta":{"_acf_changed":false,"footnotes":""},"class_list":["post-37","page","type-page","status-publish","hentry"],"acf":[],"_links":{"self":[{"href":"https:\/\/www.rarom.ro\/index.php?rest_route=\/wp\/v2\/pages\/37","targetHints":{"allow":["GET"]}}],"collection":[{"href":"https:\/\/www.rarom.ro\/index.php?rest_route=\/wp\/v2\/pages"}],"about":[{"href":"https:\/\/www.rarom.ro\/index.php?rest_route=\/wp\/v2\/types\/page"}],"author":[{"embeddable":true,"href":"https:\/\/www.rarom.ro\/index.php?rest_route=\/wp\/v2\/users\/1"}],"replies":[{"embeddable":true,"href":"https:\/\/www.rarom.ro\/index.php?rest_route=%2Fwp%2Fv2%2Fcomments&post=37"}],"version-history":[{"count":41,"href":"https:\/\/www.rarom.ro\/index.php?rest_route=\/wp\/v2\/pages\/37\/revisions"}],"predecessor-version":[{"id":299531,"href":"https:\/\/www.rarom.ro\/index.php?rest_route=\/wp\/v2\/pages\/37\/revisions\/299531"}],"up":[{"embeddable":true,"href":"https:\/\/www.rarom.ro\/index.php?rest_route=\/wp\/v2\/pages\/35"}],"wp:attachment":[{"href":"https:\/\/www.rarom.ro\/index.php?rest_route=%2Fwp%2Fv2%2Fmedia&parent=37"}],"curies":[{"name":"wp","href":"https:\/\/api.w.org\/{rel}","templated":true}]}}