{"id":3631,"date":"2016-10-04T13:56:26","date_gmt":"2016-10-04T10:56:26","guid":{"rendered":"https:\/\/www.rarom.ro\/?page_id=3631"},"modified":"2016-10-04T13:56:26","modified_gmt":"2016-10-04T10:56:26","slug":"prezentare","status":"publish","type":"page","link":"https:\/\/www.rarom.ro\/?page_id=3631","title":{"rendered":"Prezentare"},"content":{"rendered":"<p><strong>Opel Ampera-e<\/strong><\/p>\n<p><a href=\"https:\/\/www.rarom.ro\/wp-content\/uploads\/2016\/10\/Prezentare_mare219.jpeg\"><img loading=\"lazy\" decoding=\"async\" class=\"aligncenter size-full wp-image-3632\" src=\"https:\/\/www.rarom.ro\/wp-content\/uploads\/2016\/10\/Prezentare_mare219.jpeg\" alt=\"Prezentare_mare219\" width=\"730\" height=\"450\" srcset=\"https:\/\/www.rarom.ro\/wp-content\/uploads\/2016\/10\/Prezentare_mare219.jpeg 730w, https:\/\/www.rarom.ro\/wp-content\/uploads\/2016\/10\/Prezentare_mare219-300x185.jpeg 300w\" sizes=\"auto, (max-width: 730px) 100vw, 730px\" \/><\/a><\/p>\n<p style=\"text-align: justify;\"><a href=\"https:\/\/www.rarom.ro\/wp-content\/uploads\/2016\/10\/Prezentare_pagini219.jpg\"><img loading=\"lazy\" decoding=\"async\" class=\"size-full wp-image-3634 alignleft\" src=\"https:\/\/www.rarom.ro\/wp-content\/uploads\/2016\/10\/Prezentare_pagini219.jpg\" alt=\"Prezentare_pagini219\" width=\"250\" height=\"165\" \/><\/a>&#8222;Ampera-e va eradica cel mai mare dezavantaj al unui autovehicul electric: anxietatea pe care o are \u015foferul unei asemenea ma\u015fini \u00een leg\u0103tur\u0103 cu autonomia&#8221;, anun\u0163\u0103 cei de la Opel. Modelul electric de clas\u0103 mic\u0103 va ajunge la dealeri \u00een prim\u0103vara viitoare. [&#8230;]<\/p>\n","protected":false},"excerpt":{"rendered":"<p>Opel Ampera-e &#8222;Ampera-e va eradica cel mai mare dezavantaj al unui autovehicul electric: anxietatea pe care o are \u015foferul unei asemenea ma\u015fini \u00een leg\u0103tur\u0103 cu autonomia&#8221;, anun\u0163\u0103 cei de la Opel. Modelul electric de clas\u0103 mic\u0103 va ajunge la dealeri \u00een prim\u0103vara viitoare. [&#8230;]<\/p>\n","protected":false},"author":3,"featured_media":0,"parent":3574,"menu_order":5,"comment_status":"closed","ping_status":"closed","template":"","meta":{"_acf_changed":false,"footnotes":""},"class_list":["post-3631","page","type-page","status-publish","hentry"],"acf":[],"_links":{"self":[{"href":"https:\/\/www.rarom.ro\/index.php?rest_route=\/wp\/v2\/pages\/3631","targetHints":{"allow":["GET"]}}],"collection":[{"href":"https:\/\/www.rarom.ro\/index.php?rest_route=\/wp\/v2\/pages"}],"about":[{"href":"https:\/\/www.rarom.ro\/index.php?rest_route=\/wp\/v2\/types\/page"}],"author":[{"embeddable":true,"href":"https:\/\/www.rarom.ro\/index.php?rest_route=\/wp\/v2\/users\/3"}],"replies":[{"embeddable":true,"href":"https:\/\/www.rarom.ro\/index.php?rest_route=%2Fwp%2Fv2%2Fcomments&post=3631"}],"version-history":[{"count":1,"href":"https:\/\/www.rarom.ro\/index.php?rest_route=\/wp\/v2\/pages\/3631\/revisions"}],"predecessor-version":[{"id":3636,"href":"https:\/\/www.rarom.ro\/index.php?rest_route=\/wp\/v2\/pages\/3631\/revisions\/3636"}],"up":[{"embeddable":true,"href":"https:\/\/www.rarom.ro\/index.php?rest_route=\/wp\/v2\/pages\/3574"}],"wp:attachment":[{"href":"https:\/\/www.rarom.ro\/index.php?rest_route=%2Fwp%2Fv2%2Fmedia&parent=3631"}],"curies":[{"name":"wp","href":"https:\/\/api.w.org\/{rel}","templated":true}]}}