{"id":3601,"date":"2016-10-04T13:45:56","date_gmt":"2016-10-04T10:45:56","guid":{"rendered":"https:\/\/www.rarom.ro\/?page_id=3601"},"modified":"2016-10-04T13:45:56","modified_gmt":"2016-10-04T10:45:56","slug":"ford-fiesta-st","status":"publish","type":"page","link":"https:\/\/www.rarom.ro\/?page_id=3601","title":{"rendered":"Ford Fiesta ST"},"content":{"rendered":"<p><strong>Test: Ford Fiesta ST<\/strong><\/p>\n<p><a href=\"https:\/\/www.rarom.ro\/wp-content\/uploads\/2016\/10\/TestFord_mare219.jpg\"><img loading=\"lazy\" decoding=\"async\" class=\"aligncenter size-full wp-image-3602\" src=\"https:\/\/www.rarom.ro\/wp-content\/uploads\/2016\/10\/TestFord_mare219.jpg\" alt=\"TestFord_mare219\" width=\"730\" height=\"450\" srcset=\"https:\/\/www.rarom.ro\/wp-content\/uploads\/2016\/10\/TestFord_mare219.jpg 730w, https:\/\/www.rarom.ro\/wp-content\/uploads\/2016\/10\/TestFord_mare219-300x185.jpg 300w\" sizes=\"auto, (max-width: 730px) 100vw, 730px\" \/><\/a><\/p>\n<p style=\"text-align: justify;\"><a href=\"https:\/\/www.rarom.ro\/wp-content\/uploads\/2016\/10\/TestFord_pagini219.jpg\"><img loading=\"lazy\" decoding=\"async\" class=\"size-full wp-image-3604 alignleft\" src=\"https:\/\/www.rarom.ro\/wp-content\/uploads\/2016\/10\/TestFord_pagini219.jpg\" alt=\"TestFord_pagini219\" width=\"250\" height=\"165\" \/><\/a>Briza de prospe\u0163ime care adie dinspre Fiesta argintie care m\u0103 a\u015fteapt\u0103 \u00een parcare nu are nicio leg\u0103tur\u0103 cu numerele de Germania pe care le poart\u0103. Detaliile \u015fi sunetul sunt cele care o eviden\u0163iaz\u0103. [&#8230;]<\/p>\n<p>&nbsp;<\/p>\n<p>&nbsp;<\/p>\n","protected":false},"excerpt":{"rendered":"<p>Test: Ford Fiesta ST Briza de prospe\u0163ime care adie dinspre Fiesta argintie care m\u0103 a\u015fteapt\u0103 \u00een parcare nu are nicio leg\u0103tur\u0103 cu numerele de Germania pe care le poart\u0103. Detaliile \u015fi sunetul sunt cele care o eviden\u0163iaz\u0103. [&#8230;] &nbsp; &nbsp;<\/p>\n","protected":false},"author":3,"featured_media":0,"parent":3578,"menu_order":4,"comment_status":"closed","ping_status":"closed","template":"","meta":{"_acf_changed":false,"footnotes":""},"class_list":["post-3601","page","type-page","status-publish","hentry"],"acf":[],"_links":{"self":[{"href":"https:\/\/www.rarom.ro\/index.php?rest_route=\/wp\/v2\/pages\/3601","targetHints":{"allow":["GET"]}}],"collection":[{"href":"https:\/\/www.rarom.ro\/index.php?rest_route=\/wp\/v2\/pages"}],"about":[{"href":"https:\/\/www.rarom.ro\/index.php?rest_route=\/wp\/v2\/types\/page"}],"author":[{"embeddable":true,"href":"https:\/\/www.rarom.ro\/index.php?rest_route=\/wp\/v2\/users\/3"}],"replies":[{"embeddable":true,"href":"https:\/\/www.rarom.ro\/index.php?rest_route=%2Fwp%2Fv2%2Fcomments&post=3601"}],"version-history":[{"count":1,"href":"https:\/\/www.rarom.ro\/index.php?rest_route=\/wp\/v2\/pages\/3601\/revisions"}],"predecessor-version":[{"id":3606,"href":"https:\/\/www.rarom.ro\/index.php?rest_route=\/wp\/v2\/pages\/3601\/revisions\/3606"}],"up":[{"embeddable":true,"href":"https:\/\/www.rarom.ro\/index.php?rest_route=\/wp\/v2\/pages\/3578"}],"wp:attachment":[{"href":"https:\/\/www.rarom.ro\/index.php?rest_route=%2Fwp%2Fv2%2Fmedia&parent=3601"}],"curies":[{"name":"wp","href":"https:\/\/api.w.org\/{rel}","templated":true}]}}