{"id":3578,"date":"2016-10-04T13:38:21","date_gmt":"2016-10-04T10:38:21","guid":{"rendered":"https:\/\/www.rarom.ro\/?page_id=3578"},"modified":"2016-10-04T13:59:53","modified_gmt":"2016-10-04T10:59:53","slug":"teste","status":"publish","type":"page","link":"https:\/\/www.rarom.ro\/?page_id=3578","title":{"rendered":"Teste"},"content":{"rendered":"<p><a href=\"https:\/\/www.rarom.ro\/wp-content\/uploads\/2016\/10\/TesteOctombrie2016.jpg\"><img loading=\"lazy\" decoding=\"async\" class=\"aligncenter size-full wp-image-3579\" src=\"https:\/\/www.rarom.ro\/wp-content\/uploads\/2016\/10\/TesteOctombrie2016.jpg\" alt=\"TesteOctombrie2016\" width=\"730\" height=\"450\" srcset=\"https:\/\/www.rarom.ro\/wp-content\/uploads\/2016\/10\/TesteOctombrie2016.jpg 730w, https:\/\/www.rarom.ro\/wp-content\/uploads\/2016\/10\/TesteOctombrie2016-300x185.jpg 300w\" sizes=\"auto, (max-width: 730px) 100vw, 730px\" \/><\/a><\/p>\n<p><strong>TESTE<\/strong><\/p>\n<p><strong><a href=\"https:\/\/www.rarom.ro\/?page_id=3582\">MEGAN\u0102zdr\u0103van<\/a><\/strong><br \/>\nTest: Renault Megane Sport GT<\/p>\n<p><strong><a href=\"https:\/\/www.rarom.ro\/?page_id=3588\">\u00ceNDR\u0102ZNEA\u0162\u0102 \u015eI ISTEA\u0162\u0102<\/a><\/strong><br \/>\nTest: Honda Civic Tourer<\/p>\n<p><strong><a href=\"https:\/\/www.rarom.ro\/?page_id=3594\">FRUMUSE\u0162EA CERE SACRIFICII<\/a><\/strong><br \/>\nTest: Mercedes-Benz C Class Coup\u00e9<\/p>\n<p><strong><a href=\"https:\/\/www.rarom.ro\/?page_id=3601\">FIESTA TOTAL\u0102<\/a><\/strong><br \/>\nTest: Ford Fiesta ST<\/p>\n<p><strong><a href=\"https:\/\/www.rarom.ro\/?page_id=3607\">VIA\u0162\u0102 DE ORA\u015e<\/a><\/strong><br \/>\nTest: Citroen C1<\/p>\n","protected":false},"excerpt":{"rendered":"<p>TESTE MEGAN\u0102zdr\u0103van Test: Renault Megane Sport GT \u00ceNDR\u0102ZNEA\u0162\u0102 \u015eI ISTEA\u0162\u0102 Test: Honda Civic Tourer FRUMUSE\u0162EA CERE SACRIFICII Test: Mercedes-Benz C Class Coup\u00e9 FIESTA TOTAL\u0102 Test: Ford Fiesta ST VIA\u0162\u0102 DE ORA\u015e Test: Citroen C1<\/p>\n","protected":false},"author":3,"featured_media":0,"parent":3574,"menu_order":1,"comment_status":"closed","ping_status":"closed","template":"","meta":{"_acf_changed":false,"footnotes":""},"class_list":["post-3578","page","type-page","status-publish","hentry"],"acf":[],"_links":{"self":[{"href":"https:\/\/www.rarom.ro\/index.php?rest_route=\/wp\/v2\/pages\/3578","targetHints":{"allow":["GET"]}}],"collection":[{"href":"https:\/\/www.rarom.ro\/index.php?rest_route=\/wp\/v2\/pages"}],"about":[{"href":"https:\/\/www.rarom.ro\/index.php?rest_route=\/wp\/v2\/types\/page"}],"author":[{"embeddable":true,"href":"https:\/\/www.rarom.ro\/index.php?rest_route=\/wp\/v2\/users\/3"}],"replies":[{"embeddable":true,"href":"https:\/\/www.rarom.ro\/index.php?rest_route=%2Fwp%2Fv2%2Fcomments&post=3578"}],"version-history":[{"count":3,"href":"https:\/\/www.rarom.ro\/index.php?rest_route=\/wp\/v2\/pages\/3578\/revisions"}],"predecessor-version":[{"id":3638,"href":"https:\/\/www.rarom.ro\/index.php?rest_route=\/wp\/v2\/pages\/3578\/revisions\/3638"}],"up":[{"embeddable":true,"href":"https:\/\/www.rarom.ro\/index.php?rest_route=\/wp\/v2\/pages\/3574"}],"wp:attachment":[{"href":"https:\/\/www.rarom.ro\/index.php?rest_route=%2Fwp%2Fv2%2Fmedia&parent=3578"}],"curies":[{"name":"wp","href":"https:\/\/api.w.org\/{rel}","templated":true}]}}