{"id":3516,"date":"2016-09-06T15:07:19","date_gmt":"2016-09-06T12:07:19","guid":{"rendered":"https:\/\/www.rarom.ro\/?page_id=3516"},"modified":"2016-09-06T15:07:19","modified_gmt":"2016-09-06T12:07:19","slug":"eveniment","status":"publish","type":"page","link":"https:\/\/www.rarom.ro\/?page_id=3516","title":{"rendered":"Eveniment"},"content":{"rendered":"<p><strong>Porsche<\/strong><\/p>\n<p><img loading=\"lazy\" decoding=\"async\" class=\"alignleft size-full wp-image-4028\" src=\"https:\/\/www.rarom.ro\/wp-content\/uploads\/2015\/12\/Eveniment_mare218.jpg\" alt=\"Eveniment_mare218\" width=\"730\" height=\"450\" \/><\/p>\n<p style=\"text-align: justify;\"><img loading=\"lazy\" decoding=\"async\" class=\"alignleft size-full wp-image-4030\" src=\"https:\/\/www.rarom.ro\/wp-content\/uploads\/2015\/12\/Eveniment_pagini218.jpg\" alt=\"Eveniment_pagini218\" width=\"250\" height=\"165\" \/>Porsche a decis c\u0103 Rom\u00e2nia este o destina\u0163ie excelent\u0103 pentru pasiona\u0163ii de automobile \u015fi a organizat un eveniment special, desf\u0103\u015furat pe dou\u0103 dintre cele mai cunos\u00adcute drumuri de munte de la noi din \u0163ar\u0103: Transalpina \u015fi Transf\u0103g\u0103r\u0103\u015fanul. [&#8230;]<\/p>\n<p>&nbsp;<\/p>\n","protected":false},"excerpt":{"rendered":"<p>Porsche Porsche a decis c\u0103 Rom\u00e2nia este o destina\u0163ie excelent\u0103 pentru pasiona\u0163ii de automobile \u015fi a organizat un eveniment special, desf\u0103\u015furat pe dou\u0103 dintre cele mai cunos\u00adcute drumuri de munte de la noi din \u0163ar\u0103: Transalpina \u015fi Transf\u0103g\u0103r\u0103\u015fanul. [&#8230;] &nbsp;<\/p>\n","protected":false},"author":3,"featured_media":0,"parent":3498,"menu_order":5,"comment_status":"closed","ping_status":"closed","template":"","meta":{"_acf_changed":false,"footnotes":""},"class_list":["post-3516","page","type-page","status-publish","hentry"],"acf":[],"_links":{"self":[{"href":"https:\/\/www.rarom.ro\/index.php?rest_route=\/wp\/v2\/pages\/3516","targetHints":{"allow":["GET"]}}],"collection":[{"href":"https:\/\/www.rarom.ro\/index.php?rest_route=\/wp\/v2\/pages"}],"about":[{"href":"https:\/\/www.rarom.ro\/index.php?rest_route=\/wp\/v2\/types\/page"}],"author":[{"embeddable":true,"href":"https:\/\/www.rarom.ro\/index.php?rest_route=\/wp\/v2\/users\/3"}],"replies":[{"embeddable":true,"href":"https:\/\/www.rarom.ro\/index.php?rest_route=%2Fwp%2Fv2%2Fcomments&post=3516"}],"version-history":[{"count":1,"href":"https:\/\/www.rarom.ro\/index.php?rest_route=\/wp\/v2\/pages\/3516\/revisions"}],"predecessor-version":[{"id":3517,"href":"https:\/\/www.rarom.ro\/index.php?rest_route=\/wp\/v2\/pages\/3516\/revisions\/3517"}],"up":[{"embeddable":true,"href":"https:\/\/www.rarom.ro\/index.php?rest_route=\/wp\/v2\/pages\/3498"}],"wp:attachment":[{"href":"https:\/\/www.rarom.ro\/index.php?rest_route=%2Fwp%2Fv2%2Fmedia&parent=3516"}],"curies":[{"name":"wp","href":"https:\/\/api.w.org\/{rel}","templated":true}]}}