{"id":33,"date":"2015-10-14T12:05:56","date_gmt":"2015-10-14T12:05:56","guid":{"rendered":"https:\/\/www.rarom.ro\/?page_id=33"},"modified":"2026-01-15T13:39:20","modified_gmt":"2026-01-15T11:39:20","slug":"conducerea-r-a-r","status":"publish","type":"page","link":"https:\/\/www.rarom.ro\/?page_id=33","title":{"rendered":"Conducerea RAR &#8211; RA"},"content":{"rendered":"\n<hr>\n\n\n\n<div style=\"height:20px\" aria-hidden=\"true\" class=\"wp-block-spacer\"><\/div>\n\n\n\n<div class=\"wp-block-columns is-layout-flex wp-container-core-columns-is-layout-9d6595d7 wp-block-columns-is-layout-flex\">\n<div class=\"wp-block-column is-vertically-aligned-center is-layout-flow wp-block-column-is-layout-flow\"><div class=\"wp-block-image is-style-rounded\">\n<figure class=\"aligncenter size-full\"><a href=\"\/?management=mihai-alecu\"><img loading=\"lazy\" decoding=\"async\" width=\"142\" height=\"142\" src=\"https:\/\/www.rarom.ro\/wp-content\/uploads\/2023\/08\/DG-Mihai-Alecu.jpg\" alt=\"\" class=\"wp-image-295064\" srcset=\"https:\/\/www.rarom.ro\/wp-content\/uploads\/2023\/08\/DG-Mihai-Alecu.jpg 142w, https:\/\/www.rarom.ro\/wp-content\/uploads\/2023\/08\/DG-Mihai-Alecu-85x85.jpg 85w, https:\/\/www.rarom.ro\/wp-content\/uploads\/2023\/08\/DG-Mihai-Alecu-60x60.jpg 60w, https:\/\/www.rarom.ro\/wp-content\/uploads\/2023\/08\/DG-Mihai-Alecu-16x16.jpg 16w\" sizes=\"auto, (max-width: 142px) 100vw, 142px\" \/><\/a><\/figure><\/div>\n\n\n<div style=\"height:20px\" aria-hidden=\"true\" class=\"wp-block-spacer\"><\/div>\n\n\n\n<p class=\"has-text-align-center\"><strong><a href=\"\/?management=mihai-alecu\">Mihai ALECU<\/a><\/strong><br>Director General<\/p>\n<\/div>\n\n\n\n<div class=\"wp-block-column is-vertically-aligned-center is-layout-flow wp-block-column-is-layout-flow\">\n<p class=\"has-text-align-left\">Data numire: 07.12.2024<br>Data \u00eencetare: 08.08.2028<br><br>Apartenen\u021ba politic\u0103: neafiliat politic<\/p>\n\n\n\n<details class=\"wp-block-details is-layout-flow wp-block-details-is-layout-flow\"><summary>Remunera\u021bie<\/summary>\n<p>p\u00e2n\u0103 la de 3 ori media pe ultimele 12 luni a c\u00e2\u0219tigului salarial mediu brut lunar pentru activitatea desf\u0103\u0219urat\u0103 conform obiectului principal de activitate \u00eenregistrat de regia autonom\u0103, la nivel de clas\u0103, conform clasifica\u021biei activit\u0103\u021bilor din economia na\u021bional\u0103, comunicat de Institutul Na\u021bional de Statistic\u0103 anterior numirii pentru perioadele lunare \u00een care regia autonom\u0103 \u00eendepline\u0219te cumulative urm\u0103toarele condi\u021bii:<\/p>\n\n\n\n<p>a) nu are datorii restante fa\u021b\u0103 de bugetul general consolidate;<\/p>\n\n\n\n<p>b) nu are datorii restante fa\u021b\u0103 de furnizori \u0219i fa\u021b\u0103 de al\u021bi creditori;<\/p>\n\n\n\n<p>c) are programele de investi\u021bii implementate conform graficelor de execu\u021bie; d) nu are \u00eenregistrate pierderi contabile anterioare \u0219i nu \u00eenregistreaz\u0103 pierderi contabile curente. <\/p>\n\n\n\n<p><\/p>\n\n\n\n<p><a href=\"https:\/\/www.rarom.ro\/wp-content\/uploads\/2025\/08\/INS-1066_27-01-2025.pdf\">Anex\u0103m INS la data numirii.<\/a><\/p>\n<\/details>\n\n\n\n<details class=\"wp-block-details is-layout-flow wp-block-details-is-layout-flow\"><summary>Declara\u021bii de avere \u0219i de interese<\/summary>\n<p><a href=\"https:\/\/www.rarom.ro\/wp-content\/uploads\/2025\/06\/DA-Alecu-Mihai-anuala.pdf\" target=\"_blank\" rel=\"noreferrer noopener\">DA Alecu Mihai<\/a><br><a href=\"https:\/\/www.rarom.ro\/wp-content\/uploads\/2025\/06\/DI-Alecu-Mihai-anuala.pdf\" target=\"_blank\" rel=\"noreferrer noopener\">DI Alecu Mihai<\/a><\/p>\n<\/details>\n<\/div>\n<\/div>\n\n\n\n<hr>\n\n\n\n<div style=\"height:30px\" aria-hidden=\"true\" class=\"wp-block-spacer\"><\/div>\n\n\n\n<div class=\"wp-block-columns is-layout-flex wp-container-core-columns-is-layout-9d6595d7 wp-block-columns-is-layout-flex\">\n<div class=\"wp-block-column is-vertically-aligned-center is-layout-flow wp-block-column-is-layout-flow\">\n<p class=\"has-text-align-center\"><strong><a href=\"\/?management=mihai-alecu\"><\/a><strong><a href=\"https:\/\/www.rarom.ro\/wp-content\/uploads\/2025\/02\/CV-Alina-Mihaela-Nita.pdf\" target=\"_blank\" rel=\"noreferrer noopener\">Alina NI\u021a\u0102<\/a><\/strong><\/strong><br>Director Economic<\/p>\n<\/div>\n\n\n\n<div class=\"wp-block-column is-vertically-aligned-center is-layout-flow wp-block-column-is-layout-flow\">\n<p class=\"has-text-align-left\">Data numire: 07.12.2024<br>Data \u00eencetare: 08.08.2028<br><br>Apartenen\u021ba politic\u0103: neafiliat\u0103 politic<\/p>\n\n\n\n<details class=\"wp-block-details is-layout-flow wp-block-details-is-layout-flow\"><summary>Remunera\u021bie<\/summary>\n<p>p\u00e2n\u0103 la de 3 ori media pe ultimele 12 luni a c\u00e2\u0219tigului salarial mediu brut lunar pentru activitatea desf\u0103\u0219urat\u0103 conform obiectului principal de activitate \u00eenregistrat de regia autonom\u0103, la nivel de clas\u0103, conform clasifica\u021biei activit\u0103\u021bilor din economia na\u021bional\u0103, comunicat de Institutul Na\u021bional de Statistic\u0103 anterior numirii pentru perioadele lunare \u00een care regia autonom\u0103 \u00eendepline\u0219te cumulative urm\u0103toarele condi\u021bii:<\/p>\n\n\n\n<p>a) nu are datorii restante fa\u021b\u0103 de bugetul general consolidate;<\/p>\n\n\n\n<p>b) nu are datorii restante fa\u021b\u0103 de furnizori \u0219i fa\u021b\u0103 de al\u021bi creditori;<\/p>\n\n\n\n<p>c) are programele de investi\u021bii implementate conform graficelor de execu\u021bie; d) nu are \u00eenregistrate pierderi contabile anterioare \u0219i nu \u00eenregistreaz\u0103 pierderi contabile curente.<\/p>\n\n\n\n<p><a href=\"https:\/\/www.rarom.ro\/wp-content\/uploads\/2025\/08\/INS-1066_27-01-2025.pdf\">Anex\u0103m INS la data numirii.<\/a><\/p>\n<\/details>\n\n\n\n<details class=\"wp-block-details is-layout-flow wp-block-details-is-layout-flow\"><summary>Declara\u021bii de avere \u0219i de interese<\/summary>\n<p><a href=\"https:\/\/www.rarom.ro\/wp-content\/uploads\/2025\/06\/DA-Nita-Alina-Mihaela-anuala.pdf\" target=\"_blank\" rel=\"noreferrer noopener\">DA Ni\u021b\u0103 Alina Mihaela<\/a><br><a href=\"https:\/\/www.rarom.ro\/wp-content\/uploads\/2025\/06\/DI-Nita-Alina-Mihaela.pdf\" target=\"_blank\" rel=\"noreferrer noopener\">DI Ni\u021b\u0103 Alina Mihaela<\/a><\/p>\n<\/details>\n<\/div>\n<\/div>\n\n\n\n<div style=\"height:10px\" aria-hidden=\"true\" class=\"wp-block-spacer\"><\/div>\n\n\n\n<hr>\n\n\n\n<div style=\"height:50px\" aria-hidden=\"true\" class=\"wp-block-spacer\"><\/div>\n\n\n\n<div class=\"wp-block-columns is-layout-flex wp-container-core-columns-is-layout-9d6595d7 wp-block-columns-is-layout-flex\">\n<div class=\"wp-block-column is-layout-flow wp-block-column-is-layout-flow\">\n<p class=\"has-text-align-center\"><strong><a href=\"https:\/\/www.rarom.ro\/wp-content\/uploads\/2025\/10\/CV_Eusebiu-Pistru-2025.pdf\" target=\"_blank\" rel=\"noreferrer noopener\">Ing. Eusebiu PISTRU<\/a><\/strong><br>Director General Adjunct<\/p>\n\n\n<div class=\"wp-block-image is-style-rounded\">\n<figure class=\"aligncenter size-thumbnail\"><a href=\"https:\/\/www.rarom.ro\/wp-content\/uploads\/2025\/10\/Eusebiu-Pistru-1.jpeg\"><img loading=\"lazy\" decoding=\"async\" width=\"150\" height=\"150\" src=\"https:\/\/www.rarom.ro\/wp-content\/uploads\/2025\/10\/Eusebiu-Pistru-150x150.jpg\" alt=\"\" class=\"wp-image-301623\" srcset=\"https:\/\/www.rarom.ro\/wp-content\/uploads\/2025\/10\/Eusebiu-Pistru-150x150.jpg 150w, https:\/\/www.rarom.ro\/wp-content\/uploads\/2025\/10\/Eusebiu-Pistru-85x85.jpg 85w, https:\/\/www.rarom.ro\/wp-content\/uploads\/2025\/10\/Eusebiu-Pistru-60x60.jpg 60w, https:\/\/www.rarom.ro\/wp-content\/uploads\/2025\/10\/Eusebiu-Pistru-16x16.jpg 16w, https:\/\/www.rarom.ro\/wp-content\/uploads\/2025\/10\/Eusebiu-Pistru.jpg 170w\" sizes=\"auto, (max-width: 150px) 100vw, 150px\" \/><\/a><\/figure><\/div>\n\n\n<div style=\"height:20px\" aria-hidden=\"true\" class=\"wp-block-spacer\"><\/div>\n<\/div>\n\n\n\n<div class=\"wp-block-column is-layout-flow wp-block-column-is-layout-flow\">\n<p class=\"has-text-align-center\"><a data-type=\"URL\" data-id=\"\/?management=laurentiu-popa\" href=\"\/?management=laurentiu-popa\"><strong>Ing. Lauren\u021biu POPA<\/strong><\/a><br>Director General Adjunct<\/p>\n\n\n<div class=\"wp-block-image is-style-rounded\">\n<figure class=\"aligncenter size-thumbnail\"><a href=\"\/?management=laurentiu-popa\"><img loading=\"lazy\" decoding=\"async\" width=\"150\" height=\"150\" src=\"https:\/\/www.rarom.ro\/wp-content\/uploads\/2022\/03\/Laurentiu-Popa-150x150.jpg\" alt=\"\" class=\"wp-image-12749\" srcset=\"https:\/\/www.rarom.ro\/wp-content\/uploads\/2022\/03\/Laurentiu-Popa-150x150.jpg 150w, https:\/\/www.rarom.ro\/wp-content\/uploads\/2022\/03\/Laurentiu-Popa-85x85.jpg 85w, https:\/\/www.rarom.ro\/wp-content\/uploads\/2022\/03\/Laurentiu-Popa-275x275.jpg 275w, https:\/\/www.rarom.ro\/wp-content\/uploads\/2022\/03\/Laurentiu-Popa-60x60.jpg 60w, https:\/\/www.rarom.ro\/wp-content\/uploads\/2022\/03\/Laurentiu-Popa-16x16.jpg 16w\" sizes=\"auto, (max-width: 150px) 100vw, 150px\" \/><\/a><\/figure><\/div>\n\n\n<div style=\"height:20px\" aria-hidden=\"true\" class=\"wp-block-spacer\"><\/div>\n<\/div>\n<\/div>\n\n\n\n<div class=\"wp-block-columns is-layout-flex wp-container-core-columns-is-layout-9d6595d7 wp-block-columns-is-layout-flex\">\n<div class=\"wp-block-column is-vertically-aligned-top is-layout-flow wp-block-column-is-layout-flow\">\n<p class=\"has-text-align-center\"><a data-type=\"URL\" data-id=\"\/?management=ing-cristian-viorel-bucur\" href=\"\/?management=ing-cristian-viorel-bucur\"><strong>Ing. Cristian Viorel BUCUR<\/strong><\/a><br>Director Tehnic<\/p>\n\n\n<div class=\"wp-block-image is-style-rounded\">\n<figure class=\"aligncenter size-thumbnail\"><a href=\"\/?management=ing-cristian-viorel-bucur\"><img loading=\"lazy\" decoding=\"async\" width=\"150\" height=\"150\" src=\"https:\/\/www.rarom.ro\/wp-content\/uploads\/2015\/10\/Cristian-Bucur-150x150.jpg\" alt=\"\" class=\"wp-image-300495\" srcset=\"https:\/\/www.rarom.ro\/wp-content\/uploads\/2015\/10\/Cristian-Bucur-150x150.jpg 150w, https:\/\/www.rarom.ro\/wp-content\/uploads\/2015\/10\/Cristian-Bucur-300x300.jpg 300w, https:\/\/www.rarom.ro\/wp-content\/uploads\/2015\/10\/Cristian-Bucur-85x85.jpg 85w, https:\/\/www.rarom.ro\/wp-content\/uploads\/2015\/10\/Cristian-Bucur-275x275.jpg 275w, https:\/\/www.rarom.ro\/wp-content\/uploads\/2015\/10\/Cristian-Bucur-60x60.jpg 60w, https:\/\/www.rarom.ro\/wp-content\/uploads\/2015\/10\/Cristian-Bucur-16x16.jpg 16w, https:\/\/www.rarom.ro\/wp-content\/uploads\/2015\/10\/Cristian-Bucur.jpg 500w\" sizes=\"auto, (max-width: 150px) 100vw, 150px\" \/><\/a><\/figure><\/div>\n\n\n<div style=\"height:20px\" aria-hidden=\"true\" class=\"wp-block-spacer\"><\/div>\n<\/div>\n\n\n\n<div class=\"wp-block-column is-vertically-aligned-top is-layout-flow wp-block-column-is-layout-flow\">\n<p class=\"has-text-align-center\"><strong><a href=\"https:\/\/www.rarom.ro\/?management=ion-tanase\">Ion Alexandru T\u0102NASE<\/a><\/strong><br>Director Direc\u021bie General\u0103<br><\/p>\n\n\n\n<div style=\"height:20px\" aria-hidden=\"true\" class=\"wp-block-spacer\"><\/div>\n\n\n<div class=\"wp-block-image is-style-default\">\n<figure class=\"aligncenter size-full\"><a href=\"https:\/\/www.rarom.ro\/wp-content\/uploads\/2025\/08\/sigla-RAR.png\"><img loading=\"lazy\" decoding=\"async\" width=\"105\" height=\"102\" src=\"https:\/\/www.rarom.ro\/wp-content\/uploads\/2025\/08\/sigla-RAR.png\" alt=\"\" class=\"wp-image-301346\" srcset=\"https:\/\/www.rarom.ro\/wp-content\/uploads\/2025\/08\/sigla-RAR.png 105w, https:\/\/www.rarom.ro\/wp-content\/uploads\/2025\/08\/sigla-RAR-16x16.png 16w\" sizes=\"auto, (max-width: 105px) 100vw, 105px\" \/><\/a><\/figure><\/div><\/div>\n<\/div>\n\n\n\n<div style=\"height:20px\" aria-hidden=\"true\" class=\"wp-block-spacer\"><\/div>\n\n\n\n<hr>\n\n\n\n<p><\/p>\n","protected":false},"excerpt":{"rendered":"<p>Mihai ALECUDirector General Data numire: 07.12.2024Data \u00eencetare: 08.08.2028 Apartenen\u021ba politic\u0103: neafiliat politic Alina NI\u021a\u0102Director Economic Data numire: 07.12.2024Data \u00eencetare: 08.08.2028 Apartenen\u021ba politic\u0103: neafiliat\u0103 politic Ing. Eusebiu PISTRUDirector General Adjunct Ing. Lauren\u021biu POPADirector General Adjunct Ing. Cristian Viorel BUCURDirector Tehnic Ion Alexandru T\u0102NASEDirector Direc\u021bie General\u0103<\/p>\n","protected":false},"author":1,"featured_media":0,"parent":6,"menu_order":2,"comment_status":"closed","ping_status":"closed","template":"","meta":{"_acf_changed":false,"footnotes":""},"class_list":["post-33","page","type-page","status-publish","hentry"],"acf":[],"_links":{"self":[{"href":"https:\/\/www.rarom.ro\/index.php?rest_route=\/wp\/v2\/pages\/33","targetHints":{"allow":["GET"]}}],"collection":[{"href":"https:\/\/www.rarom.ro\/index.php?rest_route=\/wp\/v2\/pages"}],"about":[{"href":"https:\/\/www.rarom.ro\/index.php?rest_route=\/wp\/v2\/types\/page"}],"author":[{"embeddable":true,"href":"https:\/\/www.rarom.ro\/index.php?rest_route=\/wp\/v2\/users\/1"}],"replies":[{"embeddable":true,"href":"https:\/\/www.rarom.ro\/index.php?rest_route=%2Fwp%2Fv2%2Fcomments&post=33"}],"version-history":[{"count":74,"href":"https:\/\/www.rarom.ro\/index.php?rest_route=\/wp\/v2\/pages\/33\/revisions"}],"predecessor-version":[{"id":302065,"href":"https:\/\/www.rarom.ro\/index.php?rest_route=\/wp\/v2\/pages\/33\/revisions\/302065"}],"up":[{"embeddable":true,"href":"https:\/\/www.rarom.ro\/index.php?rest_route=\/wp\/v2\/pages\/6"}],"wp:attachment":[{"href":"https:\/\/www.rarom.ro\/index.php?rest_route=%2Fwp%2Fv2%2Fmedia&parent=33"}],"curies":[{"name":"wp","href":"https:\/\/api.w.org\/{rel}","templated":true}]}}