{"id":301272,"date":"2025-08-06T13:43:53","date_gmt":"2025-08-06T10:43:53","guid":{"rendered":"https:\/\/www.rarom.ro\/?page_id=301272"},"modified":"2026-01-15T14:23:58","modified_gmt":"2026-01-15T12:23:58","slug":"guvernanta-corporativa","status":"publish","type":"page","link":"https:\/\/www.rarom.ro\/?page_id=301272","title":{"rendered":"Guvernan\u021b\u0103 Corporativ\u0103"},"content":{"rendered":"\n<blockquote class=\"wp-block-quote is-layout-flow wp-block-quote-is-layout-flow\">\n<p>Conform O.U.G. nr. 109\/2011 privind guvernan\u0163a corporativ\u0103 a \u00eentreprinderilor publice<\/p>\n<\/blockquote>\n\n\n\n<div style=\"height:20px\" aria-hidden=\"true\" class=\"wp-block-spacer\"><\/div>\n\n\n\n<p>Hot\u0103r\u00e2rile adun\u0103rilor generale ale ac\u021bionarilor &#8211; nu este cazul<\/p>\n\n\n\n<hr>\n\n\n\n<p><a href=\"https:\/\/www.rarom.ro\/?page_id=292049\">Situa\u0163iile financiare anuale<\/a><\/p>\n\n\n\n<hr>\n\n\n\n<p><a href=\"https:\/\/www.rarom.ro\/?page_id=292049\">Raport\u0103rile contabile semestriale<\/a><\/p>\n\n\n\n<hr>\n\n\n\n<p><a href=\"https:\/\/www.rarom.ro\/?page_id=33\">Conducerea RAR \u2013 RA <\/a><\/p>\n\n\n\n<hr>\n\n\n\n<p><a href=\"https:\/\/www.rarom.ro\/?page_id=269\">Componen\u021ba&nbsp;Consiliului de administra\u0163ie al RAR-RA <\/a><\/p>\n\n\n\n<hr>\n\n\n\n<details class=\"wp-block-details is-layout-flow wp-block-details-is-layout-flow\"><summary>Declara\u021bii de avere \u0219i de interese<\/summary>\n<p>Conducerea RAR \u2013 RA <br><a href=\"https:\/\/www.rarom.ro\/?page_id=33\">Declara\u021bii de avere \u0219i de interese<\/a><\/p>\n\n\n\n<p>Consiliul de administra\u0163ie al RAR-RA <br><a href=\"https:\/\/www.rarom.ro\/?page_id=269\">Declara\u021bii de avere \u0219i de interese<\/a><\/p>\n\n\n\n<p>***<br><a href=\"https:\/\/www.rarom.ro\/?page_id=1297\">Declara\u021bii de avere \u0219i de interese<\/a><\/p>\n<\/details>\n\n\n\n<hr>\n\n\n\n<p><a href=\"https:\/\/www.rarom.ro\/?page_id=298920\">Rapoartele anuale cu privire la remunera\u021biile \u0219i alte avantaje acordate administratorilor, directorului economic \u0219i directorului general<\/a><\/p>\n\n\n\n<hr>\n\n\n\n<details class=\"wp-block-details is-layout-flow wp-block-details-is-layout-flow\"><summary>Cod etic\/deontologic\/de conduit\u0103<\/summary>\n<p><a href=\"https:\/\/www.rarom.ro\/wp-content\/uploads\/2025\/04\/Codul-de-etica-al-CA-si-al-conducerii-executive-R.A.R-RA-revizuire.pdf\" target=\"_blank\" rel=\"noreferrer noopener\">Codul de etic\u0103 al CA \u0219i al conducerii executive din cadrul R.A.R-RA <\/a>\u2013 revizuire 2025<\/p>\n\n\n\n<p><a href=\"https:\/\/www.rarom.ro\/wp-content\/uploads\/2024\/12\/Codul-de-etica-al-CA-si-al-CE-din-cadrul-RAR-RA.pdf\" target=\"_blank\" rel=\"noreferrer noopener\">Codul de Etic\u0103 al Consiliului de Administra\u021bie \u0219i al conducerii executive din cadrul Registrului Auto Rom\u00e2n- R.A.<\/a><\/p>\n\n\n\n<p><a href=\"https:\/\/www.rarom.ro\/wp-content\/uploads\/2019\/06\/RAR_Codul_de_ConduitaEtica-CA.pdf\" target=\"_blank\" rel=\"noreferrer noopener\">Codul de Conduit\u0103 Etic\u0103 al Consiliului de Administra\u021bie din cadrul R.A.R. \u2013 R.A.<\/a><\/p>\n<\/details>\n\n\n\n<hr>\n\n\n\n<details class=\"wp-block-details is-layout-flow wp-block-details-is-layout-flow\"><summary>Proceduri de selectie conform O.U.G. nr. 109\/2011<\/summary>\n<div style=\"height:10px\" aria-hidden=\"true\" class=\"wp-block-spacer\"><\/div>\n\n\n\n<p><a href=\"https:\/\/www.rarom.ro\/?p=298165\">Anun\u0163 de selec\u021bie pentru pozi\u0163ia de Director General al Regiei Autonome \u201eRegistrul Auto Rom\u00e2n\u201d \u2013 RECTIFICARE<\/a><\/p>\n\n\n\n<p><a href=\"https:\/\/www.rarom.ro\/?p=297919\">Anun\u0163 de selec\u021bie pentru pozi\u0163ia de Director Economic al Regiei Autonome \u201eRegistrul Auto Rom\u00e2n\u201d<\/a><\/p>\n\n\n\n<p><a href=\"https:\/\/www.rarom.ro\/?p=14178\">Anun\u021b de recrutare \u0219i selec\u021bie pentru 6 (\u0219ase) pozi\u021bii de membru \u00een Consiliul de Administra\u021bie al Regiei Autonome \u2013 Registrul Auto Rom\u00e2n<\/a><\/p>\n<\/details>\n\n\n\n<hr>\n\n\n\n<details class=\"wp-block-details is-layout-flow wp-block-details-is-layout-flow\"><summary>Scrisoarea de a\u0219tept\u0103ri<\/summary>\n<div style=\"height:10px\" aria-hidden=\"true\" class=\"wp-block-spacer\"><\/div>\n\n\n\n<p><a href=\"https:\/\/www.rarom.ro\/?p=13732\">Scrisoarea de a\u0219tept\u0103ri necesar\u0103 selec\u021biei membrilor Consiliului de Administra\u021bie, respectiv directorilor, pentru perioada 2022 \u2013 2026, la Regia Autonom\u0103 \u2013 Registrul Auto Rom\u00e2n<\/a><\/p>\n<\/details>\n\n\n\n<hr>\n\n\n\n<details class=\"wp-block-details is-layout-flow wp-block-details-is-layout-flow\"><summary>Contracte de mandat<\/summary>\n<div style=\"height:10px\" aria-hidden=\"true\" class=\"wp-block-spacer\"><\/div>\n\n\n\n<p><a href=\"https:\/\/www.rarom.ro\/wp-content\/uploads\/2024\/09\/Contract-Mandat-Cadru.pdf\" target=\"_blank\" rel=\"noreferrer noopener\">Contract de Mandat membru CA<\/a><\/p>\n\n\n\n<p><a href=\"https:\/\/www.rarom.ro\/wp-content\/uploads\/2024\/12\/Contract-de-mandat-RAR-Mihai-Alecu.pdf\" target=\"_blank\" rel=\"noreferrer noopener\">Contract de mandat Director General<\/a><\/p>\n\n\n\n<p><a href=\"https:\/\/www.rarom.ro\/wp-content\/uploads\/2024\/12\/Contract-de-mandat-RAR-Alina-Nita.pdf\" target=\"_blank\" rel=\"noreferrer noopener\">Contract de mandat Director Economic<\/a><\/p>\n<\/details>\n\n\n\n<hr>\n\n\n\n<p><a href=\"https:\/\/www.rarom.ro\/wp-content\/uploads\/2025\/08\/cheltuieli_investitii-personal-2025.pdf\" target=\"_blank\" rel=\"noreferrer noopener\">Bugetul pentru investi\u021bii \u0219i cheltuielile totale cu personalul \u00een ultimii 3 ani financiari<\/a><\/p>\n\n\n\n<hr>\n\n\n\n<p>Datoriile \u00eentreprinderii publice c\u0103tre bugetul de stat, c\u0103tre institu\u021bii de creditare \u0219i c\u0103tre parteneri comerciali, cu men\u021biunea pentru fiecare categorie c\u00e2t la sut\u0103 este reprezentat de restan\u021be de plat\u0103 &#8211; nu este cazul<\/p>\n\n\n\n<hr>\n\n\n\n<p>Valoarea subven\u021biei opera\u021bionale primite de la bugetul de stat &#8211; nu este cazul<\/p>\n\n\n\n<hr>\n\n\n\n<p>Serviciile sau bunurile produse de \u00eentreprindere \u00een interes public &#8211; nu este cazul<\/p>\n\n\n\n<hr>\n\n\n\n<p>Men\u021bionarea obiectivului de politic\u0103 public\u0103 a \u00eentreprinderii &#8211; nu este cazul<\/p>\n\n\n\n<hr>\n\n\n\n<div style=\"height:10px\" aria-hidden=\"true\" class=\"wp-block-spacer\"><\/div>\n\n\n\n<details class=\"wp-block-details is-layout-flow wp-block-details-is-layout-flow\"><summary>Situa\u021biile de risc\/analiza de risc din domeniul de activitate al \u00eentreprinderii<\/summary>\n<div style=\"height:10px\" aria-hidden=\"true\" class=\"wp-block-spacer\"><\/div>\n\n\n\n<p><a href=\"https:\/\/www.rarom.ro\/wp-content\/uploads\/2025\/08\/Registrul-Riscurilor-RAR-2024.pdf\" target=\"_blank\" rel=\"noreferrer noopener\">Registrul riscurilor pentru anul 2024<\/a><\/p>\n\n\n\n<p><a href=\"https:\/\/www.rarom.ro\/wp-content\/uploads\/2025\/08\/Registrul-Riscurilor-RAR-2023.pdf\" target=\"_blank\" rel=\"noreferrer noopener\">Registrul riscurilor pentru anul 2023<\/a><\/p>\n\n\n\n<p><a href=\"https:\/\/www.rarom.ro\/wp-content\/uploads\/2025\/08\/Registrul-Riscurilor-RAR-2022.pdf\" target=\"_blank\" rel=\"noreferrer noopener\">Registrul riscurilor pentru anul 2022<\/a><\/p>\n<\/details>\n\n\n\n<hr>\n\n\n\n<p><a href=\"https:\/\/www.rarom.ro\/?page_id=291996\">Rapoartele anuale agregate<\/a><\/p>\n\n\n\n<hr>\n\n\n\n<details class=\"wp-block-details is-layout-flow wp-block-details-is-layout-flow\"><summary>Planul de integritate al \u00eentreprinderii \u0219i mecanismul de raportare de c\u0103tre avertizorii \u00een interes public a \u00eenc\u0103lc\u0103rilor legii<\/summary>\n<div style=\"height:10px\" aria-hidden=\"true\" class=\"wp-block-spacer\"><\/div>\n\n\n\n<p><a href=\"https:\/\/www.rarom.ro\/?page_id=298924\">Planul de integritate al \u00eentreprinderii<\/a><\/p>\n\n\n\n<p><a href=\"https:\/\/www.rarom.ro\/?page_id=298732\">Mecanismul de raportare de c\u0103tre avertizorii \u00een interes public a \u00eenc\u0103lc\u0103rilor legii<\/a><\/p>\n<\/details>\n\n\n\n<hr>\n\n\n\n<p><a href=\"https:\/\/www.rarom.ro\/?page_id=291996\">Raportul de audit anual<\/a><\/p>\n\n\n\n<hr>\n\n\n\n<p><\/p>\n","protected":false},"excerpt":{"rendered":"<p>Conform O.U.G. nr. 109\/2011 privind guvernan\u0163a corporativ\u0103 a \u00eentreprinderilor publice Hot\u0103r\u00e2rile adun\u0103rilor generale ale ac\u021bionarilor &#8211; nu este cazul Situa\u0163iile financiare anuale Raport\u0103rile contabile semestriale Conducerea RAR \u2013 RA Componen\u021ba&nbsp;Consiliului de administra\u0163ie al RAR-RA Rapoartele anuale cu privire la remunera\u021biile \u0219i alte avantaje acordate administratorilor, directorului economic \u0219i directorului general Bugetul pentru investi\u021bii \u0219i cheltuielile [&hellip;]<\/p>\n","protected":false},"author":3,"featured_media":0,"parent":6,"menu_order":9,"comment_status":"closed","ping_status":"closed","template":"","meta":{"_acf_changed":false,"footnotes":""},"class_list":["post-301272","page","type-page","status-publish","hentry"],"acf":[],"_links":{"self":[{"href":"https:\/\/www.rarom.ro\/index.php?rest_route=\/wp\/v2\/pages\/301272","targetHints":{"allow":["GET"]}}],"collection":[{"href":"https:\/\/www.rarom.ro\/index.php?rest_route=\/wp\/v2\/pages"}],"about":[{"href":"https:\/\/www.rarom.ro\/index.php?rest_route=\/wp\/v2\/types\/page"}],"author":[{"embeddable":true,"href":"https:\/\/www.rarom.ro\/index.php?rest_route=\/wp\/v2\/users\/3"}],"replies":[{"embeddable":true,"href":"https:\/\/www.rarom.ro\/index.php?rest_route=%2Fwp%2Fv2%2Fcomments&post=301272"}],"version-history":[{"count":52,"href":"https:\/\/www.rarom.ro\/index.php?rest_route=\/wp\/v2\/pages\/301272\/revisions"}],"predecessor-version":[{"id":302094,"href":"https:\/\/www.rarom.ro\/index.php?rest_route=\/wp\/v2\/pages\/301272\/revisions\/302094"}],"up":[{"embeddable":true,"href":"https:\/\/www.rarom.ro\/index.php?rest_route=\/wp\/v2\/pages\/6"}],"wp:attachment":[{"href":"https:\/\/www.rarom.ro\/index.php?rest_route=%2Fwp%2Fv2%2Fmedia&parent=301272"}],"curies":[{"name":"wp","href":"https:\/\/api.w.org\/{rel}","templated":true}]}}