{"id":301232,"date":"2025-08-04T14:03:32","date_gmt":"2025-08-04T11:03:32","guid":{"rendered":"https:\/\/www.rarom.ro\/?page_id=301232"},"modified":"2025-08-06T12:43:09","modified_gmt":"2025-08-06T09:43:09","slug":"301232-2","status":"publish","type":"page","link":"https:\/\/www.rarom.ro\/?page_id=301232","title":{"rendered":"Volvo"},"content":{"rendered":"\n<blockquote class=\"wp-block-quote is-layout-flow wp-block-quote-is-layout-flow\">\n<p>Campanii de rechemare<\/p>\n<\/blockquote>\n\n\n\n<div class=\"wp-block-columns is-layout-flex wp-container-core-columns-is-layout-9d6595d7 wp-block-columns-is-layout-flex\">\n<div class=\"wp-block-column is-layout-flow wp-block-column-is-layout-flow\" style=\"flex-basis:25%\"><\/div>\n\n\n\n<div class=\"wp-block-column is-layout-flow wp-block-column-is-layout-flow\" style=\"flex-basis:50%\">\n<div style=\"height:20px\" aria-hidden=\"true\" class=\"wp-block-spacer\"><\/div>\n\n\n<div class=\"wp-block-image\">\n<figure class=\"aligncenter size-full\"><a href=\"https:\/\/www.volvocars.com\/ro\/l\/recall\/\"><img loading=\"lazy\" decoding=\"async\" width=\"250\" height=\"150\" src=\"https:\/\/www.rarom.ro\/wp-content\/uploads\/2025\/08\/volvo-1.png\" alt=\"\" class=\"wp-image-301233\"\/><\/a><\/figure><\/div>\n\n\n<p class=\"has-text-align-center\">Pentru a afla dac\u0103 autovehiculul dumneavoastr\u0103 are campanii de rechemare \u00een curs, v\u0103 rug\u0103m s\u0103 v\u0103 adresa\u021bi unui atelier din re\u021beaua autorizat\u0103 a produc\u0103torului.<\/p>\n<\/div>\n\n\n\n<div class=\"wp-block-column is-layout-flow wp-block-column-is-layout-flow\" style=\"flex-basis:25%\"><\/div>\n<\/div>\n\n\n\n<p><\/p>\n","protected":false},"excerpt":{"rendered":"<p>Campanii de rechemare Pentru a afla dac\u0103 autovehiculul dumneavoastr\u0103 are campanii de rechemare \u00een curs, v\u0103 rug\u0103m s\u0103 v\u0103 adresa\u021bi unui atelier din re\u021beaua autorizat\u0103 a produc\u0103torului.<\/p>\n","protected":false},"author":3,"featured_media":0,"parent":300784,"menu_order":133,"comment_status":"closed","ping_status":"closed","template":"","meta":{"_acf_changed":false,"footnotes":""},"class_list":["post-301232","page","type-page","status-publish","hentry"],"acf":[],"_links":{"self":[{"href":"https:\/\/www.rarom.ro\/index.php?rest_route=\/wp\/v2\/pages\/301232","targetHints":{"allow":["GET"]}}],"collection":[{"href":"https:\/\/www.rarom.ro\/index.php?rest_route=\/wp\/v2\/pages"}],"about":[{"href":"https:\/\/www.rarom.ro\/index.php?rest_route=\/wp\/v2\/types\/page"}],"author":[{"embeddable":true,"href":"https:\/\/www.rarom.ro\/index.php?rest_route=\/wp\/v2\/users\/3"}],"replies":[{"embeddable":true,"href":"https:\/\/www.rarom.ro\/index.php?rest_route=%2Fwp%2Fv2%2Fcomments&post=301232"}],"version-history":[{"count":4,"href":"https:\/\/www.rarom.ro\/index.php?rest_route=\/wp\/v2\/pages\/301232\/revisions"}],"predecessor-version":[{"id":301270,"href":"https:\/\/www.rarom.ro\/index.php?rest_route=\/wp\/v2\/pages\/301232\/revisions\/301270"}],"up":[{"embeddable":true,"href":"https:\/\/www.rarom.ro\/index.php?rest_route=\/wp\/v2\/pages\/300784"}],"wp:attachment":[{"href":"https:\/\/www.rarom.ro\/index.php?rest_route=%2Fwp%2Fv2%2Fmedia&parent=301232"}],"curies":[{"name":"wp","href":"https:\/\/api.w.org\/{rel}","templated":true}]}}