{"id":300754,"date":"2025-07-23T10:43:57","date_gmt":"2025-07-23T07:43:57","guid":{"rendered":"https:\/\/www.rarom.ro\/?page_id=300754"},"modified":"2025-08-06T12:40:20","modified_gmt":"2025-08-06T09:40:20","slug":"audi","status":"publish","type":"page","link":"https:\/\/www.rarom.ro\/?page_id=300754","title":{"rendered":"Audi"},"content":{"rendered":"\n<blockquote class=\"wp-block-quote is-layout-flow wp-block-quote-is-layout-flow\">\n<p>Campanii de rechemare<\/p>\n<\/blockquote>\n\n\n\n<div class=\"wp-block-columns is-layout-flex wp-container-core-columns-is-layout-9d6595d7 wp-block-columns-is-layout-flex\">\n<div class=\"wp-block-column is-layout-flow wp-block-column-is-layout-flow\" style=\"flex-basis:25%\"><\/div>\n\n\n\n<div class=\"wp-block-column is-layout-flow wp-block-column-is-layout-flow\" style=\"flex-basis:50%\"><div class=\"wp-block-image\">\n<figure class=\"aligncenter size-full\"><a href=\"https:\/\/www.audi.ro\/service-si-accesorii\/campanie-de-rechemare-airbaguri\" target=\"_blank\" rel=\" noreferrer noopener\"><img loading=\"lazy\" decoding=\"async\" width=\"250\" height=\"150\" src=\"https:\/\/www.rarom.ro\/wp-content\/uploads\/2025\/07\/audi.png\" alt=\"\" class=\"wp-image-300757\"\/><\/a><\/figure><\/div>\n\n\n<p class=\"has-text-align-center has-vivid-red-color has-text-color has-link-color wp-elements-41307d33f638811d536ab379099dc7b9\"><strong>Aten\u021bie!<\/strong> <\/p>\n\n\n\n<p class=\"has-text-align-center\">Site-ul furnizat ofer\u0103 posibilitatea verific\u0103rii existen\u021bei campaniilor de rechemare pentru airbag-uri Takata. Pentru a verifica existen\u021ba altor campanii de rechemare pentru vehiculul dvs., v\u0103 rug\u0103m s\u0103 v\u0103 adresa\u021bi unui atelier din re\u021beaua autorizat\u0103 a produc\u0103torului!<\/p>\n<\/div>\n\n\n\n<div class=\"wp-block-column is-layout-flow wp-block-column-is-layout-flow\" style=\"flex-basis:25%\"><\/div>\n<\/div>\n\n\n\n<p><\/p>\n","protected":false},"excerpt":{"rendered":"<p>Campanii de rechemare Aten\u021bie! Site-ul furnizat ofer\u0103 posibilitatea verific\u0103rii existen\u021bei campaniilor de rechemare pentru airbag-uri Takata. Pentru a verifica existen\u021ba altor campanii de rechemare pentru vehiculul dvs., v\u0103 rug\u0103m s\u0103 v\u0103 adresa\u021bi unui atelier din re\u021beaua autorizat\u0103 a produc\u0103torului!<\/p>\n","protected":false},"author":3,"featured_media":0,"parent":300784,"menu_order":20,"comment_status":"closed","ping_status":"closed","template":"","meta":{"_acf_changed":false,"footnotes":""},"class_list":["post-300754","page","type-page","status-publish","hentry"],"acf":[],"_links":{"self":[{"href":"https:\/\/www.rarom.ro\/index.php?rest_route=\/wp\/v2\/pages\/300754","targetHints":{"allow":["GET"]}}],"collection":[{"href":"https:\/\/www.rarom.ro\/index.php?rest_route=\/wp\/v2\/pages"}],"about":[{"href":"https:\/\/www.rarom.ro\/index.php?rest_route=\/wp\/v2\/types\/page"}],"author":[{"embeddable":true,"href":"https:\/\/www.rarom.ro\/index.php?rest_route=\/wp\/v2\/users\/3"}],"replies":[{"embeddable":true,"href":"https:\/\/www.rarom.ro\/index.php?rest_route=%2Fwp%2Fv2%2Fcomments&post=300754"}],"version-history":[{"count":5,"href":"https:\/\/www.rarom.ro\/index.php?rest_route=\/wp\/v2\/pages\/300754\/revisions"}],"predecessor-version":[{"id":301258,"href":"https:\/\/www.rarom.ro\/index.php?rest_route=\/wp\/v2\/pages\/300754\/revisions\/301258"}],"up":[{"embeddable":true,"href":"https:\/\/www.rarom.ro\/index.php?rest_route=\/wp\/v2\/pages\/300784"}],"wp:attachment":[{"href":"https:\/\/www.rarom.ro\/index.php?rest_route=%2Fwp%2Fv2%2Fmedia&parent=300754"}],"curies":[{"name":"wp","href":"https:\/\/api.w.org\/{rel}","templated":true}]}}