{"id":299186,"date":"2025-03-10T14:18:59","date_gmt":"2025-03-10T12:18:59","guid":{"rendered":"https:\/\/www.rarom.ro\/?page_id=299186"},"modified":"2026-03-19T09:14:08","modified_gmt":"2026-03-19T07:14:08","slug":"conformitatea-in-functionare-isc","status":"publish","type":"page","link":"https:\/\/www.rarom.ro\/?page_id=299186","title":{"rendered":"Conformitatea \u00een func\u021bionare \u2013 ISC"},"content":{"rendered":"\n<p>Conform ultimelor reglement\u0103ri UE \u00een domeniu, emisiile poluante ale vehiculelor se verific\u0103 \u0219i \u00een perioada \u00een care acestea se afl\u0103 \u00een circula\u021bie. Verific\u0103rile de conformitate \u00een func\u0163ionare (In-Service Conformity \u2013 ISC) au scopul de a confirma c\u0103 emisiile la conducta de evacuare \u0219i emisiile evaporative sunt limitate efectiv \u00een timpul duratei de via\u0163\u0103 normale a vehiculelor \u00een condi\u0163ii de utilizare normale. Conformitatea \u00een func\u0163ionare se verific\u0103 pe vehicule corect \u00eentre\u0163inute \u0219i utilizate.<\/p>\n\n\n\n<p>RAR public\u0103 anual rezultatele verific\u0103rilor ISC.<\/p>\n\n\n\n<p><strong><a href=\"https:\/\/www.rarom.ro\/wp-content\/uploads\/2025\/03\/Raport-ISC_2021-2023.pdf\" target=\"_blank\" rel=\"noreferrer noopener\">Raport ISC 2024<\/a><\/strong><br><strong><a href=\"https:\/\/www.rarom.ro\/wp-content\/uploads\/2026\/03\/Raport-ISC-2025.pdf\" target=\"_blank\" rel=\"noreferrer noopener\">Raport ISC 2025<\/a><\/strong><\/p>\n","protected":false},"excerpt":{"rendered":"<p>Conform ultimelor reglement\u0103ri UE \u00een domeniu, emisiile poluante ale vehiculelor se verific\u0103 \u0219i \u00een perioada \u00een care acestea se afl\u0103 \u00een circula\u021bie. Verific\u0103rile de conformitate \u00een func\u0163ionare (In-Service Conformity \u2013 ISC) au scopul de a confirma c\u0103 emisiile la conducta de evacuare \u0219i emisiile evaporative sunt limitate efectiv \u00een timpul duratei de via\u0163\u0103 normale a [&hellip;]<\/p>\n","protected":false},"author":3,"featured_media":0,"parent":676,"menu_order":7,"comment_status":"closed","ping_status":"closed","template":"","meta":{"_acf_changed":false,"footnotes":""},"class_list":["post-299186","page","type-page","status-publish","hentry"],"acf":[],"_links":{"self":[{"href":"https:\/\/www.rarom.ro\/index.php?rest_route=\/wp\/v2\/pages\/299186","targetHints":{"allow":["GET"]}}],"collection":[{"href":"https:\/\/www.rarom.ro\/index.php?rest_route=\/wp\/v2\/pages"}],"about":[{"href":"https:\/\/www.rarom.ro\/index.php?rest_route=\/wp\/v2\/types\/page"}],"author":[{"embeddable":true,"href":"https:\/\/www.rarom.ro\/index.php?rest_route=\/wp\/v2\/users\/3"}],"replies":[{"embeddable":true,"href":"https:\/\/www.rarom.ro\/index.php?rest_route=%2Fwp%2Fv2%2Fcomments&post=299186"}],"version-history":[{"count":2,"href":"https:\/\/www.rarom.ro\/index.php?rest_route=\/wp\/v2\/pages\/299186\/revisions"}],"predecessor-version":[{"id":302317,"href":"https:\/\/www.rarom.ro\/index.php?rest_route=\/wp\/v2\/pages\/299186\/revisions\/302317"}],"up":[{"embeddable":true,"href":"https:\/\/www.rarom.ro\/index.php?rest_route=\/wp\/v2\/pages\/676"}],"wp:attachment":[{"href":"https:\/\/www.rarom.ro\/index.php?rest_route=%2Fwp%2Fv2%2Fmedia&parent=299186"}],"curies":[{"name":"wp","href":"https:\/\/api.w.org\/{rel}","templated":true}]}}