{"id":298916,"date":"2025-02-04T14:08:31","date_gmt":"2025-02-04T12:08:31","guid":{"rendered":"https:\/\/www.rarom.ro\/?page_id=298916"},"modified":"2025-02-05T10:57:24","modified_gmt":"2025-02-05T08:57:24","slug":"integritate-institutionala","status":"publish","type":"page","link":"https:\/\/www.rarom.ro\/?page_id=298916","title":{"rendered":"Integritate Institu\u021bional\u0103"},"content":{"rendered":"<div class=\"wp-bootstrap-blocks-button text-center\">\n\t<a\n\t\thref=\"https:\/\/www.rarom.ro\/?page_id=298918\"\n\t\t\t\t\t\tclass=\"btn btn-primary\"\n\t>\n\t\tCod etic\/deontologic\/de conduit\u0103\t<\/a>\n<\/div>\n\n\n\n<div style=\"height:10px\" aria-hidden=\"true\" class=\"wp-block-spacer\"><\/div>\n\n\n<div class=\"wp-bootstrap-blocks-button text-center\">\n\t<a\n\t\thref=\"https:\/\/www.rarom.ro\/?page_id=298920\"\n\t\t\t\t\t\tclass=\"btn btn-primary\"\n\t>\n\t\tLista cuprinz\u00e2nd cadourile primite\t<\/a>\n<\/div>\n\n\n\n<div style=\"height:10px\" aria-hidden=\"true\" class=\"wp-block-spacer\"><\/div>\n\n\n<div class=\"wp-bootstrap-blocks-button text-center\">\n\t<a\n\t\thref=\"https:\/\/www.rarom.ro\/?page_id=298732\"\n\t\t\t\t\t\tclass=\"btn btn-primary\"\n\t>\n\t\tMecanismul de raportare a \u00eenc\u0103lc\u0103rii legii\t<\/a>\n<\/div>\n\n\n\n<div style=\"height:10px\" aria-hidden=\"true\" class=\"wp-block-spacer\"><\/div>\n\n\n<div class=\"wp-bootstrap-blocks-button text-center\">\n\t<a\n\t\thref=\"https:\/\/www.rarom.ro\/?page_id=298922\"\n\t\t\t\t\t\tclass=\"btn btn-primary\"\n\t>\n\t\tDeclara\u0163ia privind asumarea unei agende de integritate organiza\u0163ional\u0103\t<\/a>\n<\/div>\n\n\n\n<div style=\"height:10px\" aria-hidden=\"true\" class=\"wp-block-spacer\"><\/div>\n\n\n<div class=\"wp-bootstrap-blocks-button text-center\">\n\t<a\n\t\thref=\"https:\/\/www.rarom.ro\/?page_id=298924\"\n\t\t\t\t\t\tclass=\"btn btn-primary\"\n\t>\n\t\tPlanul de integritate al institu\u021biei\t<\/a>\n<\/div>\n\n\n\n<div style=\"height:10px\" aria-hidden=\"true\" class=\"wp-block-spacer\"><\/div>\n\n\n<div class=\"wp-bootstrap-blocks-button text-center\">\n\t<a\n\t\thref=\"https:\/\/www.rarom.ro\/?page_id=298928\"\n\t\t\t\t\t\tclass=\"btn btn-primary\"\n\t>\n\t\tSitua\u021bia incidentelor de integritate\t<\/a>\n<\/div>\n\n\n\n<div style=\"height:10px\" aria-hidden=\"true\" class=\"wp-block-spacer\"><\/div>\n\n\n<div class=\"wp-bootstrap-blocks-button text-center\">\n\t<a\n\t\thref=\"https:\/\/www.rarom.ro\/?page_id=298930\"\n\t\t\t\t\t\tclass=\"btn btn-primary\"\n\t>\n\t\tStudii\/ cercet\u0103ri\/ ghiduri\/ materiale informative relevante\t<\/a>\n<\/div>\n\n\n\n<div style=\"height:100px\" aria-hidden=\"true\" class=\"wp-block-spacer\"><\/div>\n","protected":false},"excerpt":{"rendered":"","protected":false},"author":3,"featured_media":0,"parent":0,"menu_order":0,"comment_status":"closed","ping_status":"closed","template":"","meta":{"_acf_changed":false,"footnotes":""},"class_list":["post-298916","page","type-page","status-publish","hentry"],"acf":[],"_links":{"self":[{"href":"https:\/\/www.rarom.ro\/index.php?rest_route=\/wp\/v2\/pages\/298916","targetHints":{"allow":["GET"]}}],"collection":[{"href":"https:\/\/www.rarom.ro\/index.php?rest_route=\/wp\/v2\/pages"}],"about":[{"href":"https:\/\/www.rarom.ro\/index.php?rest_route=\/wp\/v2\/types\/page"}],"author":[{"embeddable":true,"href":"https:\/\/www.rarom.ro\/index.php?rest_route=\/wp\/v2\/users\/3"}],"replies":[{"embeddable":true,"href":"https:\/\/www.rarom.ro\/index.php?rest_route=%2Fwp%2Fv2%2Fcomments&post=298916"}],"version-history":[{"count":3,"href":"https:\/\/www.rarom.ro\/index.php?rest_route=\/wp\/v2\/pages\/298916\/revisions"}],"predecessor-version":[{"id":298967,"href":"https:\/\/www.rarom.ro\/index.php?rest_route=\/wp\/v2\/pages\/298916\/revisions\/298967"}],"wp:attachment":[{"href":"https:\/\/www.rarom.ro\/index.php?rest_route=%2Fwp%2Fv2%2Fmedia&parent=298916"}],"curies":[{"name":"wp","href":"https:\/\/api.w.org\/{rel}","templated":true}]}}