{"id":297733,"date":"2024-08-14T16:29:16","date_gmt":"2024-08-14T13:29:16","guid":{"rendered":"https:\/\/www.rarom.ro\/?page_id=297733"},"modified":"2026-01-15T13:40:33","modified_gmt":"2026-01-15T11:40:33","slug":"declaratii-de-avere-si-de-interese-2024","status":"publish","type":"page","link":"https:\/\/www.rarom.ro\/?page_id=297733","title":{"rendered":"Declara\u0163ii de avere \u015fi interese 2024"},"content":{"rendered":"\n<hr>\n\n\n\n<p><strong>Consiliul de administra\u021bie<\/strong><\/p>\n\n\n\n<hr>\n\n\n\n<p><strong>Chis\u0103li\u021ba Ioan Narcis<\/strong> &#8211; <em>membru provizoriu<\/em><\/p>\n\n\n\n<p>Anual, p\u00e2n\u0103 la 15 iunie &#8211; 12.06.2024<br>&#8211;&nbsp;<a href=\"https:\/\/www.rarom.ro\/wp-content\/uploads\/2024\/06\/DA-Chisalita-Ioan-Narcis.pdf\" target=\"_blank\" rel=\"noreferrer noopener\">declara\u0163ie de avere<\/a><br>&#8211;&nbsp;<a href=\"https:\/\/www.rarom.ro\/wp-content\/uploads\/2024\/06\/DI-Chisalita-Ioan-Narcis.pdf\" target=\"_blank\" rel=\"noreferrer noopener\">declara\u0163ie de interese<\/a><\/p>\n\n\n\n<p>30 de zile de la \u00eencetare &#8211; 20.08.2024<br>&#8211;&nbsp;<a href=\"https:\/\/www.rarom.ro\/wp-content\/uploads\/2024\/08\/DA-Chisalita-Ioan-Narcis-30-zile-incetare.pdf\" target=\"_blank\" rel=\"noreferrer noopener\">declara\u0163ie de avere<\/a><br>&#8211;&nbsp;<a href=\"https:\/\/www.rarom.ro\/wp-content\/uploads\/2024\/08\/DI-Chisalita-Ioan-Narcis-30-zile-incetare.pdf\" target=\"_blank\" rel=\"noreferrer noopener\">declara\u0163ie de interese<\/a><\/p>\n\n\n\n<hr class=\"wp-block-separator has-alpha-channel-opacity\"\/>\n\n\n\n<p><strong>Dolineaschi Andrei<\/strong> &#8211; <em>membru provizoriu<\/em><\/p>\n\n\n\n<p>Anual, p\u00e2n\u0103 la 15 iunie &#8211; 13.06.2024<br>&#8211;&nbsp;<a href=\"https:\/\/www.rarom.ro\/wp-content\/uploads\/2024\/06\/DA-Dolineaschi-Andrei.pdf\" target=\"_blank\" rel=\"noreferrer noopener\">declara\u0163ie de avere<\/a><br>&#8211;&nbsp;<a href=\"https:\/\/www.rarom.ro\/wp-content\/uploads\/2024\/06\/DI-Dolineaschi-Andrei.pdf\" target=\"_blank\" rel=\"noreferrer noopener\">declara\u0163ie de interese<\/a><\/p>\n\n\n\n<p>30 de zile de la \u00eencetare &#8211; 03.09.2024<br>&#8211;&nbsp;<a href=\"https:\/\/www.rarom.ro\/wp-content\/uploads\/2024\/09\/DA-Dolineaschi-Andrei-30-zile-incetare.pdf\" target=\"_blank\" rel=\"noreferrer noopener\">declara\u0163ie de avere<\/a><br>&#8211;&nbsp;<a href=\"https:\/\/www.rarom.ro\/wp-content\/uploads\/2024\/09\/DI-Dolineaschi-Andrei-30-zile-incetare.pdf\" target=\"_blank\" rel=\"noreferrer noopener\">declara\u0163ie de interese<\/a><\/p>\n\n\n\n<hr class=\"wp-block-separator has-alpha-channel-opacity\"\/>\n\n\n\n<p><strong>Ulici Ion<\/strong> &#8211; <em>membru provizoriu<\/em><\/p>\n\n\n\n<p>Anual, p\u00e2n\u0103 la 15 iunie &#8211; 13.06.2024<br>&#8211;&nbsp;<a href=\"https:\/\/www.rarom.ro\/cs-uploads\/DA-DI\/2024\/DA\/DA%20Ulici%20Ion.pdf\" target=\"_blank\" rel=\"noreferrer noopener\">declara\u0163ie de avere<\/a><br>&#8211;&nbsp;<a href=\"https:\/\/www.rarom.ro\/cs-uploads\/DA-DI\/2024\/DI\/DI%20Ulici%20Ion.pdf\" target=\"_blank\" rel=\"noreferrer noopener\">declara\u0163ie de interese<\/a><\/p>\n\n\n\n<hr class=\"wp-block-separator has-alpha-channel-opacity\"\/>\n\n\n\n<p><strong>\u0218tefan Costel Dorin<\/strong> &#8211; <em>membru Pre\u0219edinte CA<\/em><\/p>\n\n\n\n<p>Anual, p\u00e2n\u0103 la 15 iunie &#8211; 07.06.2024<br>&#8211;&nbsp;<a href=\"https:\/\/www.rarom.ro\/wp-content\/uploads\/2024\/06\/DA-Stefan-Costel-Dorin.pdf\" target=\"_blank\" rel=\"noreferrer noopener\">declara\u0163ie de avere<\/a><br>&#8211;&nbsp;<a href=\"https:\/\/www.rarom.ro\/wp-content\/uploads\/2024\/06\/DI-Stefan-Costel-Dorin.pdf\" target=\"_blank\" rel=\"noreferrer noopener\">declara\u0163ie de interese<\/a><\/p>\n\n\n\n<p>30 de zile de la \u00eencetare &#8211; 12.08.2024<br>&#8211;&nbsp;<a href=\"https:\/\/www.rarom.ro\/wp-content\/uploads\/2024\/08\/DA-Stefan-Costel-Dorin-30-zile-incetare.pdf\" target=\"_blank\" rel=\"noreferrer noopener\">declara\u0163ie de avere<\/a><br>&#8211;&nbsp;<a href=\"https:\/\/www.rarom.ro\/wp-content\/uploads\/2024\/08\/DI-Stefan-Costel-Dorin-30-zile-incetare.pdf\" target=\"_blank\" rel=\"noreferrer noopener\">declara\u0163ie de interese<\/a><\/p>\n\n\n\n<p>30 de zile de la numire &#8211; membru final<br>\u2013&nbsp;<a href=\"https:\/\/www.rarom.ro\/wp-content\/uploads\/2024\/09\/DA-Stefan-Costel-Dorin-30-zile-numire.pdf\" target=\"_blank\" rel=\"noreferrer noopener\">declara\u021bie de avere<\/a><br>\u2013&nbsp;<a href=\"https:\/\/www.rarom.ro\/wp-content\/uploads\/2024\/09\/DI-Stefan-Costel-Dorin-30-zile-numire.pdf\" target=\"_blank\" rel=\"noreferrer noopener\">declara\u021bie de interese<\/a><\/p>\n\n\n\n<hr class=\"wp-block-separator has-alpha-channel-opacity\"\/>\n\n\n\n<p><strong>M\u00ceNDRESCU Bogdan Stelian<\/strong><\/p>\n\n\n\n<p><em><em>membru provizoriu<\/em><\/em><br>Anual, p\u00e2n\u0103 la 15 iunie &#8211; 06.06.2024<br>&#8211;&nbsp;<a href=\"https:\/\/www.rarom.ro\/wp-content\/uploads\/2024\/06\/DA-Mindrescu-Bogdan-Stelian.pdf\" target=\"_blank\" rel=\"noreferrer noopener\">declara\u0163ie de avere<\/a><br>&#8211;&nbsp;<a href=\"https:\/\/www.rarom.ro\/wp-content\/uploads\/2024\/06\/DI-Mindrescu-Bogdan-Stelian.pdf\" target=\"_blank\" rel=\"noreferrer noopener\">declara\u0163ie de interese<\/a><\/p>\n\n\n\n<p>30 de zile de la \u00eencetare &#8211; 06.09.2024<br>&#8211;&nbsp;<a href=\"https:\/\/www.rarom.ro\/wp-content\/uploads\/2024\/09\/DA-Mindrescu-Bogdan-Stelian-30-zile-incetare.pdf\" target=\"_blank\" rel=\"noreferrer noopener\">declara\u0163ie de avere<\/a><br>&#8211;&nbsp;<a href=\"https:\/\/www.rarom.ro\/wp-content\/uploads\/2024\/09\/DI-Mindrescu-Bogdan-Stelian-30-zile-incetare.pdf\" target=\"_blank\" rel=\"noreferrer noopener\">declara\u0163ie de interese<\/a><\/p>\n\n\n\n<p>membru final<br>30 de zile de la numire &#8211; 06.09.2024<br>\u2013&nbsp;<a href=\"https:\/\/www.rarom.ro\/wp-content\/uploads\/2024\/09\/DA-Mindrescu-Bogdan-Stelian-30-zile-numire.pdf\" target=\"_blank\" rel=\"noreferrer noopener\">declara\u021bie de avere<\/a><br>\u2013&nbsp;<a href=\"https:\/\/www.rarom.ro\/wp-content\/uploads\/2024\/09\/DI-Mindrescu-Bogdan-Stelian-30-zile-numire.pdf\" target=\"_blank\" rel=\"noreferrer noopener\">declara\u021bie de interese<\/a><\/p>\n\n\n\n<hr class=\"wp-block-separator has-alpha-channel-opacity\"\/>\n\n\n\n<p><strong>COSTA Cosmin-L\u0103scu\u021b<\/strong> &#8211; membru final<\/p>\n\n\n\n<p>\u2013&nbsp;<a href=\"https:\/\/www.rarom.ro\/wp-content\/uploads\/2024\/08\/DA-Costa-Cosmin-Lascut.pdf\" target=\"_blank\" rel=\"noreferrer noopener\">declara\u021bie de avere<\/a><br>\u2013&nbsp;<a href=\"https:\/\/www.rarom.ro\/wp-content\/uploads\/2024\/08\/DI-Costa-Cosmin-Lascut.pdf\" target=\"_blank\" rel=\"noreferrer noopener\">declara\u021bie de interese<\/a><\/p>\n\n\n\n<p><\/p>\n\n\n\n<hr class=\"wp-block-separator has-alpha-channel-opacity\"\/>\n\n\n\n<p><strong>MORARU Ioan Drago\u0219<\/strong> &#8211; membru final<\/p>\n\n\n\n<p>\u2013&nbsp;<a href=\"https:\/\/www.rarom.ro\/wp-content\/uploads\/2024\/09\/DA-Moraru-Ioan-Dragos-30-zile-numire.pdf\" target=\"_blank\" rel=\"noreferrer noopener\">declara\u021bie de avere<\/a><br>\u2013&nbsp;<a href=\"https:\/\/www.rarom.ro\/wp-content\/uploads\/2024\/09\/DI-Moraru-Ioan-Dragos-30-zile-numire.pdf\" target=\"_blank\" rel=\"noreferrer noopener\">declara\u021bie de interese<\/a><\/p>\n\n\n\n<hr class=\"wp-block-separator has-alpha-channel-opacity\"\/>\n\n\n\n<p><strong>CHIRIAC Petronel<\/strong> &#8211; membru final<\/p>\n\n\n\n<p>&#8211;&nbsp;<a href=\"https:\/\/www.rarom.ro\/wp-content\/uploads\/2024\/09\/DA-Chiriac-Petronel-30-zile-numire.pdf\" target=\"_blank\" rel=\"noreferrer noopener\">declara\u021bie de avere<\/a><br>&#8211;&nbsp;<a href=\"https:\/\/www.rarom.ro\/wp-content\/uploads\/2024\/09\/DI-Chiriac-Petronel-30-zile-numire.pdf\" target=\"_blank\" rel=\"noreferrer noopener\">declara\u021bie de interese<\/a><br><\/p>\n\n\n\n<hr>\n\n\n\n<p><strong>Conducerea RAR<\/strong><\/p>\n\n\n\n<hr>\n\n\n\n<figure class=\"wp-block-table\"><table class=\"has-fixed-layout\"><tbody><tr><td class=\"has-text-align-left\" data-align=\"left\"><strong>Numele \u0219i prenumele<\/strong><\/td><td><strong>Func\u021bia<\/strong><\/td><td><strong>Declara\u021bii de avere<\/strong> <strong>\u0219i de interese<\/strong><\/td><\/tr><tr><td class=\"has-text-align-left\" data-align=\"left\">Mihai ALECU<\/td><td><em>Director General<\/em><\/td><td><a href=\"https:\/\/www.rarom.ro\/cs-uploads\/DA-DI\/2024\/DA\/DA Alecu Mihai 30 zile numire.pdf\" target=\"_blank\" rel=\"noreferrer noopener\">DA Alecu Mihai 30 zile numire<\/a><br><a href=\"https:\/\/www.rarom.ro\/cs-uploads\/DA-DI\/2024\/DI\/DI Alecu Mihai 30 zile numire.pdf\" target=\"_blank\" rel=\"noreferrer noopener\">DI Alecu Mihai 30 zile numire<\/a><br><a href=\"https:\/\/www.rarom.ro\/cs-uploads\/DA-DI\/2024\/DA\/DA Alecu Mihai.pdf\" target=\"_blank\" rel=\"noreferrer noopener\">DA Alecu Mihai<\/a><br><a href=\"https:\/\/www.rarom.ro\/cs-uploads\/DA-DI\/2024\/DI\/DI Alecu Mihai.pdf\" target=\"_blank\" rel=\"noreferrer noopener\">DI Alecu Mihai<\/a><br><br>30 zile de la \u00eencetare<br>\u2013 <a href=\"https:\/\/www.rarom.ro\/cs-uploads\/DA-DI\/2024\/DA\/DA Alecu Mihai 30 zile incetare.pdf\" target=\"_blank\" rel=\"noreferrer noopener\">declara\u0163ie de avere<\/a><br>\u2013 <a href=\"https:\/\/www.rarom.ro\/cs-uploads\/DA-DI\/2024\/DI\/DI Alecu Mihai 30 zile incetare.pdf\" target=\"_blank\" rel=\"noreferrer noopener\">declara\u0163ie de interese<\/a><\/td><\/tr><tr><td class=\"has-text-align-left\" data-align=\"left\">Alina NI\u021a\u0102<\/td><td><em>Director Economic<\/em><\/td><td><a href=\"https:\/\/www.rarom.ro\/cs-uploads\/DA-DI\/2024\/DA\/DA Nita Alina-Mihaela 30 zile numire.pdf\" target=\"_blank\" rel=\"noreferrer noopener\">DA Ni\u021b\u0103 Alina Mihaela 30 zile numire<\/a><br><a href=\"https:\/\/www.rarom.ro\/cs-uploads\/DA-DI\/2024\/DI\/DI Nita Alina-Mihaela 30 zile numire.pdf\" target=\"_blank\" rel=\"noreferrer noopener\">DI Ni\u021b\u0103 Alina Mihaela 30 zile numire<\/a><br><a href=\"https:\/\/www.rarom.ro\/cs-uploads\/DA-DI\/2024\/DA\/DA Ni\u021b\u0103 Alina Mihaela.pdf\" target=\"_blank\" rel=\"noreferrer noopener\">DA Ni\u021b\u0103 Alina Mihaela<\/a><br><a href=\"https:\/\/www.rarom.ro\/cs-uploads\/DA-DI\/2024\/DI\/DI Ni\u021b\u0103 Alina Mihaela.pdf\" target=\"_blank\" rel=\"noreferrer noopener\">DI Ni\u021b\u0103 Alina Mihaela<\/a><br><br>30 zile de la \u00eencetare<br>\u2013 <a href=\"https:\/\/www.rarom.ro\/cs-uploads\/DA-DI\/2024\/DA\/DA Nita Alina-Mihaela 30 zile incetare.pdf\" target=\"_blank\" rel=\"noreferrer noopener\">declara\u0163ie de avere<\/a><br>\u2013 <a href=\"https:\/\/www.rarom.ro\/cs-uploads\/DA-DI\/2024\/DI\/DI Nita Alina-Mihaela 30 zile incetare.pdf\" target=\"_blank\" rel=\"noreferrer noopener\">declara\u0163ie de interese<\/a><\/td><\/tr><\/tbody><\/table><\/figure>\n","protected":false},"excerpt":{"rendered":"<p>Consiliul de administra\u021bie Chis\u0103li\u021ba Ioan Narcis &#8211; membru provizoriu Anual, p\u00e2n\u0103 la 15 iunie &#8211; 12.06.2024&#8211;&nbsp;declara\u0163ie de avere&#8211;&nbsp;declara\u0163ie de interese 30 de zile de la \u00eencetare &#8211; 20.08.2024&#8211;&nbsp;declara\u0163ie de avere&#8211;&nbsp;declara\u0163ie de interese Dolineaschi Andrei &#8211; membru provizoriu Anual, p\u00e2n\u0103 la 15 iunie &#8211; 13.06.2024&#8211;&nbsp;declara\u0163ie de avere&#8211;&nbsp;declara\u0163ie de interese 30 de zile de la \u00eencetare &#8211; [&hellip;]<\/p>\n","protected":false},"author":3,"featured_media":0,"parent":1297,"menu_order":9977,"comment_status":"closed","ping_status":"closed","template":"","meta":{"_acf_changed":false,"footnotes":""},"class_list":["post-297733","page","type-page","status-publish","hentry"],"acf":[],"_links":{"self":[{"href":"https:\/\/www.rarom.ro\/index.php?rest_route=\/wp\/v2\/pages\/297733","targetHints":{"allow":["GET"]}}],"collection":[{"href":"https:\/\/www.rarom.ro\/index.php?rest_route=\/wp\/v2\/pages"}],"about":[{"href":"https:\/\/www.rarom.ro\/index.php?rest_route=\/wp\/v2\/types\/page"}],"author":[{"embeddable":true,"href":"https:\/\/www.rarom.ro\/index.php?rest_route=\/wp\/v2\/users\/3"}],"replies":[{"embeddable":true,"href":"https:\/\/www.rarom.ro\/index.php?rest_route=%2Fwp%2Fv2%2Fcomments&post=297733"}],"version-history":[{"count":23,"href":"https:\/\/www.rarom.ro\/index.php?rest_route=\/wp\/v2\/pages\/297733\/revisions"}],"predecessor-version":[{"id":302066,"href":"https:\/\/www.rarom.ro\/index.php?rest_route=\/wp\/v2\/pages\/297733\/revisions\/302066"}],"up":[{"embeddable":true,"href":"https:\/\/www.rarom.ro\/index.php?rest_route=\/wp\/v2\/pages\/1297"}],"wp:attachment":[{"href":"https:\/\/www.rarom.ro\/index.php?rest_route=%2Fwp%2Fv2%2Fmedia&parent=297733"}],"curies":[{"name":"wp","href":"https:\/\/api.w.org\/{rel}","templated":true}]}}