{"id":296599,"date":"2024-02-27T12:06:48","date_gmt":"2024-02-27T10:06:48","guid":{"rendered":"https:\/\/www.rarom.ro\/?page_id=296599"},"modified":"2025-12-16T15:12:58","modified_gmt":"2025-12-16T13:12:58","slug":"acordarea-numarului-national-de-registru","status":"publish","type":"page","link":"https:\/\/www.rarom.ro\/?page_id=296599","title":{"rendered":"Acordarea num\u0103rului na\u0163ional de registru"},"content":{"rendered":"\n<p><strong>Acordarea num\u0103rului na\u0163ional de registru<\/strong><\/p>\n\n\n\n<p>\u00cen vederea eliber\u0103rii CIV, RAR desf\u0103\u015foar\u0103 activitatea de acordare a num\u0103rului na\u0163ional de registru prin procedura de \u00eenregistrare na\u0163ional\u0103 de tip pentru vehiculele noi ce de\u0163in omologare UE de tip sau omologare na\u021bional\u0103 de tip a autovehiculelor \u0219i a remorcilor acestora produse \u00een serii mici, omologare na\u021bional\u0103 de tip a vehiculelor agricole sau forestiere, omologare na\u021bional\u0103 de tip a vehiculelor concepute \u0219i fabricate sau adaptate \u0219i echipate pentru a fi utilizate exclusiv de for\u021bele armate.<\/p>\n\n\n\n<p><strong>Costuri<\/strong><\/p>\n\n\n\n<p><strong>+<\/strong><a href=\"https:\/\/www.rarom.ro\/cs-uploads\/Plan_tarifar.pdf\" target=\"_blank\" rel=\"noreferrer noopener\"> <\/a><a href=\"https:\/\/www.rarom.ro\/cs-uploads\/Plan_tarifar.pdf\" target=\"_blank\" rel=\"noreferrer noopener\">Informa\u0163ii privind costurile activit\u0103\u0163ii \u201e\u00cenregistr\u0103rii na\u0163ionale de tip\u201d<\/a><\/p>\n\n\n\n<p><strong>Alte informa\u0163ii<\/strong><\/p>\n\n\n\n<p><strong>+<\/strong><a href=\"https:\/\/www.rarom.ro\/cs-uploads\/termene_limita_inregistrari.pdf\" target=\"_blank\" rel=\"noreferrer noopener\"> <\/a><a href=\"https:\/\/www.rarom.ro\/cs-uploads\/termene_limita_inregistrari.pdf\" target=\"_blank\" rel=\"noreferrer noopener\">Lista actelor de reglementare aplicabile pentru omologarea de tip UE \u00een vederea acord\u0103rii numerelor na\u021bionale de registru<\/a><\/p>\n\n\n\n<p><strong>+<\/strong> <a href=\"https:\/\/www.rarom.ro\/wp-content\/uploads\/2025\/06\/Ghid-RAR-editia-2024.pdf\" target=\"_blank\" rel=\"noreferrer noopener\">Ghidul privind consumul de carburant \u0219i emisiile de CO<sub>2<\/sub> \u2013 edi\u021bia 2024, elaborat \u00een baza cerin\u021belor Directivei 1999\/94\/CE a Parlamentului European \u0219i a Consiliului<\/a><\/p>\n\n\n\n<p><\/p>\n\n\n\n<div style=\"height:20px\" aria-hidden=\"true\" class=\"wp-block-spacer\"><\/div>\n\n\n\n<hr>\n\n\n\n<p><strong>Direc\u0163ia Omologare de Tip<\/strong><\/p>\n\n\n\n<hr>\n\n\n\n<div style=\"height:20px\" aria-hidden=\"true\" class=\"wp-block-spacer\"><\/div>\n\n\n\n<div class=\"wp-block-group\"><div class=\"wp-block-group__inner-container is-layout-constrained wp-block-group-is-layout-constrained\">\n<div class=\"wp-block-columns is-layout-flex wp-container-core-columns-is-layout-9d6595d7 wp-block-columns-is-layout-flex\">\n<div class=\"wp-block-column is-layout-flow wp-block-column-is-layout-flow\" style=\"flex-basis:33.33%\"><div class=\"wp-block-image is-style-rounded\">\n<figure class=\"aligncenter size-full is-resized\"><a href=\"https:\/\/www.rarom.ro\/wp-content\/uploads\/2023\/09\/sigla-RAR-2.png\"><img loading=\"lazy\" decoding=\"async\" width=\"170\" height=\"170\" src=\"https:\/\/www.rarom.ro\/wp-content\/uploads\/2023\/09\/sigla-RAR-2.png\" alt=\"\" class=\"wp-image-295460\" style=\"width:150px;height:150px\" srcset=\"https:\/\/www.rarom.ro\/wp-content\/uploads\/2023\/09\/sigla-RAR-2.png 170w, https:\/\/www.rarom.ro\/wp-content\/uploads\/2023\/09\/sigla-RAR-2-150x150.png 150w, https:\/\/www.rarom.ro\/wp-content\/uploads\/2023\/09\/sigla-RAR-2-85x85.png 85w, https:\/\/www.rarom.ro\/wp-content\/uploads\/2023\/09\/sigla-RAR-2-60x60.png 60w, https:\/\/www.rarom.ro\/wp-content\/uploads\/2023\/09\/sigla-RAR-2-16x16.png 16w\" sizes=\"auto, (max-width: 170px) 100vw, 170px\" \/><\/a><\/figure><\/div>\n\n\n<p class=\"has-text-align-center\">I<strong>ng. Alin RO\u015eCA<\/strong><br><em>Director Direc\u0163ia Omologare de Tip<\/em><\/p>\n<\/div>\n\n\n\n<div class=\"wp-block-column is-layout-flow wp-block-column-is-layout-flow\" style=\"flex-basis:66.66%\">\n<p><strong>Adresa: Bucure\u015fti,<\/strong>&nbsp;B-dul. Expozi\u0163iei nr. 1K, sector 1<\/p>\n\n\n\n<p>Tel.: 031 425.72.64 <br>E-mail: <a href=\"mailto:office@rarom.ro\" target=\"_blank\" rel=\"noreferrer noopener\">office@rarom.ro<\/a><\/p>\n\n\n\n<hr>\n\n\n\n<p><strong>Gabriel LUPULE\u0162 <\/strong><br><em><em>\u0218ef Departament Numere Na\u0163ionale de Registru<\/em><\/em><\/p>\n\n\n\n<p>Tel.: 031 425.73.26<\/p>\n\n\n\n<p><\/p>\n<\/div>\n<\/div>\n<\/div><\/div>\n","protected":false},"excerpt":{"rendered":"<p>Acordarea num\u0103rului na\u0163ional de registru \u00cen vederea eliber\u0103rii CIV, RAR desf\u0103\u015foar\u0103 activitatea de acordare a num\u0103rului na\u0163ional de registru prin procedura de \u00eenregistrare na\u0163ional\u0103 de tip pentru vehiculele noi ce de\u0163in omologare UE de tip sau omologare na\u021bional\u0103 de tip a autovehiculelor \u0219i a remorcilor acestora produse \u00een serii mici, omologare na\u021bional\u0103 de tip a [&hellip;]<\/p>\n","protected":false},"author":3,"featured_media":0,"parent":676,"menu_order":2,"comment_status":"closed","ping_status":"closed","template":"","meta":{"_acf_changed":false,"footnotes":""},"class_list":["post-296599","page","type-page","status-publish","hentry"],"acf":[],"_links":{"self":[{"href":"https:\/\/www.rarom.ro\/index.php?rest_route=\/wp\/v2\/pages\/296599","targetHints":{"allow":["GET"]}}],"collection":[{"href":"https:\/\/www.rarom.ro\/index.php?rest_route=\/wp\/v2\/pages"}],"about":[{"href":"https:\/\/www.rarom.ro\/index.php?rest_route=\/wp\/v2\/types\/page"}],"author":[{"embeddable":true,"href":"https:\/\/www.rarom.ro\/index.php?rest_route=\/wp\/v2\/users\/3"}],"replies":[{"embeddable":true,"href":"https:\/\/www.rarom.ro\/index.php?rest_route=%2Fwp%2Fv2%2Fcomments&post=296599"}],"version-history":[{"count":13,"href":"https:\/\/www.rarom.ro\/index.php?rest_route=\/wp\/v2\/pages\/296599\/revisions"}],"predecessor-version":[{"id":301890,"href":"https:\/\/www.rarom.ro\/index.php?rest_route=\/wp\/v2\/pages\/296599\/revisions\/301890"}],"up":[{"embeddable":true,"href":"https:\/\/www.rarom.ro\/index.php?rest_route=\/wp\/v2\/pages\/676"}],"wp:attachment":[{"href":"https:\/\/www.rarom.ro\/index.php?rest_route=%2Fwp%2Fv2%2Fmedia&parent=296599"}],"curies":[{"name":"wp","href":"https:\/\/api.w.org\/{rel}","templated":true}]}}