{"id":296590,"date":"2024-02-27T11:19:33","date_gmt":"2024-02-27T09:19:33","guid":{"rendered":"https:\/\/www.rarom.ro\/?page_id=296590"},"modified":"2026-02-12T08:31:47","modified_gmt":"2026-02-12T06:31:47","slug":"autorizarea-agentilor-economici-care-partitioneaza-si-ambaleaza-materiale-de-exploatare-utilizate-la-vehicule-rutiere","status":"publish","type":"page","link":"https:\/\/www.rarom.ro\/?page_id=296590","title":{"rendered":"Autorizarea agen\u0163ilor economici care parti\u0163ioneaz\u0103 \u015fi ambaleaz\u0103 materiale de exploatare utilizate la vehicule rutiere"},"content":{"rendered":"\n<p><strong>Procesul de autorizare<\/strong> cuprinde<strong>:<\/strong><\/p>\n\n\n\n<ol class=\"wp-block-list\">\n<li>transmiterea de c\u0103tre client a cererii de autorizare ambalator \u0219i a documentelor necesare autoriz\u0103rii conform procedurii DCP;<\/li>\n\n\n\n<li>efectuarea analizei cererii de autorizare;<\/li>\n\n\n\n<li>efectuarea analizei documenta\u0163iei tehnice;<\/li>\n\n\n\n<li>efectuarea auditului de proces;<\/li>\n\n\n\n<li>prelevarea de mostre \u00een vederea efectu\u0103rii inspec\u021biei \u0219i a \u00eencerc\u0103rilor;<\/li>\n\n\n\n<li>efectuarea inspec\u021biei \u0219i a \u00eencerc\u0103rilor \u00een laboratoarele care se conformeaz\u0103 cerin\u021belor SR EN ISO\/CEI 17025;<\/li>\n\n\n\n<li>evaluarea rezultatelor activit\u0103\u021bilor desf\u0103\u0219urate \u00een cadrul procesului de autorizare;<\/li>\n\n\n\n<li>redactarea documentelor de autorizare;<\/li>\n\n\n\n<li>supravegherea post autorizare.<\/li>\n<\/ol>\n\n\n\n<p><\/p>\n\n\n\n<div style=\"height:50px\" aria-hidden=\"true\" class=\"wp-block-spacer\"><\/div>\n\n\n\n<p class=\"has-text-align-center\"><strong>Legisla\u0163ia, regulamentele, procedurile \u015fi formularele prezentate pot fi modificate \u015fi completate.<\/strong><\/p>\n\n\n\n<div style=\"height:100px\" aria-hidden=\"true\" class=\"wp-block-spacer\"><\/div>\n\n\n\n<p><\/p>\n\n\n\n<hr>\n\n\n\n<p><strong>Direc\u0163ia&nbsp;Certificare Produse<\/strong>&nbsp;<strong>(DCP)<\/strong><\/p>\n\n\n\n<hr>\n\n\n\n<div style=\"height:20px\" aria-hidden=\"true\" class=\"wp-block-spacer\"><\/div>\n\n\n\n<div class=\"wp-block-group\"><div class=\"wp-block-group__inner-container is-layout-constrained wp-block-group-is-layout-constrained\">\n<div class=\"wp-block-columns is-layout-flex wp-container-core-columns-is-layout-9d6595d7 wp-block-columns-is-layout-flex\">\n<div class=\"wp-block-column is-layout-flow wp-block-column-is-layout-flow\" style=\"flex-basis:33.33%\"><div class=\"wp-block-image is-style-rounded\">\n<figure class=\"aligncenter size-full is-resized\"><a href=\"https:\/\/www.rarom.ro\/wp-content\/uploads\/2023\/09\/sigla-RAR-2.png\"><img loading=\"lazy\" decoding=\"async\" width=\"170\" height=\"170\" src=\"https:\/\/www.rarom.ro\/wp-content\/uploads\/2023\/09\/sigla-RAR-2.png\" alt=\"\" class=\"wp-image-295460\" style=\"width:150px;height:150px\" srcset=\"https:\/\/www.rarom.ro\/wp-content\/uploads\/2023\/09\/sigla-RAR-2.png 170w, https:\/\/www.rarom.ro\/wp-content\/uploads\/2023\/09\/sigla-RAR-2-150x150.png 150w, https:\/\/www.rarom.ro\/wp-content\/uploads\/2023\/09\/sigla-RAR-2-85x85.png 85w, https:\/\/www.rarom.ro\/wp-content\/uploads\/2023\/09\/sigla-RAR-2-60x60.png 60w, https:\/\/www.rarom.ro\/wp-content\/uploads\/2023\/09\/sigla-RAR-2-16x16.png 16w\" sizes=\"auto, (max-width: 170px) 100vw, 170px\" \/><\/a><\/figure><\/div>\n\n\n<div style=\"height:20px\" aria-hidden=\"true\" class=\"wp-block-spacer\"><\/div>\n\n\n\n<p class=\"has-text-align-center\"><strong>Ing. Viorel CROITORU<\/strong><br><em>Director Direc\u0163ia Certificare Produse<\/em><\/p>\n<\/div>\n\n\n\n<div class=\"wp-block-column is-layout-flow wp-block-column-is-layout-flow\" style=\"flex-basis:66.66%\">\n<p><strong>Adresa:<\/strong> <strong>Bucure\u015fti,<\/strong> B-dul. Expozi\u0163iei nr. 1K, sector 1<\/p>\n\n\n\n<p>Tel.: 031 425.71.02<br>E-mail: <a href=\"mailto:office@rarom.ro\" target=\"_blank\" rel=\"noreferrer noopener\">office@rarom.ro<\/a><\/p>\n\n\n\n<hr>\n\n\n\n<p><strong>Ing. Marian BR\u00ceNCU\u015e<\/strong><br><em>Secretar tehnic DCP<\/em><\/p>\n\n\n\n<p>Tel.: 031 425.71.02<\/p>\n\n\n\n<p><\/p>\n<\/div>\n<\/div>\n<\/div><\/div>\n\n\n\n<div style=\"height:100px\" aria-hidden=\"true\" class=\"wp-block-spacer\"><\/div>\n\n\n\n<p class=\"has-text-align-center\"><em>Prezentul document este proprietatea exclusiv\u0103 a RAR<br>Datele sunt informative \u015fi nu pot fi utilizate dec\u00e2t cu acordul scris al RAR<br>Document informativ<\/em><\/p>\n","protected":false},"excerpt":{"rendered":"<p>Procesul de autorizare cuprinde: Legisla\u0163ia, regulamentele, procedurile \u015fi formularele prezentate pot fi modificate \u015fi completate. Direc\u0163ia&nbsp;Certificare Produse&nbsp;(DCP) Ing. Viorel CROITORUDirector Direc\u0163ia Certificare Produse Adresa: Bucure\u015fti, B-dul. Expozi\u0163iei nr. 1K, sector 1 Tel.: 031 425.71.02E-mail: office@rarom.ro Ing. Marian BR\u00ceNCU\u015eSecretar tehnic DCP Tel.: 031 425.71.02 Prezentul document este proprietatea exclusiv\u0103 a RARDatele sunt informative \u015fi nu pot [&hellip;]<\/p>\n","protected":false},"author":3,"featured_media":0,"parent":925,"menu_order":9,"comment_status":"closed","ping_status":"closed","template":"","meta":{"_acf_changed":false,"footnotes":""},"class_list":["post-296590","page","type-page","status-publish","hentry"],"acf":[],"_links":{"self":[{"href":"https:\/\/www.rarom.ro\/index.php?rest_route=\/wp\/v2\/pages\/296590","targetHints":{"allow":["GET"]}}],"collection":[{"href":"https:\/\/www.rarom.ro\/index.php?rest_route=\/wp\/v2\/pages"}],"about":[{"href":"https:\/\/www.rarom.ro\/index.php?rest_route=\/wp\/v2\/types\/page"}],"author":[{"embeddable":true,"href":"https:\/\/www.rarom.ro\/index.php?rest_route=\/wp\/v2\/users\/3"}],"replies":[{"embeddable":true,"href":"https:\/\/www.rarom.ro\/index.php?rest_route=%2Fwp%2Fv2%2Fcomments&post=296590"}],"version-history":[{"count":14,"href":"https:\/\/www.rarom.ro\/index.php?rest_route=\/wp\/v2\/pages\/296590\/revisions"}],"predecessor-version":[{"id":302142,"href":"https:\/\/www.rarom.ro\/index.php?rest_route=\/wp\/v2\/pages\/296590\/revisions\/302142"}],"up":[{"embeddable":true,"href":"https:\/\/www.rarom.ro\/index.php?rest_route=\/wp\/v2\/pages\/925"}],"wp:attachment":[{"href":"https:\/\/www.rarom.ro\/index.php?rest_route=%2Fwp%2Fv2%2Fmedia&parent=296590"}],"curies":[{"name":"wp","href":"https:\/\/api.w.org\/{rel}","templated":true}]}}