{"id":296467,"date":"2024-02-14T15:28:10","date_gmt":"2024-02-14T13:28:10","guid":{"rendered":"https:\/\/www.rarom.ro\/?page_id=296467"},"modified":"2024-08-22T09:32:16","modified_gmt":"2024-08-22T06:32:16","slug":"comanda-incercari","status":"publish","type":"page","link":"https:\/\/www.rarom.ro\/?page_id=296467","title":{"rendered":"\u00cencerc\u0103ri"},"content":{"rendered":"\n<p><\/p>\n\n\n\n<div style=\"height:30px\" aria-hidden=\"true\" class=\"wp-block-spacer\"><\/div>\n\n\n\n<p><em><a href=\"https:\/\/www.rarom.ro\/?page_id=296436\">Informa\u021bii utile privind activit\u0103\u021bile <strong>Direc\u021biei \u00cencerc\u0103ri<\/strong><\/a><\/em><\/p>\n\n\n\n<div style=\"height:30px\" aria-hidden=\"true\" class=\"wp-block-spacer\"><\/div>\n\n\n\n<hr>\n\n\n\n<p><span style=\"color: #394f8b;\"><strong>FORMULARE NECESARE<\/strong><\/span><\/p>\n\n\n\n<hr>\n\n\n\n<p><\/p>\n\n\n<p class=\"p1\"><strong>1. \u00cencerc\u0103ri vehicule \u015fi componente <\/strong><\/p>\n<table border=\"1\" width=\"100%\" cellpadding=\"10\" align=\"center\">\n<tbody>\n<tr>\n<td style=\"padding-left: 10px;\" valign=\"top\" bgcolor=\"#415ca5\">\n<p style=\"color: #ffffff;\"><strong>1. Nume formular\/document:<\/strong><br \/>a. Comand\u0103 de \u00eencercare<\/p>\n<\/td>\n<td align=\"left\" valign=\"middle\" bgcolor=\"#415ca5\" width=\"209\">\n<p align=\"center\"><span style=\"color: #ffffff;\">a. <a style=\"color: #ffffff;\" href=\"\/cs-uploads\/1-Comanda de incercare.pdf\" target=\"_blank\" rel=\"noopener\">Descarc\u0103<\/a> (format .pdf)<br \/>a. <a style=\"color: #ffffff;\" href=\"\/cs-uploads\/1-Comanda de incercare.doc\" target=\"_blank\" rel=\"noopener\">Descarc\u0103<\/a> (format .doc)<br \/><\/span><\/p>\n<\/td>\n<\/tr>\n<tr>\n<td colspan=\"2\" valign=\"top\" bgcolor=\"#FFFFFF\">\n<p style=\"padding-left: 10px;\"><strong>Scopul activit\u0103\u0163ii: <\/strong>e<span lang=\"RO\" style=\"font-family: 'Arial',sans-serif; color: #212529;\">fectuarea \u00eencerc\u0103rilor \u00een conformitate cu regulamentele Uniunii Europene (UE), regulamentele Comisiei Economice pentru Europa a Organiza\u0163iei Na\u0163iunilor Unite (CEE-ONU) sau legisla\u021biei na\u021bionale (RNTR) <\/span><\/p>\n<p style=\"padding-left: 10px;\"><strong>Necesit\u0103 \u00eenregistrare:<\/strong> DA<\/p>\n<\/td>\n<\/tr>\n<\/tbody>\n<\/table>\n<p><\/p>\n<p><strong>2. Determinarea consumului de combustibil<\/strong><\/p>\n<table border=\"1\" width=\"100%\" cellpadding=\"10\" align=\"center\">\n<tbody>\n<tr>\n<td style=\"padding-left: 10px;\" valign=\"top\" bgcolor=\"#415ca5\">\n<p style=\"color: #ffffff;\"><strong>1. Nume formular\/document:<\/strong><br \/>a. Cerere (comand\u0103) pentru determinarea consumului de combustibil<\/p>\n<\/td>\n<td align=\"left\" valign=\"middle\" bgcolor=\"#415ca5\" width=\"209\">\n<p align=\"center\"><span style=\"color: #ffffff;\">a. <a style=\"color: #ffffff;\" href=\"\/cs-uploads\/cerere_consum_combustibil.pdf\" target=\"_blank\" rel=\"noopener noreferrer\">Descarc\u0103<\/a> (format .pdf)<br \/><\/span><span style=\"color: #ffffff;\">a. <a style=\"color: #ffffff;\" href=\"\/cs-uploads\/cerere_consum_combustibil.doc\" target=\"_blank\" rel=\"noopener noreferrer\">Descarc\u0103<\/a> (format .doc)<\/span><\/p>\n<\/td>\n<\/tr>\n<tr>\n<td colspan=\"2\" valign=\"top\" bgcolor=\"#FFFFFF\">\n<p><strong>Scopul activit\u0103\u0163ii:<\/strong>\u00a0\u00cen baza Hot\u0103r\u00e2rii Guvernului nr. 768\/1991 privind \u00eenfiin\u0163area \u015fi func\u0163ionarea R.A. Registrul Auto Roman, RAR este institu\u0163ia abilitat\u0103 s\u0103 stabileasc\u0103 consumurile de combustibil \u00een condi\u0163ii de exploatare a autovehiculelor.<\/p>\n<p>Astfel, pentru beneficiarii care solicit\u0103 determinarea consumului de combustibil \u00een condi\u0163ii efective de trafic, RAR poate transmite contra cost, pentru autovehiculele aflate \u00een baza de date, extrase de valori de consum de combustibil sau efectueaz\u0103 determin\u0103ri de consum contra cost pe baza unei comenzi, a unei program\u0103ri \u015fi prezentarea autovehiculului la sediul RAR din Voluntari pentru efectuarea determin\u0103rilor \u00een condi\u021bii reale de trafic, conform specifica\u0163iilor din comand\u0103.<\/p>\n<p>Determinarea consumului de combustibil poate fi f\u0103cut\u0103 \u00een urm\u0103toarele situa\u0163ii: pe standul dinamometric, pe pista de \u00eencerc\u0103ri sau \u00een condi\u021bii reale de trafic. Metoda de lucru este \u00a0stabilit\u0103 \u00een procedura specific\u0103 a RAR, av\u00e2nd posibilitatea s\u0103 fie adaptat\u0103 solicit\u0103rii clientului, cu respectarea cerin\u021belor legale privind deplasarea pe drumurile publice.<\/p>\n<p><strong>Necesit\u0103 \u00eenregistrare:\u00a0<\/strong>DA<\/p>\n<\/td>\n<\/tr>\n<\/tbody>\n<\/table>\n<p><\/p>\n<p><strong>3. Clasificarea pe stele a autocarelor<\/strong><\/p>\n<table border=\"1\" width=\"100%\" cellpadding=\"10\" align=\"center\">\n<tbody>\n<tr>\n<td style=\"padding-left: 10px;\" valign=\"top\" bgcolor=\"#415ca5\">\n<p style=\"color: #ffffff;\"><strong>1. Nume formular\/document:<\/strong><br \/>a. Cerere de clasificare pe stele a unui autocar<br \/>b. Declara\u0163ie de angajament a firmei care solicit\u0103 admiterea \u00een sistemul\u00a0interna\u0163ional al IRU de clasificare a autocarelor de turism\u00a0 fa\u0163\u0103\u00a0de\u00a0 comisia de clasificare a autocarelor<\/p>\n<\/td>\n<td align=\"left\" valign=\"middle\" bgcolor=\"#415ca5\" width=\"209\"><span style=\"color: #ffffff;\"><span style=\"color: #ffffff;\">a. <a style=\"color: #ffffff;\" href=\"\/cs-uploads\/cerere_clasificare.pdf\" target=\"_blank\" rel=\"noopener\">Descarc\u0103<\/a> (format .pdf)<br \/>a. <a style=\"color: #ffffff;\" href=\"\/cs-uploads\/cerere_clasificare.doc\" target=\"_blank\" rel=\"noopener\">Descarc\u0103<\/a> (format .doc)<\/span><\/span><\/p>\n<p><span style=\"color: #ffffff;\">b.<\/span> <a style=\"color: #ffffff;\" href=\"\/cs-uploads\/Declaratie_clasificare_stele.pdf\" target=\"_blank\" rel=\"noopener\">Descarc\u0103<\/a> <span style=\"color: #ffffff;\">(format .pdf)<\/span><\/p>\n<\/td>\n<\/tr>\n<tr>\n<td colspan=\"2\" valign=\"top\" bgcolor=\"#FFFFFF\">\n<p><strong>Scopul activit\u0103\u0163ii:<\/strong>\u00a0Clasificarea pe stele a autocarelor este destinat\u0103 transportului de turi\u015fti \u00een trafic intern \u015fi interna\u0163ional \u015fi transportului public de persoane \u00een trafic interna\u0163ional \u00een vederea protec\u0163iei pasagerilor \u015fi cre\u015fterii calit\u0103\u0163ii serviciilor turistice \u015fi de transport.<\/p>\n<p><strong>Scop formular\/document: <\/strong>Se notific\u0103 oficial c\u0103tre RAR inten\u0163ia clasific\u0103rii\u00a0autocarului;<br \/><span style=\"color: #ff0000;\">Documentele\u00a0sunt obligatorii<\/span>\u00a0pentru deschiderea dosarului de clasificare.<\/p>\n<p><strong>Preciz\u0103ri de completare:<\/strong>\u00a0sunt\u00a0men\u0163ionate \u00een formular (documentele se semneaz\u0103 \u015fi se \u015ftampileaz\u0103 de operatorul\u00a0economic)<\/p>\n<p><strong>Modalit\u0103\u0163i de trimitere: <\/strong>Prin\u00a0delegat, \u00eempreun\u0103 cu autovehiculul \u015fi celelalte documente necesare.<\/p>\n<p><strong>Not\u0103:<\/strong>\u00a0Autovehiculul \u015fi urm\u0103toarele\u00a0documente vor fi prezentate \u00een vederea clasific\u0103rii:<br \/>\u2013 Cererea de clasificare pe stele a unui autocar, \u00eentocmit\u0103 de de\u0163in\u0103torul\u00a0licen\u0163ei de transport;<br \/>\u2013 Declara\u0163ia angajament a firmei fa\u0163\u0103 de Comisia de Clasificare a autocarelor\u00a0constituit\u0103 de RAR, fa\u0163\u0103 de sistemul interna\u0163ional al IRU;<br \/>\u2013 Copie dup\u0103 licen\u0163a de transport persoane \u00een trafic intern \u015fi\/sau interna\u0163ional;<br \/>\u2013 Copie dup\u0103 certificatul de \u00eenmatriculare a autovehiculului \u00een Rom\u00e2nia,\u00a0av\u00e2nd inspec\u0163ia tehnic\u0103 periodic\u0103 \u00een termen de valabilitate, av\u00e2nd men\u0163iunea \u201econform\u00a0cu originalul\u201d, \u015ftampila de\u0163in\u0103torului (sau a utilizatorului), numele \u015fi semn\u0103tura administratorului\u00a0societ\u0103\u0163ii comerciale sau a \u00eemputernicitului acestuia;<br \/>\u2013 Copie dup\u0103 \u201eCartea de identitate a vehiculului\u201d,\u00a0fata-verso;<br \/>\u2013 Copie dup\u0103 contract de leasing, protocol predare-primire, accept firm\u0103\u00a0de leasing (unde este cazul), contract de \u00eenchiriere, care s\u0103 fie valabil\u00a0cel pu\u0163in pe perioada valabilita\u0163ii certificatului de clasificare;<br \/>\u2013 Copie dup\u0103 un act de identitate al delegatului firmei;<br \/>\u2013 Copie dup\u0103 certificatul de \u00eenmatriculare al firmei.<\/p>\n<p><strong>Necesit\u0103 programare:<\/strong>\u00a0DA<\/p>\n<\/td>\n<\/tr>\n<\/tbody>\n<\/table>","protected":false},"excerpt":{"rendered":"<p>Informa\u021bii utile privind activit\u0103\u021bile Direc\u021biei \u00cencerc\u0103ri FORMULARE NECESARE 1. \u00cencerc\u0103ri vehicule \u015fi componente 1. Nume formular\/document:a. Comand\u0103 de \u00eencercare a. Descarc\u0103 (format .pdf)a. Descarc\u0103 (format .doc) Scopul activit\u0103\u0163ii: efectuarea \u00eencerc\u0103rilor \u00een conformitate cu regulamentele Uniunii Europene (UE), regulamentele Comisiei Economice pentru Europa a Organiza\u0163iei Na\u0163iunilor Unite (CEE-ONU) sau legisla\u021biei na\u021bionale (RNTR) Necesit\u0103 \u00eenregistrare: DA 2. [&hellip;]<\/p>\n","protected":false},"author":3,"featured_media":0,"parent":240,"menu_order":6,"comment_status":"closed","ping_status":"closed","template":"","meta":{"_acf_changed":false,"footnotes":""},"class_list":["post-296467","page","type-page","status-publish","hentry"],"acf":[],"_links":{"self":[{"href":"https:\/\/www.rarom.ro\/index.php?rest_route=\/wp\/v2\/pages\/296467","targetHints":{"allow":["GET"]}}],"collection":[{"href":"https:\/\/www.rarom.ro\/index.php?rest_route=\/wp\/v2\/pages"}],"about":[{"href":"https:\/\/www.rarom.ro\/index.php?rest_route=\/wp\/v2\/types\/page"}],"author":[{"embeddable":true,"href":"https:\/\/www.rarom.ro\/index.php?rest_route=\/wp\/v2\/users\/3"}],"replies":[{"embeddable":true,"href":"https:\/\/www.rarom.ro\/index.php?rest_route=%2Fwp%2Fv2%2Fcomments&post=296467"}],"version-history":[{"count":8,"href":"https:\/\/www.rarom.ro\/index.php?rest_route=\/wp\/v2\/pages\/296467\/revisions"}],"predecessor-version":[{"id":297784,"href":"https:\/\/www.rarom.ro\/index.php?rest_route=\/wp\/v2\/pages\/296467\/revisions\/297784"}],"up":[{"embeddable":true,"href":"https:\/\/www.rarom.ro\/index.php?rest_route=\/wp\/v2\/pages\/240"}],"wp:attachment":[{"href":"https:\/\/www.rarom.ro\/index.php?rest_route=%2Fwp%2Fv2%2Fmedia&parent=296467"}],"curies":[{"name":"wp","href":"https:\/\/api.w.org\/{rel}","templated":true}]}}