{"id":296326,"date":"2024-01-15T14:56:10","date_gmt":"2024-01-15T12:56:10","guid":{"rendered":"https:\/\/www.rarom.ro\/?page_id=296326"},"modified":"2026-01-15T13:41:46","modified_gmt":"2026-01-15T11:41:46","slug":"declaratii-de-avere-si-de-interese-2023","status":"publish","type":"page","link":"https:\/\/www.rarom.ro\/?page_id=296326","title":{"rendered":"Declara\u0163ii de avere \u015fi interese 2023"},"content":{"rendered":"\n<hr>\n\n\n\n<p><strong>Consiliul de administra\u021bie<\/strong><\/p>\n\n\n\n<hr>\n\n\n\n<p><strong>Barbu Nelu Vasile<\/strong> \u2013 <em>membru provizoriu<\/em><br>30 zile de la \u00eencetare \u2013 04.12.2023<br>&#8211;&nbsp;<a href=\"https:\/\/www.rarom.ro\/wp-content\/uploads\/2023\/12\/DA-Barbu-Nelu-Vasile.pdf\" target=\"_blank\" rel=\"noreferrer noopener\">declara\u0163ie de avere<\/a><\/p>\n\n\n\n<p>Rectificativ\u0103 &#8211; 08.12.2023<br>&#8211;&nbsp;<a href=\"https:\/\/www.rarom.ro\/wp-content\/uploads\/2023\/12\/DI-Barbu-Nelu-Vasile.pdf\" target=\"_blank\" rel=\"noreferrer noopener\">declara\u0163ie de interese<\/a><\/p>\n\n\n\n<hr class=\"wp-block-separator has-alpha-channel-opacity\"\/>\n\n\n\n<p><strong>Popa Ion<\/strong> &#8211;&nbsp;<em>membru provizoriu<\/em><\/p>\n\n\n\n<p>30 zile de la \u00eencetare &#8211; 08.12.2023<br>&#8211;&nbsp;<a href=\"https:\/\/www.rarom.ro\/wp-content\/uploads\/2023\/12\/DA-Popa-Ion.pdf\" target=\"_blank\" rel=\"noreferrer noopener\">declara\u0163ie de avere<\/a><br>&#8211;&nbsp;<a href=\"https:\/\/www.rarom.ro\/wp-content\/uploads\/2023\/12\/DI-Popa-Ion.pdf\" target=\"_blank\" rel=\"noreferrer noopener\">declara\u0163ie de interese<\/a><\/p>\n\n\n\n<p>30 zile de la numire &#8211; 19.12.2023<br>\u2013&nbsp;<a href=\"https:\/\/www.rarom.ro\/wp-content\/uploads\/2024\/01\/DA_Popa-Ion.pdf\" target=\"_blank\" rel=\"noreferrer noopener\">declara\u0163ie de avere<\/a><br>\u2013&nbsp;<a href=\"https:\/\/www.rarom.ro\/wp-content\/uploads\/2024\/01\/DI_Popa-Ion.pdf\" target=\"_blank\" rel=\"noreferrer noopener\">declara\u0163ie de interese<\/a><\/p>\n\n\n\n<p>30 zile de la \u00eencetare &#8211; 29.04.2024<br>&#8211;&nbsp;<a href=\"https:\/\/www.rarom.ro\/wp-content\/uploads\/2024\/05\/DA-Popa-Ion.pdf\" target=\"_blank\" rel=\"noreferrer noopener\">declara\u0163ie de avere<\/a><br>&#8211;&nbsp;<a href=\"https:\/\/www.rarom.ro\/wp-content\/uploads\/2024\/05\/DI-Popa-Ion.pdf\" target=\"_blank\" rel=\"noreferrer noopener\">declara\u0163ie de interese<\/a><\/p>\n\n\n\n<hr class=\"wp-block-separator has-alpha-channel-opacity\"\/>\n\n\n\n<p><strong>M\u00eendrescu Bogdan Stelian<\/strong> &#8211;&nbsp;<em>membru provizoriu<\/em><\/p>\n\n\n\n<p>30 de zile de la \u00eencetare &#8211; 27.02.2024<br>&#8211;&nbsp;<a href=\"https:\/\/www.rarom.ro\/wp-content\/uploads\/2024\/02\/DA-Mindrescu-Bogdan-Stelian-30-zile-incetare.pdf\" target=\"_blank\" rel=\"noreferrer noopener\">declara\u0163ie de avere<\/a><br>&#8211;&nbsp;<a href=\"https:\/\/www.rarom.ro\/wp-content\/uploads\/2024\/02\/DI-Mindrescu-Bogdan-Stelian-30-zile-incetare.pdf\" target=\"_blank\" rel=\"noreferrer noopener\">declara\u0163ie de interese<\/a><\/p>\n\n\n\n<p>30 zile de la numire &#8211; 27.02.2024<br>&#8211;&nbsp;<a href=\"https:\/\/www.rarom.ro\/wp-content\/uploads\/2024\/02\/DA-Mindrescu-Bogdan-Stelian-30-zile-numire.pdf\" target=\"_blank\" rel=\"noreferrer noopener\">declara\u0163ie de avere<\/a><br>&#8211;&nbsp;<a href=\"https:\/\/www.rarom.ro\/wp-content\/uploads\/2024\/02\/DI-Mindrescu-Bogdan-Stelian-30-zile-numire.pdf\" target=\"_blank\" rel=\"noreferrer noopener\">declara\u0163ie de interese<\/a><\/p>\n\n\n\n<hr class=\"wp-block-separator has-alpha-channel-opacity\"\/>\n\n\n\n<p><strong>Chis\u0103li\u021ba Ioan Narcis<\/strong> &#8211; <em>membru provizoriu<\/em><\/p>\n\n\n\n<p>30 zile de la numire &#8211; 11.01.2024<br>&#8211;&nbsp;<a href=\"https:\/\/www.rarom.ro\/wp-content\/uploads\/2024\/01\/DA_Chisalita-Ioan-Narcis.pdf\" target=\"_blank\" rel=\"noreferrer noopener\">declara\u0163ie de avere<\/a><br>&#8211;&nbsp;<a href=\"https:\/\/www.rarom.ro\/wp-content\/uploads\/2024\/01\/DI_Chisalita-Ioan-Narcis.pdf\" target=\"_blank\" rel=\"noreferrer noopener\">declara\u0163ie de interese<\/a><\/p>\n\n\n\n<hr class=\"wp-block-separator has-alpha-channel-opacity\"\/>\n\n\n\n<p><strong>Dolineaschi Andrei<\/strong> &#8211; <em>membru provizoriu<\/em><\/p>\n\n\n\n<p>30 zile de la numire &#8211; 12.01.2024<br>&#8211;&nbsp;<a href=\"https:\/\/www.rarom.ro\/wp-content\/uploads\/2024\/01\/DA_Dolineaschi-Andrei.pdf\" target=\"_blank\" rel=\"noreferrer noopener\">declara\u0163ie de avere<\/a><br>&#8211;&nbsp;<a href=\"https:\/\/www.rarom.ro\/wp-content\/uploads\/2024\/01\/DI_Dolineaschi-Andrei.pdf\" target=\"_blank\" rel=\"noreferrer noopener\">declara\u0163ie de interese<\/a><\/p>\n\n\n\n<hr class=\"wp-block-separator has-alpha-channel-opacity\"\/>\n\n\n\n<p><strong>\u0218tefan Costel Dorin<\/strong> &#8211; <em>membru provizoriu<\/em><\/p>\n\n\n\n<p>30 zile de la numire &#8211; 08.01.2024<br>&#8211;&nbsp;<a href=\"https:\/\/www.rarom.ro\/wp-content\/uploads\/2024\/01\/DA_Stefan-Costel-Dorin.pdf\" target=\"_blank\" rel=\"noreferrer noopener\">declara\u0163ie de avere<\/a><br>&#8211;&nbsp;<a href=\"https:\/\/www.rarom.ro\/wp-content\/uploads\/2024\/01\/DI_Stefan-Costel-Dorin.pdf\" target=\"_blank\" rel=\"noreferrer noopener\">declara\u0163ie de interese<\/a><\/p>\n\n\n\n<hr>\n\n\n\n<p><strong>Conducerea RAR<\/strong><\/p>\n\n\n\n<hr>\n\n\n\n<figure class=\"wp-block-table\"><table class=\"has-fixed-layout\"><tbody><tr><td class=\"has-text-align-left\" data-align=\"left\"><strong>Numele \u0219i prenumele<\/strong><\/td><td><strong>Func\u021bia<\/strong><\/td><td><strong>Declara\u021bii de avere<\/strong> <strong>\u0219i de interese<\/strong><\/td><\/tr><tr><td class=\"has-text-align-left\" data-align=\"left\">Mihai ALECU<\/td><td><em>Director General<\/em><\/td><td><a href=\"https:\/\/www.rarom.ro\/wp-content\/uploads\/2023\/09\/DA-Alecu-Mihai-30-zile-numire.pdf\" target=\"_blank\" rel=\"noreferrer noopener\">DA Alecu Mihai<\/a><br><a href=\"https:\/\/www.rarom.ro\/wp-content\/uploads\/2023\/09\/DI-Alecu-Mihai-30-zile-numire.pdf\" target=\"_blank\" rel=\"noreferrer noopener\">DI Alecu Mihai<\/a><\/td><\/tr><tr><td class=\"has-text-align-left\" data-align=\"left\">Alina NI\u021a\u0102<\/td><td><em>Director Economic<\/em><\/td><td><a href=\"https:\/\/www.rarom.ro\/wp-content\/uploads\/2023\/09\/DA-Nita-Alina-Mihaela-30-zile-numire.pdf\" target=\"_blank\" rel=\"noreferrer noopener\">DA NI\u021a\u0102 Alina<\/a><br><a href=\"https:\/\/www.rarom.ro\/wp-content\/uploads\/2023\/09\/DI-Nita-Alina-Mihaela-30-zile-numire.pdf\" target=\"_blank\" rel=\"noreferrer noopener\">DI NI\u021a\u0102 Alina<\/a><\/td><\/tr><\/tbody><\/table><\/figure>\n","protected":false},"excerpt":{"rendered":"<p>Consiliul de administra\u021bie Barbu Nelu Vasile \u2013 membru provizoriu30 zile de la \u00eencetare \u2013 04.12.2023&#8211;&nbsp;declara\u0163ie de avere Rectificativ\u0103 &#8211; 08.12.2023&#8211;&nbsp;declara\u0163ie de interese Popa Ion &#8211;&nbsp;membru provizoriu 30 zile de la \u00eencetare &#8211; 08.12.2023&#8211;&nbsp;declara\u0163ie de avere&#8211;&nbsp;declara\u0163ie de interese 30 zile de la numire &#8211; 19.12.2023\u2013&nbsp;declara\u0163ie de avere\u2013&nbsp;declara\u0163ie de interese 30 zile de la \u00eencetare &#8211; 29.04.2024&#8211;&nbsp;declara\u0163ie [&hellip;]<\/p>\n","protected":false},"author":3,"featured_media":0,"parent":1297,"menu_order":9978,"comment_status":"closed","ping_status":"closed","template":"","meta":{"_acf_changed":false,"footnotes":""},"class_list":["post-296326","page","type-page","status-publish","hentry"],"acf":[],"_links":{"self":[{"href":"https:\/\/www.rarom.ro\/index.php?rest_route=\/wp\/v2\/pages\/296326","targetHints":{"allow":["GET"]}}],"collection":[{"href":"https:\/\/www.rarom.ro\/index.php?rest_route=\/wp\/v2\/pages"}],"about":[{"href":"https:\/\/www.rarom.ro\/index.php?rest_route=\/wp\/v2\/types\/page"}],"author":[{"embeddable":true,"href":"https:\/\/www.rarom.ro\/index.php?rest_route=\/wp\/v2\/users\/3"}],"replies":[{"embeddable":true,"href":"https:\/\/www.rarom.ro\/index.php?rest_route=%2Fwp%2Fv2%2Fcomments&post=296326"}],"version-history":[{"count":13,"href":"https:\/\/www.rarom.ro\/index.php?rest_route=\/wp\/v2\/pages\/296326\/revisions"}],"predecessor-version":[{"id":302067,"href":"https:\/\/www.rarom.ro\/index.php?rest_route=\/wp\/v2\/pages\/296326\/revisions\/302067"}],"up":[{"embeddable":true,"href":"https:\/\/www.rarom.ro\/index.php?rest_route=\/wp\/v2\/pages\/1297"}],"wp:attachment":[{"href":"https:\/\/www.rarom.ro\/index.php?rest_route=%2Fwp%2Fv2%2Fmedia&parent=296326"}],"curies":[{"name":"wp","href":"https:\/\/api.w.org\/{rel}","templated":true}]}}