{"id":296143,"date":"2023-12-06T11:51:49","date_gmt":"2023-12-06T09:51:49","guid":{"rendered":"https:\/\/www.rarom.ro\/?page_id=296143"},"modified":"2023-12-06T12:20:00","modified_gmt":"2023-12-06T10:20:00","slug":"interviu","status":"publish","type":"page","link":"https:\/\/www.rarom.ro\/?page_id=296143","title":{"rendered":"Interviu"},"content":{"rendered":"\n<p><strong>WIMA: Cristina Stoica<\/strong><\/p>\n\n\n<div class=\"wp-block-image\">\n<figure class=\"aligncenter size-full\"><a href=\"https:\/\/www.rarom.ro\/wp-content\/uploads\/2023\/12\/Interviu-mare.jpg\"><img loading=\"lazy\" decoding=\"async\" width=\"730\" height=\"450\" src=\"https:\/\/www.rarom.ro\/wp-content\/uploads\/2023\/12\/Interviu-mare.jpg\" alt=\"\" class=\"wp-image-296144\" srcset=\"https:\/\/www.rarom.ro\/wp-content\/uploads\/2023\/12\/Interviu-mare.jpg 730w, https:\/\/www.rarom.ro\/wp-content\/uploads\/2023\/12\/Interviu-mare-300x185.jpg 300w\" sizes=\"auto, (max-width: 730px) 100vw, 730px\" \/><\/a><\/figure><\/div>\n\n\n<div style=\"height:30px\" aria-hidden=\"true\" class=\"wp-block-spacer\"><\/div>\n\n\n\n<div class=\"wp-block-columns is-layout-flex wp-container-core-columns-is-layout-9d6595d7 wp-block-columns-is-layout-flex\">\n<div class=\"wp-block-column is-layout-flow wp-block-column-is-layout-flow\" style=\"flex-basis:66.66%\">\n<p>La 19 ani, Cristina Stoica avea str\u00e2n\u0219i banii pentru a-\u0219i cump\u0103ra o motociclet\u0103, dar a am\u00e2nat momentul. Cam trei decenii! C\u00e2nd fiul s\u0103u i-a spus c\u0103 vrea s\u0103 mearg\u0103 la \u0219coala moto s-a g\u00e2ndit c\u0103 nu ar fi r\u0103u s\u0103-\u0219i duc\u0103 la bun sf\u00e2r\u0219it planul de acum ceva vreme. A luat permisul, iar acum pleac\u0103 la drum, pe dou\u0103 ro\u021bi, prin \u021bar\u0103 \u0219i str\u0103in\u0103tate, iar una dintre marile ei pl\u0103ceri sunt \u00eentrunirile organizate de Asocia\u021bia Femeilor Motocicliste. [\u2026]<\/p>\n<\/div>\n\n\n\n<div class=\"wp-block-column is-layout-flow wp-block-column-is-layout-flow\" style=\"flex-basis:33.33%\">\n<figure class=\"wp-block-image size-full\"><a href=\"https:\/\/www.rarom.ro\/wp-content\/uploads\/2023\/12\/Interviu-pagini.jpg\"><img loading=\"lazy\" decoding=\"async\" width=\"250\" height=\"165\" src=\"https:\/\/www.rarom.ro\/wp-content\/uploads\/2023\/12\/Interviu-pagini.jpg\" alt=\"\" class=\"wp-image-296146\"\/><\/a><\/figure>\n<\/div>\n<\/div>\n","protected":false},"excerpt":{"rendered":"<p>WIMA: Cristina Stoica La 19 ani, Cristina Stoica avea str\u00e2n\u0219i banii pentru a-\u0219i cump\u0103ra o motociclet\u0103, dar a am\u00e2nat momentul. Cam trei decenii! C\u00e2nd fiul s\u0103u i-a spus c\u0103 vrea s\u0103 mearg\u0103 la \u0219coala moto s-a g\u00e2ndit c\u0103 nu ar fi r\u0103u s\u0103-\u0219i duc\u0103 la bun sf\u00e2r\u0219it planul de acum ceva vreme. A luat permisul, [&hellip;]<\/p>\n","protected":false},"author":3,"featured_media":0,"parent":296050,"menu_order":5,"comment_status":"closed","ping_status":"closed","template":"","meta":{"_acf_changed":false,"footnotes":""},"class_list":["post-296143","page","type-page","status-publish","hentry"],"acf":[],"_links":{"self":[{"href":"https:\/\/www.rarom.ro\/index.php?rest_route=\/wp\/v2\/pages\/296143","targetHints":{"allow":["GET"]}}],"collection":[{"href":"https:\/\/www.rarom.ro\/index.php?rest_route=\/wp\/v2\/pages"}],"about":[{"href":"https:\/\/www.rarom.ro\/index.php?rest_route=\/wp\/v2\/types\/page"}],"author":[{"embeddable":true,"href":"https:\/\/www.rarom.ro\/index.php?rest_route=\/wp\/v2\/users\/3"}],"replies":[{"embeddable":true,"href":"https:\/\/www.rarom.ro\/index.php?rest_route=%2Fwp%2Fv2%2Fcomments&post=296143"}],"version-history":[{"count":3,"href":"https:\/\/www.rarom.ro\/index.php?rest_route=\/wp\/v2\/pages\/296143\/revisions"}],"predecessor-version":[{"id":296150,"href":"https:\/\/www.rarom.ro\/index.php?rest_route=\/wp\/v2\/pages\/296143\/revisions\/296150"}],"up":[{"embeddable":true,"href":"https:\/\/www.rarom.ro\/index.php?rest_route=\/wp\/v2\/pages\/296050"}],"wp:attachment":[{"href":"https:\/\/www.rarom.ro\/index.php?rest_route=%2Fwp%2Fv2%2Fmedia&parent=296143"}],"curies":[{"name":"wp","href":"https:\/\/api.w.org\/{rel}","templated":true}]}}