{"id":296126,"date":"2023-12-06T11:46:47","date_gmt":"2023-12-06T09:46:47","guid":{"rendered":"https:\/\/www.rarom.ro\/?page_id=296126"},"modified":"2023-12-06T12:20:37","modified_gmt":"2023-12-06T10:20:37","slug":"tehno","status":"publish","type":"page","link":"https:\/\/www.rarom.ro\/?page_id=296126","title":{"rendered":"Tehno"},"content":{"rendered":"\n<p><strong>Mercedes-Benz EQS<\/strong><\/p>\n\n\n<div class=\"wp-block-image\">\n<figure class=\"aligncenter size-full\"><a href=\"https:\/\/www.rarom.ro\/wp-content\/uploads\/2023\/12\/Tehno-mare.jpg\"><img loading=\"lazy\" decoding=\"async\" width=\"730\" height=\"450\" src=\"https:\/\/www.rarom.ro\/wp-content\/uploads\/2023\/12\/Tehno-mare.jpg\" alt=\"\" class=\"wp-image-296127\" srcset=\"https:\/\/www.rarom.ro\/wp-content\/uploads\/2023\/12\/Tehno-mare.jpg 730w, https:\/\/www.rarom.ro\/wp-content\/uploads\/2023\/12\/Tehno-mare-300x185.jpg 300w\" sizes=\"auto, (max-width: 730px) 100vw, 730px\" \/><\/a><\/figure><\/div>\n\n\n<div class=\"wp-block-columns is-layout-flex wp-container-core-columns-is-layout-9d6595d7 wp-block-columns-is-layout-flex\">\n<div class=\"wp-block-column is-layout-flow wp-block-column-is-layout-flow\" style=\"flex-basis:66.66%\">\n<p>Mercedes-Benz are deja gata versiunea de produc\u021bie a Drive Pilot, noul sistem de conducere autonom\u0103 de nivel 3, care va fi instalat\u0103 pe modelele S-Class \u0219i EQS Sedan \u00eencep\u00e2nd cu sf\u00e2r\u0219itul acestui an. [\u2026]<\/p>\n<\/div>\n\n\n\n<div class=\"wp-block-column is-layout-flow wp-block-column-is-layout-flow\" style=\"flex-basis:33.33%\">\n<figure class=\"wp-block-image size-full\"><a href=\"https:\/\/www.rarom.ro\/wp-content\/uploads\/2023\/12\/Tehno-pagini.jpg\"><img loading=\"lazy\" decoding=\"async\" width=\"250\" height=\"165\" src=\"https:\/\/www.rarom.ro\/wp-content\/uploads\/2023\/12\/Tehno-pagini.jpg\" alt=\"\" class=\"wp-image-296129\"\/><\/a><\/figure>\n<\/div>\n<\/div>\n","protected":false},"excerpt":{"rendered":"<p>Mercedes-Benz EQS Mercedes-Benz are deja gata versiunea de produc\u021bie a Drive Pilot, noul sistem de conducere autonom\u0103 de nivel 3, care va fi instalat\u0103 pe modelele S-Class \u0219i EQS Sedan \u00eencep\u00e2nd cu sf\u00e2r\u0219itul acestui an. [\u2026]<\/p>\n","protected":false},"author":3,"featured_media":0,"parent":296050,"menu_order":3,"comment_status":"closed","ping_status":"closed","template":"","meta":{"_acf_changed":false,"footnotes":""},"class_list":["post-296126","page","type-page","status-publish","hentry"],"acf":[],"_links":{"self":[{"href":"https:\/\/www.rarom.ro\/index.php?rest_route=\/wp\/v2\/pages\/296126","targetHints":{"allow":["GET"]}}],"collection":[{"href":"https:\/\/www.rarom.ro\/index.php?rest_route=\/wp\/v2\/pages"}],"about":[{"href":"https:\/\/www.rarom.ro\/index.php?rest_route=\/wp\/v2\/types\/page"}],"author":[{"embeddable":true,"href":"https:\/\/www.rarom.ro\/index.php?rest_route=\/wp\/v2\/users\/3"}],"replies":[{"embeddable":true,"href":"https:\/\/www.rarom.ro\/index.php?rest_route=%2Fwp%2Fv2%2Fcomments&post=296126"}],"version-history":[{"count":3,"href":"https:\/\/www.rarom.ro\/index.php?rest_route=\/wp\/v2\/pages\/296126\/revisions"}],"predecessor-version":[{"id":296133,"href":"https:\/\/www.rarom.ro\/index.php?rest_route=\/wp\/v2\/pages\/296126\/revisions\/296133"}],"up":[{"embeddable":true,"href":"https:\/\/www.rarom.ro\/index.php?rest_route=\/wp\/v2\/pages\/296050"}],"wp:attachment":[{"href":"https:\/\/www.rarom.ro\/index.php?rest_route=%2Fwp%2Fv2%2Fmedia&parent=296126"}],"curies":[{"name":"wp","href":"https:\/\/api.w.org\/{rel}","templated":true}]}}