{"id":296118,"date":"2023-12-06T11:43:28","date_gmt":"2023-12-06T09:43:28","guid":{"rendered":"https:\/\/www.rarom.ro\/?page_id=296118"},"modified":"2023-12-06T12:21:07","modified_gmt":"2023-12-06T10:21:07","slug":"prezentare","status":"publish","type":"page","link":"https:\/\/www.rarom.ro\/?page_id=296118","title":{"rendered":"Prezentare"},"content":{"rendered":"\n<p><strong>Kia EV5<\/strong><\/p>\n\n\n<div class=\"wp-block-image\">\n<figure class=\"aligncenter size-full\"><a href=\"https:\/\/www.rarom.ro\/wp-content\/uploads\/2023\/12\/Prezentare-mare.jpeg\"><img loading=\"lazy\" decoding=\"async\" width=\"730\" height=\"450\" src=\"https:\/\/www.rarom.ro\/wp-content\/uploads\/2023\/12\/Prezentare-mare.jpeg\" alt=\"\" class=\"wp-image-296119\" srcset=\"https:\/\/www.rarom.ro\/wp-content\/uploads\/2023\/12\/Prezentare-mare.jpeg 730w, https:\/\/www.rarom.ro\/wp-content\/uploads\/2023\/12\/Prezentare-mare-300x185.jpeg 300w\" sizes=\"auto, (max-width: 730px) 100vw, 730px\" \/><\/a><\/figure><\/div>\n\n\n<div style=\"height:30px\" aria-hidden=\"true\" class=\"wp-block-spacer\"><\/div>\n\n\n\n<div class=\"wp-block-columns is-layout-flex wp-container-core-columns-is-layout-9d6595d7 wp-block-columns-is-layout-flex\">\n<div class=\"wp-block-column is-layout-flow wp-block-column-is-layout-flow\" style=\"flex-basis:66.66%\">\n<p>Kia a prezentat \u00een detaliu modelul EV5, un SUV electric care concureaz\u0103 cu Volkswagen ID.4 \u0219i Peugeot e-5008. Robuste\u021bea, modernitatea \u0219i caracterul practic definesc designul s\u0103u. Produc\u0103torul coreean anun\u021b\u0103 o autonomie de p\u00e2n\u0103 la 550 km pentru EV5, care va fi lansat \u00een Europa \u00een 2024. [\u2026]<\/p>\n<\/div>\n\n\n\n<div class=\"wp-block-column is-layout-flow wp-block-column-is-layout-flow\" style=\"flex-basis:33.33%\">\n<figure class=\"wp-block-image size-full\"><a href=\"https:\/\/www.rarom.ro\/wp-content\/uploads\/2023\/12\/Prezentare-pagini.jpg\"><img loading=\"lazy\" decoding=\"async\" width=\"250\" height=\"165\" src=\"https:\/\/www.rarom.ro\/wp-content\/uploads\/2023\/12\/Prezentare-pagini.jpg\" alt=\"\" class=\"wp-image-296121\"\/><\/a><\/figure>\n<\/div>\n<\/div>\n","protected":false},"excerpt":{"rendered":"<p>Kia EV5 Kia a prezentat \u00een detaliu modelul EV5, un SUV electric care concureaz\u0103 cu Volkswagen ID.4 \u0219i Peugeot e-5008. Robuste\u021bea, modernitatea \u0219i caracterul practic definesc designul s\u0103u. Produc\u0103torul coreean anun\u021b\u0103 o autonomie de p\u00e2n\u0103 la 550 km pentru EV5, care va fi lansat \u00een Europa \u00een 2024. [\u2026]<\/p>\n","protected":false},"author":3,"featured_media":0,"parent":296050,"menu_order":2,"comment_status":"closed","ping_status":"closed","template":"","meta":{"_acf_changed":false,"footnotes":""},"class_list":["post-296118","page","type-page","status-publish","hentry"],"acf":[],"_links":{"self":[{"href":"https:\/\/www.rarom.ro\/index.php?rest_route=\/wp\/v2\/pages\/296118","targetHints":{"allow":["GET"]}}],"collection":[{"href":"https:\/\/www.rarom.ro\/index.php?rest_route=\/wp\/v2\/pages"}],"about":[{"href":"https:\/\/www.rarom.ro\/index.php?rest_route=\/wp\/v2\/types\/page"}],"author":[{"embeddable":true,"href":"https:\/\/www.rarom.ro\/index.php?rest_route=\/wp\/v2\/users\/3"}],"replies":[{"embeddable":true,"href":"https:\/\/www.rarom.ro\/index.php?rest_route=%2Fwp%2Fv2%2Fcomments&post=296118"}],"version-history":[{"count":3,"href":"https:\/\/www.rarom.ro\/index.php?rest_route=\/wp\/v2\/pages\/296118\/revisions"}],"predecessor-version":[{"id":296125,"href":"https:\/\/www.rarom.ro\/index.php?rest_route=\/wp\/v2\/pages\/296118\/revisions\/296125"}],"up":[{"embeddable":true,"href":"https:\/\/www.rarom.ro\/index.php?rest_route=\/wp\/v2\/pages\/296050"}],"wp:attachment":[{"href":"https:\/\/www.rarom.ro\/index.php?rest_route=%2Fwp%2Fv2%2Fmedia&parent=296118"}],"curies":[{"name":"wp","href":"https:\/\/api.w.org\/{rel}","templated":true}]}}