{"id":296102,"date":"2023-12-06T11:36:14","date_gmt":"2023-12-06T09:36:14","guid":{"rendered":"https:\/\/www.rarom.ro\/?page_id=296102"},"modified":"2023-12-06T12:24:14","modified_gmt":"2023-12-06T10:24:14","slug":"renault-clio-e-tech","status":"publish","type":"page","link":"https:\/\/www.rarom.ro\/?page_id=296102","title":{"rendered":"Renault Clio E-Tech"},"content":{"rendered":"\n<p><strong>Test: Renault Clio E-Tech<\/strong><\/p>\n\n\n<div class=\"wp-block-image\">\n<figure class=\"aligncenter size-full\"><a href=\"https:\/\/www.rarom.ro\/wp-content\/uploads\/2023\/12\/Test-Renault-mare.jpg\"><img loading=\"lazy\" decoding=\"async\" width=\"730\" height=\"450\" src=\"https:\/\/www.rarom.ro\/wp-content\/uploads\/2023\/12\/Test-Renault-mare.jpg\" alt=\"\" class=\"wp-image-296103\" srcset=\"https:\/\/www.rarom.ro\/wp-content\/uploads\/2023\/12\/Test-Renault-mare.jpg 730w, https:\/\/www.rarom.ro\/wp-content\/uploads\/2023\/12\/Test-Renault-mare-300x185.jpg 300w\" sizes=\"auto, (max-width: 730px) 100vw, 730px\" \/><\/a><\/figure><\/div>\n\n\n<div style=\"height:30px\" aria-hidden=\"true\" class=\"wp-block-spacer\"><\/div>\n\n\n\n<div class=\"wp-block-columns is-layout-flex wp-container-core-columns-is-layout-9d6595d7 wp-block-columns-is-layout-flex\">\n<div class=\"wp-block-column is-layout-flow wp-block-column-is-layout-flow\" style=\"flex-basis:66.66%\">\n<p>Revizia modelului veteran Renault Clio este una complet\u0103, marcat\u0103 de o aten\u021bie ampl\u0103 acordat\u0103 tehnologiei \u0219i detaliilor. O demonstreaz\u0103 conving\u0103tor varianta de echipare, Esprit Alpine E-Tech full hibrid, capabil\u0103 s\u0103 se deplaseze voluntar sau la cerere doar cu propulsie electric\u0103. [\u2026]<\/p>\n<\/div>\n\n\n\n<div class=\"wp-block-column is-layout-flow wp-block-column-is-layout-flow\" style=\"flex-basis:33.33%\">\n<figure class=\"wp-block-image size-full\"><a href=\"https:\/\/www.rarom.ro\/wp-content\/uploads\/2023\/12\/Test-Renault-pagini.jpg\"><img loading=\"lazy\" decoding=\"async\" width=\"250\" height=\"165\" src=\"https:\/\/www.rarom.ro\/wp-content\/uploads\/2023\/12\/Test-Renault-pagini.jpg\" alt=\"\" class=\"wp-image-296105\"\/><\/a><\/figure>\n<\/div>\n<\/div>\n","protected":false},"excerpt":{"rendered":"<p>Test: Renault Clio E-Tech Revizia modelului veteran Renault Clio este una complet\u0103, marcat\u0103 de o aten\u021bie ampl\u0103 acordat\u0103 tehnologiei \u0219i detaliilor. O demonstreaz\u0103 conving\u0103tor varianta de echipare, Esprit Alpine E-Tech full hibrid, capabil\u0103 s\u0103 se deplaseze voluntar sau la cerere doar cu propulsie electric\u0103. [\u2026]<\/p>\n","protected":false},"author":3,"featured_media":0,"parent":296056,"menu_order":6,"comment_status":"closed","ping_status":"closed","template":"","meta":{"_acf_changed":false,"footnotes":""},"class_list":["post-296102","page","type-page","status-publish","hentry"],"acf":[],"_links":{"self":[{"href":"https:\/\/www.rarom.ro\/index.php?rest_route=\/wp\/v2\/pages\/296102","targetHints":{"allow":["GET"]}}],"collection":[{"href":"https:\/\/www.rarom.ro\/index.php?rest_route=\/wp\/v2\/pages"}],"about":[{"href":"https:\/\/www.rarom.ro\/index.php?rest_route=\/wp\/v2\/types\/page"}],"author":[{"embeddable":true,"href":"https:\/\/www.rarom.ro\/index.php?rest_route=\/wp\/v2\/users\/3"}],"replies":[{"embeddable":true,"href":"https:\/\/www.rarom.ro\/index.php?rest_route=%2Fwp%2Fv2%2Fcomments&post=296102"}],"version-history":[{"count":3,"href":"https:\/\/www.rarom.ro\/index.php?rest_route=\/wp\/v2\/pages\/296102\/revisions"}],"predecessor-version":[{"id":296109,"href":"https:\/\/www.rarom.ro\/index.php?rest_route=\/wp\/v2\/pages\/296102\/revisions\/296109"}],"up":[{"embeddable":true,"href":"https:\/\/www.rarom.ro\/index.php?rest_route=\/wp\/v2\/pages\/296056"}],"wp:attachment":[{"href":"https:\/\/www.rarom.ro\/index.php?rest_route=%2Fwp%2Fv2%2Fmedia&parent=296102"}],"curies":[{"name":"wp","href":"https:\/\/api.w.org\/{rel}","templated":true}]}}