{"id":295915,"date":"2023-11-01T12:01:50","date_gmt":"2023-11-01T10:01:50","guid":{"rendered":"https:\/\/www.rarom.ro\/?page_id=295915"},"modified":"2023-11-01T12:02:42","modified_gmt":"2023-11-01T10:02:42","slug":"draga-mea-masina","status":"publish","type":"page","link":"https:\/\/www.rarom.ro\/?page_id=295915","title":{"rendered":"Draga mea ma\u0219in\u0103"},"content":{"rendered":"\n<p><strong>Jeep Willys<\/strong><\/p>\n\n\n<div class=\"wp-block-image\">\n<figure class=\"aligncenter size-full\"><a href=\"https:\/\/www.rarom.ro\/wp-content\/uploads\/2023\/11\/Draga-mea-mare.jpg\"><img loading=\"lazy\" decoding=\"async\" width=\"730\" height=\"450\" src=\"https:\/\/www.rarom.ro\/wp-content\/uploads\/2023\/11\/Draga-mea-mare.jpg\" alt=\"\" class=\"wp-image-295916\" srcset=\"https:\/\/www.rarom.ro\/wp-content\/uploads\/2023\/11\/Draga-mea-mare.jpg 730w, https:\/\/www.rarom.ro\/wp-content\/uploads\/2023\/11\/Draga-mea-mare-300x185.jpg 300w\" sizes=\"auto, (max-width: 730px) 100vw, 730px\" \/><\/a><\/figure><\/div>\n\n\n<div style=\"height:30px\" aria-hidden=\"true\" class=\"wp-block-spacer\"><\/div>\n\n\n\n<div class=\"wp-block-columns is-layout-flex wp-container-core-columns-is-layout-9d6595d7 wp-block-columns-is-layout-flex\">\n<div class=\"wp-block-column is-layout-flow wp-block-column-is-layout-flow\" style=\"flex-basis:66.66%\">\n<p>Dacia tat\u0103lui, tirul condus de un unchi \u0219i pasiunea unor prieteni pentru ma\u0219ini istorice l-au determinat pe Ovidiu Biban s\u0103 \u00eenceap\u0103 aceast\u0103 aventur\u0103. \u0218i-a dorit un Suzuki Samurai, dar p\u00e2n\u0103 la urm\u0103 a ajuns la Jeep Willys, fabricat \u00een anul 1953. \u0218i nu regret\u0103 deloc. Chiar dac\u0103 repara\u021biile au durat aproape doi ani! [\u2026]<\/p>\n<\/div>\n\n\n\n<div class=\"wp-block-column is-layout-flow wp-block-column-is-layout-flow\" style=\"flex-basis:33.33%\">\n<figure class=\"wp-block-image size-full\"><a href=\"https:\/\/www.rarom.ro\/wp-content\/uploads\/2023\/11\/Draga-mea-pagini.jpg\"><img loading=\"lazy\" decoding=\"async\" width=\"250\" height=\"165\" src=\"https:\/\/www.rarom.ro\/wp-content\/uploads\/2023\/11\/Draga-mea-pagini.jpg\" alt=\"\" class=\"wp-image-295918\"\/><\/a><\/figure>\n<\/div>\n<\/div>\n","protected":false},"excerpt":{"rendered":"<p>Jeep Willys Dacia tat\u0103lui, tirul condus de un unchi \u0219i pasiunea unor prieteni pentru ma\u0219ini istorice l-au determinat pe Ovidiu Biban s\u0103 \u00eenceap\u0103 aceast\u0103 aventur\u0103. \u0218i-a dorit un Suzuki Samurai, dar p\u00e2n\u0103 la urm\u0103 a ajuns la Jeep Willys, fabricat \u00een anul 1953. \u0218i nu regret\u0103 deloc. Chiar dac\u0103 repara\u021biile au durat aproape doi ani! [&hellip;]<\/p>\n","protected":false},"author":3,"featured_media":0,"parent":295832,"menu_order":5,"comment_status":"closed","ping_status":"closed","template":"","meta":{"_acf_changed":false,"footnotes":""},"class_list":["post-295915","page","type-page","status-publish","hentry"],"acf":[],"_links":{"self":[{"href":"https:\/\/www.rarom.ro\/index.php?rest_route=\/wp\/v2\/pages\/295915","targetHints":{"allow":["GET"]}}],"collection":[{"href":"https:\/\/www.rarom.ro\/index.php?rest_route=\/wp\/v2\/pages"}],"about":[{"href":"https:\/\/www.rarom.ro\/index.php?rest_route=\/wp\/v2\/types\/page"}],"author":[{"embeddable":true,"href":"https:\/\/www.rarom.ro\/index.php?rest_route=\/wp\/v2\/users\/3"}],"replies":[{"embeddable":true,"href":"https:\/\/www.rarom.ro\/index.php?rest_route=%2Fwp%2Fv2%2Fcomments&post=295915"}],"version-history":[{"count":5,"href":"https:\/\/www.rarom.ro\/index.php?rest_route=\/wp\/v2\/pages\/295915\/revisions"}],"predecessor-version":[{"id":295924,"href":"https:\/\/www.rarom.ro\/index.php?rest_route=\/wp\/v2\/pages\/295915\/revisions\/295924"}],"up":[{"embeddable":true,"href":"https:\/\/www.rarom.ro\/index.php?rest_route=\/wp\/v2\/pages\/295832"}],"wp:attachment":[{"href":"https:\/\/www.rarom.ro\/index.php?rest_route=%2Fwp%2Fv2%2Fmedia&parent=295915"}],"curies":[{"name":"wp","href":"https:\/\/api.w.org\/{rel}","templated":true}]}}