{"id":295900,"date":"2023-11-01T11:55:44","date_gmt":"2023-11-01T09:55:44","guid":{"rendered":"https:\/\/www.rarom.ro\/?page_id=295900"},"modified":"2023-11-01T12:08:11","modified_gmt":"2023-11-01T10:08:11","slug":"interviu","status":"publish","type":"page","link":"https:\/\/www.rarom.ro\/?page_id=295900","title":{"rendered":"Interviu"},"content":{"rendered":"\n<p><strong>Prof. Univ. Dr. Ing. Radu Chiriac<\/strong><\/p>\n\n\n<div class=\"wp-block-image\">\n<figure class=\"aligncenter size-full\"><a href=\"https:\/\/www.rarom.ro\/wp-content\/uploads\/2023\/11\/Interviu-mare.jpg\"><img loading=\"lazy\" decoding=\"async\" width=\"730\" height=\"450\" src=\"https:\/\/www.rarom.ro\/wp-content\/uploads\/2023\/11\/Interviu-mare.jpg\" alt=\"\" class=\"wp-image-295901\" srcset=\"https:\/\/www.rarom.ro\/wp-content\/uploads\/2023\/11\/Interviu-mare.jpg 730w, https:\/\/www.rarom.ro\/wp-content\/uploads\/2023\/11\/Interviu-mare-300x185.jpg 300w\" sizes=\"auto, (max-width: 730px) 100vw, 730px\" \/><\/a><\/figure><\/div>\n\n\n<div style=\"height:30px\" aria-hidden=\"true\" class=\"wp-block-spacer\"><\/div>\n\n\n\n<div class=\"wp-block-columns is-layout-flex wp-container-core-columns-is-layout-9d6595d7 wp-block-columns-is-layout-flex\">\n<div class=\"wp-block-column is-layout-flow wp-block-column-is-layout-flow\" style=\"flex-basis:66.66%\">\n<p>\u201e\u0218urub\u0103ritul\u201d i-a pl\u0103cut \u00eenc\u0103 din copil\u0103rie, iar dup\u0103 ce a v\u0103zut prima oar\u0103 un laborator de motoare a realizat c\u0103 acesta este domeniul \u00een care dore\u0219te s\u0103 activeze. A terminat facultatea \u00een anul 1982, iar anul viitor se \u00eemplinesc patru decenii de c\u00e2nd profesorul Radu Chiriac \u0219i-a \u00eenceput activitatea la catedr\u0103. Au fost ani care au trecut rapid, pentru c\u0103 a\u0219a se \u00eent\u00e2mpl\u0103 c\u00e2nd ai pasiune \u0219i crezi \u00een ceea ce faci. [\u2026]<\/p>\n<\/div>\n\n\n\n<div class=\"wp-block-column is-layout-flow wp-block-column-is-layout-flow\" style=\"flex-basis:33.33%\">\n<figure class=\"wp-block-image size-full\"><a href=\"https:\/\/www.rarom.ro\/wp-content\/uploads\/2023\/11\/Interviu-pagini.jpg\"><img loading=\"lazy\" decoding=\"async\" width=\"250\" height=\"165\" src=\"https:\/\/www.rarom.ro\/wp-content\/uploads\/2023\/11\/Interviu-pagini.jpg\" alt=\"\" class=\"wp-image-295903\"\/><\/a><\/figure>\n<\/div>\n<\/div>\n","protected":false},"excerpt":{"rendered":"<p>Prof. Univ. Dr. Ing. Radu Chiriac \u201e\u0218urub\u0103ritul\u201d i-a pl\u0103cut \u00eenc\u0103 din copil\u0103rie, iar dup\u0103 ce a v\u0103zut prima oar\u0103 un laborator de motoare a realizat c\u0103 acesta este domeniul \u00een care dore\u0219te s\u0103 activeze. A terminat facultatea \u00een anul 1982, iar anul viitor se \u00eemplinesc patru decenii de c\u00e2nd profesorul Radu Chiriac \u0219i-a \u00eenceput activitatea [&hellip;]<\/p>\n","protected":false},"author":3,"featured_media":0,"parent":295832,"menu_order":3,"comment_status":"closed","ping_status":"closed","template":"","meta":{"_acf_changed":false,"footnotes":""},"class_list":["post-295900","page","type-page","status-publish","hentry"],"acf":[],"_links":{"self":[{"href":"https:\/\/www.rarom.ro\/index.php?rest_route=\/wp\/v2\/pages\/295900","targetHints":{"allow":["GET"]}}],"collection":[{"href":"https:\/\/www.rarom.ro\/index.php?rest_route=\/wp\/v2\/pages"}],"about":[{"href":"https:\/\/www.rarom.ro\/index.php?rest_route=\/wp\/v2\/types\/page"}],"author":[{"embeddable":true,"href":"https:\/\/www.rarom.ro\/index.php?rest_route=\/wp\/v2\/users\/3"}],"replies":[{"embeddable":true,"href":"https:\/\/www.rarom.ro\/index.php?rest_route=%2Fwp%2Fv2%2Fcomments&post=295900"}],"version-history":[{"count":2,"href":"https:\/\/www.rarom.ro\/index.php?rest_route=\/wp\/v2\/pages\/295900\/revisions"}],"predecessor-version":[{"id":295906,"href":"https:\/\/www.rarom.ro\/index.php?rest_route=\/wp\/v2\/pages\/295900\/revisions\/295906"}],"up":[{"embeddable":true,"href":"https:\/\/www.rarom.ro\/index.php?rest_route=\/wp\/v2\/pages\/295832"}],"wp:attachment":[{"href":"https:\/\/www.rarom.ro\/index.php?rest_route=%2Fwp%2Fv2%2Fmedia&parent=295900"}],"curies":[{"name":"wp","href":"https:\/\/api.w.org\/{rel}","templated":true}]}}