{"id":295893,"date":"2023-11-01T11:52:54","date_gmt":"2023-11-01T09:52:54","guid":{"rendered":"https:\/\/www.rarom.ro\/?page_id=295893"},"modified":"2023-11-01T12:08:01","modified_gmt":"2023-11-01T10:08:01","slug":"eveniment","status":"publish","type":"page","link":"https:\/\/www.rarom.ro\/?page_id=295893","title":{"rendered":"Eveniment"},"content":{"rendered":"\n<p><strong>Salonul Auto Bucure\u0219ti &amp; Accesorii<\/strong><\/p>\n\n\n<div class=\"wp-block-image\">\n<figure class=\"aligncenter size-full\"><a href=\"https:\/\/www.rarom.ro\/wp-content\/uploads\/2023\/11\/Eveniment-mare.jpg\"><img loading=\"lazy\" decoding=\"async\" width=\"730\" height=\"450\" src=\"https:\/\/www.rarom.ro\/wp-content\/uploads\/2023\/11\/Eveniment-mare.jpg\" alt=\"\" class=\"wp-image-295894\" srcset=\"https:\/\/www.rarom.ro\/wp-content\/uploads\/2023\/11\/Eveniment-mare.jpg 730w, https:\/\/www.rarom.ro\/wp-content\/uploads\/2023\/11\/Eveniment-mare-300x185.jpg 300w\" sizes=\"auto, (max-width: 730px) 100vw, 730px\" \/><\/a><\/figure><\/div>\n\n\n<div style=\"height:30px\" aria-hidden=\"true\" class=\"wp-block-spacer\"><\/div>\n\n\n\n<div class=\"wp-block-columns is-layout-flex wp-container-core-columns-is-layout-9d6595d7 wp-block-columns-is-layout-flex\">\n<div class=\"wp-block-column is-layout-flow wp-block-column-is-layout-flow\" style=\"flex-basis:66.66%\">\n<p>Salonul Auto Bucure\u0219ti &amp; Accesorii 2023 s-a desf\u0103\u0219urat \u00een perioada 10-15 octombrie, la Romexpo. A 20-a edi\u021bie a avut parte de o schimbare major\u0103 deoarece fanii din acest an au avut la dispozi\u021bie doar \u0219ase zile \u00een care s\u0103 se delecteze cu nout\u0103\u021bile din domeniu. Iar programul a fost alert \u0219i a oferit multe momente captivante, \u00eentr-un spa\u021biu unde vizitatorii au putut admira sute de branduri, dar s-au \u0219i delectat cu bucate preparate la fa\u021ba locului. [\u2026]<\/p>\n<\/div>\n\n\n\n<div class=\"wp-block-column is-layout-flow wp-block-column-is-layout-flow\" style=\"flex-basis:33.33%\">\n<figure class=\"wp-block-image size-full\"><a href=\"https:\/\/www.rarom.ro\/wp-content\/uploads\/2023\/11\/Eveniment-pagini.jpg\"><img loading=\"lazy\" decoding=\"async\" width=\"250\" height=\"165\" src=\"https:\/\/www.rarom.ro\/wp-content\/uploads\/2023\/11\/Eveniment-pagini.jpg\" alt=\"\" class=\"wp-image-295896\"\/><\/a><\/figure>\n<\/div>\n<\/div>\n","protected":false},"excerpt":{"rendered":"<p>Salonul Auto Bucure\u0219ti &amp; Accesorii Salonul Auto Bucure\u0219ti &amp; Accesorii 2023 s-a desf\u0103\u0219urat \u00een perioada 10-15 octombrie, la Romexpo. A 20-a edi\u021bie a avut parte de o schimbare major\u0103 deoarece fanii din acest an au avut la dispozi\u021bie doar \u0219ase zile \u00een care s\u0103 se delecteze cu nout\u0103\u021bile din domeniu. Iar programul a fost alert [&hellip;]<\/p>\n","protected":false},"author":3,"featured_media":0,"parent":295832,"menu_order":2,"comment_status":"closed","ping_status":"closed","template":"","meta":{"_acf_changed":false,"footnotes":""},"class_list":["post-295893","page","type-page","status-publish","hentry"],"acf":[],"_links":{"self":[{"href":"https:\/\/www.rarom.ro\/index.php?rest_route=\/wp\/v2\/pages\/295893","targetHints":{"allow":["GET"]}}],"collection":[{"href":"https:\/\/www.rarom.ro\/index.php?rest_route=\/wp\/v2\/pages"}],"about":[{"href":"https:\/\/www.rarom.ro\/index.php?rest_route=\/wp\/v2\/types\/page"}],"author":[{"embeddable":true,"href":"https:\/\/www.rarom.ro\/index.php?rest_route=\/wp\/v2\/users\/3"}],"replies":[{"embeddable":true,"href":"https:\/\/www.rarom.ro\/index.php?rest_route=%2Fwp%2Fv2%2Fcomments&post=295893"}],"version-history":[{"count":2,"href":"https:\/\/www.rarom.ro\/index.php?rest_route=\/wp\/v2\/pages\/295893\/revisions"}],"predecessor-version":[{"id":295899,"href":"https:\/\/www.rarom.ro\/index.php?rest_route=\/wp\/v2\/pages\/295893\/revisions\/295899"}],"up":[{"embeddable":true,"href":"https:\/\/www.rarom.ro\/index.php?rest_route=\/wp\/v2\/pages\/295832"}],"wp:attachment":[{"href":"https:\/\/www.rarom.ro\/index.php?rest_route=%2Fwp%2Fv2%2Fmedia&parent=295893"}],"curies":[{"name":"wp","href":"https:\/\/api.w.org\/{rel}","templated":true}]}}