{"id":295867,"date":"2023-11-01T11:38:49","date_gmt":"2023-11-01T09:38:49","guid":{"rendered":"https:\/\/www.rarom.ro\/?page_id=295867"},"modified":"2023-11-01T11:43:25","modified_gmt":"2023-11-01T09:43:25","slug":"mitsubishi-colt-1-6-hybrid","status":"publish","type":"page","link":"https:\/\/www.rarom.ro\/?page_id=295867","title":{"rendered":"Mitsubishi Colt 1.6 Hybrid"},"content":{"rendered":"\n<p><strong>Test: Mitsubishi Colt 1.6 Hybrid<\/strong><\/p>\n\n\n<div class=\"wp-block-image\">\n<figure class=\"aligncenter size-full\"><a href=\"https:\/\/www.rarom.ro\/wp-content\/uploads\/2023\/11\/Test-Mitsubishi-mare.jpg\"><img loading=\"lazy\" decoding=\"async\" width=\"730\" height=\"450\" src=\"https:\/\/www.rarom.ro\/wp-content\/uploads\/2023\/11\/Test-Mitsubishi-mare.jpg\" alt=\"\" class=\"wp-image-295868\" srcset=\"https:\/\/www.rarom.ro\/wp-content\/uploads\/2023\/11\/Test-Mitsubishi-mare.jpg 730w, https:\/\/www.rarom.ro\/wp-content\/uploads\/2023\/11\/Test-Mitsubishi-mare-300x185.jpg 300w\" sizes=\"auto, (max-width: 730px) 100vw, 730px\" \/><\/a><\/figure><\/div>\n\n\n<div style=\"height:30px\" aria-hidden=\"true\" class=\"wp-block-spacer\"><\/div>\n\n\n\n<div class=\"wp-block-columns is-layout-flex wp-container-core-columns-is-layout-9d6595d7 wp-block-columns-is-layout-flex\">\n<div class=\"wp-block-column is-layout-flow wp-block-column-is-layout-flow\" style=\"flex-basis:66.66%\">\n<p>Mitsubishi profit\u0103 la maxim de alian\u021ba cu Renault \u0219i lanseaz\u0103 al doilea model european bazat pe unul francez. Noul Mitsubishi Colt este frate geam\u0103n cu Renault Clio facelift, cu care \u00eemparte \u0219i motoriz\u0103rile. Inclusiv varianta hibrid. [\u2026]<\/p>\n<\/div>\n\n\n\n<div class=\"wp-block-column is-layout-flow wp-block-column-is-layout-flow\" style=\"flex-basis:33.33%\">\n<figure class=\"wp-block-image size-full\"><a href=\"https:\/\/www.rarom.ro\/wp-content\/uploads\/2023\/11\/Test-Mitsubishi-pagini.jpg\"><img loading=\"lazy\" decoding=\"async\" width=\"250\" height=\"165\" src=\"https:\/\/www.rarom.ro\/wp-content\/uploads\/2023\/11\/Test-Mitsubishi-pagini.jpg\" alt=\"\" class=\"wp-image-295870\"\/><\/a><\/figure>\n<\/div>\n<\/div>\n","protected":false},"excerpt":{"rendered":"<p>Test: Mitsubishi Colt 1.6 Hybrid Mitsubishi profit\u0103 la maxim de alian\u021ba cu Renault \u0219i lanseaz\u0103 al doilea model european bazat pe unul francez. Noul Mitsubishi Colt este frate geam\u0103n cu Renault Clio facelift, cu care \u00eemparte \u0219i motoriz\u0103rile. Inclusiv varianta hibrid. [\u2026]<\/p>\n","protected":false},"author":3,"featured_media":0,"parent":295836,"menu_order":4,"comment_status":"closed","ping_status":"closed","template":"","meta":{"_acf_changed":false,"footnotes":""},"class_list":["post-295867","page","type-page","status-publish","hentry"],"acf":[],"_links":{"self":[{"href":"https:\/\/www.rarom.ro\/index.php?rest_route=\/wp\/v2\/pages\/295867","targetHints":{"allow":["GET"]}}],"collection":[{"href":"https:\/\/www.rarom.ro\/index.php?rest_route=\/wp\/v2\/pages"}],"about":[{"href":"https:\/\/www.rarom.ro\/index.php?rest_route=\/wp\/v2\/types\/page"}],"author":[{"embeddable":true,"href":"https:\/\/www.rarom.ro\/index.php?rest_route=\/wp\/v2\/users\/3"}],"replies":[{"embeddable":true,"href":"https:\/\/www.rarom.ro\/index.php?rest_route=%2Fwp%2Fv2%2Fcomments&post=295867"}],"version-history":[{"count":3,"href":"https:\/\/www.rarom.ro\/index.php?rest_route=\/wp\/v2\/pages\/295867\/revisions"}],"predecessor-version":[{"id":295874,"href":"https:\/\/www.rarom.ro\/index.php?rest_route=\/wp\/v2\/pages\/295867\/revisions\/295874"}],"up":[{"embeddable":true,"href":"https:\/\/www.rarom.ro\/index.php?rest_route=\/wp\/v2\/pages\/295836"}],"wp:attachment":[{"href":"https:\/\/www.rarom.ro\/index.php?rest_route=%2Fwp%2Fv2%2Fmedia&parent=295867"}],"curies":[{"name":"wp","href":"https:\/\/api.w.org\/{rel}","templated":true}]}}