{"id":295841,"date":"2023-11-01T11:29:37","date_gmt":"2023-11-01T09:29:37","guid":{"rendered":"https:\/\/www.rarom.ro\/?page_id=295841"},"modified":"2023-11-01T11:44:17","modified_gmt":"2023-11-01T09:44:17","slug":"nissan-x-trail-e-power-e-4orce","status":"publish","type":"page","link":"https:\/\/www.rarom.ro\/?page_id=295841","title":{"rendered":"Nissan X-Trail e-Power e-4ORCE"},"content":{"rendered":"\n<p><strong>Test: Nissan X-Trail e-Power e-4ORCE<\/strong><\/p>\n\n\n<div class=\"wp-block-image\">\n<figure class=\"aligncenter size-full\"><a href=\"https:\/\/www.rarom.ro\/wp-content\/uploads\/2023\/11\/Test-Nissan-mare.jpg\"><img loading=\"lazy\" decoding=\"async\" width=\"730\" height=\"450\" src=\"https:\/\/www.rarom.ro\/wp-content\/uploads\/2023\/11\/Test-Nissan-mare.jpg\" alt=\"\" class=\"wp-image-295844\" srcset=\"https:\/\/www.rarom.ro\/wp-content\/uploads\/2023\/11\/Test-Nissan-mare.jpg 730w, https:\/\/www.rarom.ro\/wp-content\/uploads\/2023\/11\/Test-Nissan-mare-300x185.jpg 300w\" sizes=\"auto, (max-width: 730px) 100vw, 730px\" \/><\/a><\/figure><\/div>\n\n\n<div style=\"height:30px\" aria-hidden=\"true\" class=\"wp-block-spacer\"><\/div>\n\n\n\n<div class=\"wp-block-columns is-layout-flex wp-container-core-columns-is-layout-9d6595d7 wp-block-columns-is-layout-flex\">\n<div class=\"wp-block-column is-layout-flow wp-block-column-is-layout-flow\" style=\"flex-basis:66.66%\">\n<p>Dup\u0103 Nissan Qashqai m\u0103 re\u00eent\u00e2lnesc cu tehnologia e-Power pe mai marele \u015fi puternicul X-Trail. De data asta \u00een varianta cu trac\u0163iune integral\u0103, e-4ORCE, \u015fapte locuri \u015fi 211 CP.. [\u2026]<\/p>\n<\/div>\n\n\n\n<div class=\"wp-block-column is-layout-flow wp-block-column-is-layout-flow\" style=\"flex-basis:33.33%\">\n<figure class=\"wp-block-image size-full\"><a href=\"https:\/\/www.rarom.ro\/wp-content\/uploads\/2023\/11\/Test-Nissan-pagini.jpg\"><img loading=\"lazy\" decoding=\"async\" width=\"250\" height=\"165\" src=\"https:\/\/www.rarom.ro\/wp-content\/uploads\/2023\/11\/Test-Nissan-pagini.jpg\" alt=\"\" class=\"wp-image-295847\"\/><\/a><\/figure>\n<\/div>\n<\/div>\n","protected":false},"excerpt":{"rendered":"<p>Test: Nissan X-Trail e-Power e-4ORCE Dup\u0103 Nissan Qashqai m\u0103 re\u00eent\u00e2lnesc cu tehnologia e-Power pe mai marele \u015fi puternicul X-Trail. De data asta \u00een varianta cu trac\u0163iune integral\u0103, e-4ORCE, \u015fapte locuri \u015fi 211 CP.. [\u2026]<\/p>\n","protected":false},"author":3,"featured_media":0,"parent":295836,"menu_order":1,"comment_status":"closed","ping_status":"closed","template":"","meta":{"_acf_changed":false,"footnotes":""},"class_list":["post-295841","page","type-page","status-publish","hentry"],"acf":[],"_links":{"self":[{"href":"https:\/\/www.rarom.ro\/index.php?rest_route=\/wp\/v2\/pages\/295841","targetHints":{"allow":["GET"]}}],"collection":[{"href":"https:\/\/www.rarom.ro\/index.php?rest_route=\/wp\/v2\/pages"}],"about":[{"href":"https:\/\/www.rarom.ro\/index.php?rest_route=\/wp\/v2\/types\/page"}],"author":[{"embeddable":true,"href":"https:\/\/www.rarom.ro\/index.php?rest_route=\/wp\/v2\/users\/3"}],"replies":[{"embeddable":true,"href":"https:\/\/www.rarom.ro\/index.php?rest_route=%2Fwp%2Fv2%2Fcomments&post=295841"}],"version-history":[{"count":6,"href":"https:\/\/www.rarom.ro\/index.php?rest_route=\/wp\/v2\/pages\/295841\/revisions"}],"predecessor-version":[{"id":295883,"href":"https:\/\/www.rarom.ro\/index.php?rest_route=\/wp\/v2\/pages\/295841\/revisions\/295883"}],"up":[{"embeddable":true,"href":"https:\/\/www.rarom.ro\/index.php?rest_route=\/wp\/v2\/pages\/295836"}],"wp:attachment":[{"href":"https:\/\/www.rarom.ro\/index.php?rest_route=%2Fwp%2Fv2%2Fmedia&parent=295841"}],"curies":[{"name":"wp","href":"https:\/\/api.w.org\/{rel}","templated":true}]}}