{"id":295601,"date":"2023-10-03T09:17:32","date_gmt":"2023-10-03T06:17:32","guid":{"rendered":"https:\/\/www.rarom.ro\/?page_id=295601"},"modified":"2023-10-03T09:18:33","modified_gmt":"2023-10-03T06:18:33","slug":"eveniment","status":"publish","type":"page","link":"https:\/\/www.rarom.ro\/?page_id=295601","title":{"rendered":"Eveniment"},"content":{"rendered":"\n<p><strong>Goodwood Revival 2023<\/strong><\/p>\n\n\n<div class=\"wp-block-image\">\n<figure class=\"aligncenter size-full\"><a href=\"https:\/\/www.rarom.ro\/wp-content\/uploads\/2023\/10\/Eveniment-mare.jpg\"><img loading=\"lazy\" decoding=\"async\" width=\"730\" height=\"450\" src=\"https:\/\/www.rarom.ro\/wp-content\/uploads\/2023\/10\/Eveniment-mare.jpg\" alt=\"\" class=\"wp-image-295602\" srcset=\"https:\/\/www.rarom.ro\/wp-content\/uploads\/2023\/10\/Eveniment-mare.jpg 730w, https:\/\/www.rarom.ro\/wp-content\/uploads\/2023\/10\/Eveniment-mare-300x185.jpg 300w\" sizes=\"auto, (max-width: 730px) 100vw, 730px\" \/><\/a><\/figure><\/div>\n\n\n<div style=\"height:30px\" aria-hidden=\"true\" class=\"wp-block-spacer\"><\/div>\n\n\n\n<div class=\"wp-block-columns is-layout-flex wp-container-core-columns-is-layout-9d6595d7 wp-block-columns-is-layout-flex\">\n<div class=\"wp-block-column is-layout-flow wp-block-column-is-layout-flow\" style=\"flex-basis:66.66%\">\n<p>V-am povestit deja despre Ducele de Richmond \u0219i deja celebrul s\u0103u eveniment Festival of Speed ce are loc \u00een fiecare var\u0103 la Goodwood. Ei bine, \u00een apropiere exist\u0103 \u0219i circuitul istoric Goodwood, locul de na\u0219tere al motorsportului \u00een Regatul Unit. Aici are loc \u00een fiecare an Goodwood Revival, un festival dedicat tradi\u021biei \u0219i sportului cu motor. [\u2026]<\/p>\n<\/div>\n\n\n\n<div class=\"wp-block-column is-layout-flow wp-block-column-is-layout-flow\" style=\"flex-basis:33.33%\">\n<figure class=\"wp-block-image size-full\"><a href=\"https:\/\/www.rarom.ro\/wp-content\/uploads\/2023\/10\/Eveniment-pagini.jpg\"><img loading=\"lazy\" decoding=\"async\" width=\"250\" height=\"165\" src=\"https:\/\/www.rarom.ro\/wp-content\/uploads\/2023\/10\/Eveniment-pagini.jpg\" alt=\"\" class=\"wp-image-295604\"\/><\/a><\/figure>\n<\/div>\n<\/div>\n","protected":false},"excerpt":{"rendered":"<p>Goodwood Revival 2023 V-am povestit deja despre Ducele de Richmond \u0219i deja celebrul s\u0103u eveniment Festival of Speed ce are loc \u00een fiecare var\u0103 la Goodwood. Ei bine, \u00een apropiere exist\u0103 \u0219i circuitul istoric Goodwood, locul de na\u0219tere al motorsportului \u00een Regatul Unit. Aici are loc \u00een fiecare an Goodwood Revival, un festival dedicat tradi\u021biei [&hellip;]<\/p>\n","protected":false},"author":3,"featured_media":0,"parent":295547,"menu_order":4,"comment_status":"closed","ping_status":"closed","template":"","meta":{"_acf_changed":false,"footnotes":""},"class_list":["post-295601","page","type-page","status-publish","hentry"],"acf":[],"_links":{"self":[{"href":"https:\/\/www.rarom.ro\/index.php?rest_route=\/wp\/v2\/pages\/295601","targetHints":{"allow":["GET"]}}],"collection":[{"href":"https:\/\/www.rarom.ro\/index.php?rest_route=\/wp\/v2\/pages"}],"about":[{"href":"https:\/\/www.rarom.ro\/index.php?rest_route=\/wp\/v2\/types\/page"}],"author":[{"embeddable":true,"href":"https:\/\/www.rarom.ro\/index.php?rest_route=\/wp\/v2\/users\/3"}],"replies":[{"embeddable":true,"href":"https:\/\/www.rarom.ro\/index.php?rest_route=%2Fwp%2Fv2%2Fcomments&post=295601"}],"version-history":[{"count":4,"href":"https:\/\/www.rarom.ro\/index.php?rest_route=\/wp\/v2\/pages\/295601\/revisions"}],"predecessor-version":[{"id":295609,"href":"https:\/\/www.rarom.ro\/index.php?rest_route=\/wp\/v2\/pages\/295601\/revisions\/295609"}],"up":[{"embeddable":true,"href":"https:\/\/www.rarom.ro\/index.php?rest_route=\/wp\/v2\/pages\/295547"}],"wp:attachment":[{"href":"https:\/\/www.rarom.ro\/index.php?rest_route=%2Fwp%2Fv2%2Fmedia&parent=295601"}],"curies":[{"name":"wp","href":"https:\/\/api.w.org\/{rel}","templated":true}]}}