{"id":295563,"date":"2023-10-03T08:27:41","date_gmt":"2023-10-03T05:27:41","guid":{"rendered":"https:\/\/www.rarom.ro\/?page_id=295563"},"modified":"2023-10-03T09:56:41","modified_gmt":"2023-10-03T06:56:41","slug":"bmw-x6-m60i","status":"publish","type":"page","link":"https:\/\/www.rarom.ro\/?page_id=295563","title":{"rendered":"BMW X6 M60i"},"content":{"rendered":"\n<p><strong>Test: BMW X6 M60i<\/strong><\/p>\n\n\n<div class=\"wp-block-image\">\n<figure class=\"aligncenter size-full\"><a href=\"https:\/\/www.rarom.ro\/wp-content\/uploads\/2023\/10\/Test-BMW-mare.jpg\"><img loading=\"lazy\" decoding=\"async\" width=\"730\" height=\"450\" src=\"https:\/\/www.rarom.ro\/wp-content\/uploads\/2023\/10\/Test-BMW-mare.jpg\" alt=\"\" class=\"wp-image-295567\" srcset=\"https:\/\/www.rarom.ro\/wp-content\/uploads\/2023\/10\/Test-BMW-mare.jpg 730w, https:\/\/www.rarom.ro\/wp-content\/uploads\/2023\/10\/Test-BMW-mare-300x185.jpg 300w\" sizes=\"auto, (max-width: 730px) 100vw, 730px\" \/><\/a><\/figure><\/div>\n\n\n<div style=\"height:30px\" aria-hidden=\"true\" class=\"wp-block-spacer\"><\/div>\n\n\n\n<div class=\"wp-block-columns is-layout-flex wp-container-core-columns-is-layout-9d6595d7 wp-block-columns-is-layout-flex\">\n<div class=\"wp-block-column is-layout-flow wp-block-column-is-layout-flow\" style=\"flex-basis:66.66%\">\n<p>Noul BMW X6 afi\u015feaz\u0103 o postur\u0103 mai agresiv\u0103 \u015fi multe dot\u0103ri standard interesante care includ litera \u201eM\u201d. A\u015fadar, ultimul model din gama X6 \u00ee\u015fi anun\u0163\u0103 din start predispozi\u0163ia pentru sport sus\u021binut\u0103 de un conglomerat de tehnologii specifice, dublat\u0103 de o preocupare pentru confort cel pu\u0163in la fel de intens\u0103. [\u2026]<\/p>\n<\/div>\n\n\n\n<div class=\"wp-block-column is-layout-flow wp-block-column-is-layout-flow\" style=\"flex-basis:33.33%\">\n<figure class=\"wp-block-image size-full\"><a href=\"https:\/\/www.rarom.ro\/wp-content\/uploads\/2023\/10\/Test-BMW-pagini.jpg\"><img loading=\"lazy\" decoding=\"async\" width=\"250\" height=\"165\" src=\"https:\/\/www.rarom.ro\/wp-content\/uploads\/2023\/10\/Test-BMW-pagini.jpg\" alt=\"\" class=\"wp-image-295570\"\/><\/a><\/figure>\n<\/div>\n<\/div>\n","protected":false},"excerpt":{"rendered":"<p>Test: BMW X6 M60i Noul BMW X6 afi\u015feaz\u0103 o postur\u0103 mai agresiv\u0103 \u015fi multe dot\u0103ri standard interesante care includ litera \u201eM\u201d. A\u015fadar, ultimul model din gama X6 \u00ee\u015fi anun\u0163\u0103 din start predispozi\u0163ia pentru sport sus\u021binut\u0103 de un conglomerat de tehnologii specifice, dublat\u0103 de o preocupare pentru confort cel pu\u0163in la fel de intens\u0103. [\u2026]<\/p>\n","protected":false},"author":3,"featured_media":0,"parent":295551,"menu_order":2,"comment_status":"closed","ping_status":"closed","template":"","meta":{"_acf_changed":false,"footnotes":""},"class_list":["post-295563","page","type-page","status-publish","hentry"],"acf":[],"_links":{"self":[{"href":"https:\/\/www.rarom.ro\/index.php?rest_route=\/wp\/v2\/pages\/295563","targetHints":{"allow":["GET"]}}],"collection":[{"href":"https:\/\/www.rarom.ro\/index.php?rest_route=\/wp\/v2\/pages"}],"about":[{"href":"https:\/\/www.rarom.ro\/index.php?rest_route=\/wp\/v2\/types\/page"}],"author":[{"embeddable":true,"href":"https:\/\/www.rarom.ro\/index.php?rest_route=\/wp\/v2\/users\/3"}],"replies":[{"embeddable":true,"href":"https:\/\/www.rarom.ro\/index.php?rest_route=%2Fwp%2Fv2%2Fcomments&post=295563"}],"version-history":[{"count":4,"href":"https:\/\/www.rarom.ro\/index.php?rest_route=\/wp\/v2\/pages\/295563\/revisions"}],"predecessor-version":[{"id":295572,"href":"https:\/\/www.rarom.ro\/index.php?rest_route=\/wp\/v2\/pages\/295563\/revisions\/295572"}],"up":[{"embeddable":true,"href":"https:\/\/www.rarom.ro\/index.php?rest_route=\/wp\/v2\/pages\/295551"}],"wp:attachment":[{"href":"https:\/\/www.rarom.ro\/index.php?rest_route=%2Fwp%2Fv2%2Fmedia&parent=295563"}],"curies":[{"name":"wp","href":"https:\/\/api.w.org\/{rel}","templated":true}]}}