{"id":295555,"date":"2023-10-03T08:26:39","date_gmt":"2023-10-03T05:26:39","guid":{"rendered":"https:\/\/www.rarom.ro\/?page_id=295555"},"modified":"2023-10-03T09:57:29","modified_gmt":"2023-10-03T06:57:29","slug":"ssangyong-torres","status":"publish","type":"page","link":"https:\/\/www.rarom.ro\/?page_id=295555","title":{"rendered":"SsangYong Torres"},"content":{"rendered":"\n<p><strong>Test: SsangYong Torres<\/strong><\/p>\n\n\n<div class=\"wp-block-image\">\n<figure class=\"aligncenter size-full\"><a href=\"https:\/\/www.rarom.ro\/wp-content\/uploads\/2023\/10\/Test-SsangYong-mare.jpg\"><img loading=\"lazy\" decoding=\"async\" width=\"730\" height=\"450\" src=\"https:\/\/www.rarom.ro\/wp-content\/uploads\/2023\/10\/Test-SsangYong-mare.jpg\" alt=\"\" class=\"wp-image-295556\" srcset=\"https:\/\/www.rarom.ro\/wp-content\/uploads\/2023\/10\/Test-SsangYong-mare.jpg 730w, https:\/\/www.rarom.ro\/wp-content\/uploads\/2023\/10\/Test-SsangYong-mare-300x185.jpg 300w\" sizes=\"auto, (max-width: 730px) 100vw, 730px\" \/><\/a><\/figure><\/div>\n\n\n<div style=\"height:30px\" aria-hidden=\"true\" class=\"wp-block-spacer\"><\/div>\n\n\n\n<div class=\"wp-block-columns is-layout-flex wp-container-core-columns-is-layout-9d6595d7 wp-block-columns-is-layout-flex\">\n<div class=\"wp-block-column is-layout-flow wp-block-column-is-layout-flow\" style=\"flex-basis:66.66%\">\n<p>SsangYong nu are cea mai bun\u0103 imagine de marc\u0103 de pe pia\u021b\u0103, dar ofer\u0103 o gam\u0103 format\u0103 exclusiv din SUV-uri la pre\u021buri accesibile. Cel mai nou venit \u00een aceast\u0103 familie este modelul Torres, cu un design aparte. [\u2026]<\/p>\n<\/div>\n\n\n\n<div class=\"wp-block-column is-layout-flow wp-block-column-is-layout-flow\" style=\"flex-basis:33.33%\">\n<figure class=\"wp-block-image size-full\"><a href=\"https:\/\/www.rarom.ro\/wp-content\/uploads\/2023\/10\/Test-SsangYong-pagini.jpg\"><img loading=\"lazy\" decoding=\"async\" width=\"250\" height=\"165\" src=\"https:\/\/www.rarom.ro\/wp-content\/uploads\/2023\/10\/Test-SsangYong-pagini.jpg\" alt=\"\" class=\"wp-image-295558\"\/><\/a><\/figure>\n<\/div>\n<\/div>\n","protected":false},"excerpt":{"rendered":"<p>Test: SsangYong Torres SsangYong nu are cea mai bun\u0103 imagine de marc\u0103 de pe pia\u021b\u0103, dar ofer\u0103 o gam\u0103 format\u0103 exclusiv din SUV-uri la pre\u021buri accesibile. Cel mai nou venit \u00een aceast\u0103 familie este modelul Torres, cu un design aparte. [\u2026]<\/p>\n","protected":false},"author":3,"featured_media":0,"parent":295551,"menu_order":1,"comment_status":"closed","ping_status":"closed","template":"","meta":{"_acf_changed":false,"footnotes":""},"class_list":["post-295555","page","type-page","status-publish","hentry"],"acf":[],"_links":{"self":[{"href":"https:\/\/www.rarom.ro\/index.php?rest_route=\/wp\/v2\/pages\/295555","targetHints":{"allow":["GET"]}}],"collection":[{"href":"https:\/\/www.rarom.ro\/index.php?rest_route=\/wp\/v2\/pages"}],"about":[{"href":"https:\/\/www.rarom.ro\/index.php?rest_route=\/wp\/v2\/types\/page"}],"author":[{"embeddable":true,"href":"https:\/\/www.rarom.ro\/index.php?rest_route=\/wp\/v2\/users\/3"}],"replies":[{"embeddable":true,"href":"https:\/\/www.rarom.ro\/index.php?rest_route=%2Fwp%2Fv2%2Fcomments&post=295555"}],"version-history":[{"count":3,"href":"https:\/\/www.rarom.ro\/index.php?rest_route=\/wp\/v2\/pages\/295555\/revisions"}],"predecessor-version":[{"id":295562,"href":"https:\/\/www.rarom.ro\/index.php?rest_route=\/wp\/v2\/pages\/295555\/revisions\/295562"}],"up":[{"embeddable":true,"href":"https:\/\/www.rarom.ro\/index.php?rest_route=\/wp\/v2\/pages\/295551"}],"wp:attachment":[{"href":"https:\/\/www.rarom.ro\/index.php?rest_route=%2Fwp%2Fv2%2Fmedia&parent=295555"}],"curies":[{"name":"wp","href":"https:\/\/api.w.org\/{rel}","templated":true}]}}