{"id":295277,"date":"2023-09-05T09:29:51","date_gmt":"2023-09-05T06:29:51","guid":{"rendered":"https:\/\/www.rarom.ro\/?page_id=295277"},"modified":"2023-09-14T16:02:30","modified_gmt":"2023-09-14T13:02:30","slug":"tehno","status":"publish","type":"page","link":"https:\/\/www.rarom.ro\/?page_id=295277","title":{"rendered":"Tehno"},"content":{"rendered":"\n<p>Aston Martin Valor<\/p>\n\n\n<div class=\"wp-block-image\">\n<figure class=\"aligncenter size-full\"><a href=\"https:\/\/www.rarom.ro\/wp-content\/uploads\/2023\/09\/Tehno-mare.jpeg\"><img loading=\"lazy\" decoding=\"async\" width=\"730\" height=\"450\" src=\"https:\/\/www.rarom.ro\/wp-content\/uploads\/2023\/09\/Tehno-mare.jpeg\" alt=\"\" class=\"wp-image-295278\" srcset=\"https:\/\/www.rarom.ro\/wp-content\/uploads\/2023\/09\/Tehno-mare.jpeg 730w, https:\/\/www.rarom.ro\/wp-content\/uploads\/2023\/09\/Tehno-mare-300x185.jpeg 300w\" sizes=\"auto, (max-width: 730px) 100vw, 730px\" \/><\/a><\/figure><\/div>\n\n\n<div style=\"height:30px\" aria-hidden=\"true\" class=\"wp-block-spacer\"><\/div>\n\n\n\n<div class=\"wp-block-columns is-layout-flex wp-container-core-columns-is-layout-9d6595d7 wp-block-columns-is-layout-flex\">\n<div class=\"wp-block-column is-layout-flow wp-block-column-is-layout-flow\" style=\"flex-basis:66.66%\">\n<p>\u201eUltra-exclusivul\u201d model Valour al celor de la Aston Martin reprezint\u0103 cap\u0103tul de linie pentru motoarele V12 din echiparea constructorului englez \u0219i doar 110 unit\u0103\u021bi vor fi produse, adic\u0103 exact v\u00e2rsta pe care o s\u0103rb\u0103tore\u0219te brandul \u00een acest an. [\u2026]<\/p>\n<\/div>\n\n\n\n<div class=\"wp-block-column is-layout-flow wp-block-column-is-layout-flow\" style=\"flex-basis:33.33%\">\n<figure class=\"wp-block-image size-full\"><a href=\"https:\/\/www.rarom.ro\/wp-content\/uploads\/2023\/09\/Tehno-pagini.jpg\"><img loading=\"lazy\" decoding=\"async\" width=\"250\" height=\"165\" src=\"https:\/\/www.rarom.ro\/wp-content\/uploads\/2023\/09\/Tehno-pagini.jpg\" alt=\"\" class=\"wp-image-295280\"\/><\/a><\/figure>\n<\/div>\n<\/div>\n","protected":false},"excerpt":{"rendered":"<p>Aston Martin Valor \u201eUltra-exclusivul\u201d model Valour al celor de la Aston Martin reprezint\u0103 cap\u0103tul de linie pentru motoarele V12 din echiparea constructorului englez \u0219i doar 110 unit\u0103\u021bi vor fi produse, adic\u0103 exact v\u00e2rsta pe care o s\u0103rb\u0103tore\u0219te brandul \u00een acest an. [\u2026]<\/p>\n","protected":false},"author":3,"featured_media":0,"parent":295071,"menu_order":6,"comment_status":"closed","ping_status":"closed","template":"","meta":{"_acf_changed":false,"footnotes":""},"class_list":["post-295277","page","type-page","status-publish","hentry"],"acf":[],"_links":{"self":[{"href":"https:\/\/www.rarom.ro\/index.php?rest_route=\/wp\/v2\/pages\/295277","targetHints":{"allow":["GET"]}}],"collection":[{"href":"https:\/\/www.rarom.ro\/index.php?rest_route=\/wp\/v2\/pages"}],"about":[{"href":"https:\/\/www.rarom.ro\/index.php?rest_route=\/wp\/v2\/types\/page"}],"author":[{"embeddable":true,"href":"https:\/\/www.rarom.ro\/index.php?rest_route=\/wp\/v2\/users\/3"}],"replies":[{"embeddable":true,"href":"https:\/\/www.rarom.ro\/index.php?rest_route=%2Fwp%2Fv2%2Fcomments&post=295277"}],"version-history":[{"count":2,"href":"https:\/\/www.rarom.ro\/index.php?rest_route=\/wp\/v2\/pages\/295277\/revisions"}],"predecessor-version":[{"id":295283,"href":"https:\/\/www.rarom.ro\/index.php?rest_route=\/wp\/v2\/pages\/295277\/revisions\/295283"}],"up":[{"embeddable":true,"href":"https:\/\/www.rarom.ro\/index.php?rest_route=\/wp\/v2\/pages\/295071"}],"wp:attachment":[{"href":"https:\/\/www.rarom.ro\/index.php?rest_route=%2Fwp%2Fv2%2Fmedia&parent=295277"}],"curies":[{"name":"wp","href":"https:\/\/api.w.org\/{rel}","templated":true}]}}